{"id":3258,"date":"2025-03-13T22:30:55","date_gmt":"2025-03-14T01:30:55","guid":{"rendered":"http:\/\/sw-themes.com\/porto_dummy\/?page_id=3258"},"modified":"2025-03-13T23:09:38","modified_gmt":"2025-03-14T02:09:38","slug":"terminos_condiciones","status":"publish","type":"page","link":"https:\/\/brammotors.cl\/es\/terminos_condiciones\/","title":{"rendered":"Terminos y Condiciones"},"content":{"rendered":"<p><\/p><p>Bienvenido a\u00a0<strong>BRAMMOTORS.<\/strong>\u00a0<\/p><p>Estos t\u00e9rminos y condiciones describen las reglas y regulaciones para el uso del sitio web\u00a0<a href=\"https:\/\/www.isayimotorbike.cl\/\">https:\/\/brammotors.cl\/<\/a>\u00a0<\/p><p><strong>Brammotors, nuestra direcci\u00f3n\u00a0tributaria es Santa Luisa 2197, Quilicura, Regi\u00f3n Metropolitana.<\/strong><\/p><p>Al acceder a este sitio web aceptas estos t\u00e9rminos y condiciones en su totalidad. No contin\u00faes usando el sitio web Isayi Motorbike.cl si no aceptas todos los t\u00e9rminos y condiciones establecidos en esta p\u00e1gina.<\/p><p>En este sitio Web podr\u00e1 sin costo, navegar, visitar, comparar y si lo desea; adquirir los bienes o servicios que se exhiben aqu\u00ed.<\/p><p>Todos los t\u00e9rminos se refieren a la oferta, aceptaci\u00f3n y consideraci\u00f3n del pago necesario para efectuar el proceso de nuestra asistencia al Cliente de la manera m\u00e1s adecuada, ya sea mediante reuniones formales de una duraci\u00f3n fija, o por cualquier otro medio, con el prop\u00f3sito expreso de conocer las necesidades del Cliente con respecto a la provisi\u00f3n de los servicios\/productos declarados de la Compa\u00f1\u00eda, de acuerdo con y sujeto a la ley vigente<\/p><p><strong>Cookies<\/strong><\/p><p>Empleamos el uso de cookies. Al utilizar el sitio web de Brammotors, usted acepta el uso de cookies de acuerdo con la pol\u00edtica de privacidad de Brammotors. La mayor\u00eda de los modernos sitios web interactivos de hoy en d\u00eda usan cookies para permitirnos recuperar los detalles del usuario para cada visita.<\/p><p>Las cookies se utilizan en algunas \u00e1reas de nuestro sitio para habilitar la funcionalidad de esta \u00e1rea y la facilidad de uso para las personas que lo visitan. Algunos de nuestros socios afiliados\/publicitarios tambi\u00e9n pueden usar cookies.<\/p><p><strong>Licencia.<\/strong><\/p><p>A menos que se indique lo contrario, Isayi Motorbike Spa y sus licenciatarios les pertenecen los derechos de propiedad intelectual de todo el material en Isayi Motorbike Spa.<\/p><p>Todos los derechos de propiedad intelectual est\u00e1n reservados.&nbsp;<\/p><p>No debes:<\/p><ul class=\"wp-block-list\"><li>Volver a publicar material desde\u00a0<a href=\"https:\/\/www.isayimotorbike.cl\/\">https:\/\/brammotors.cl\/<\/a><\/li>\n\n<li>Vender, alquilar u otorgar una sub-licencia de material desde\u00a0<a href=\"https:\/\/www.isayimotorbike.cl\/\"><\/a><a href=\"https:\/\/www.isayimotorbike.cl\/\">https:\/\/www.<a href=\"https:\/\/www.isayimotorbike.cl\/\">brammotors<\/a>.cl\/<\/a><\/li>\n\n<li>Redistribuir contenido de Isayi Motorbike Spa a menos de que el contenido se haga espec\u00edficamente para la redistribuci\u00f3n.<\/li><\/ul><p><strong>Pol\u00edtica<\/strong><strong>&nbsp;de Precios.<\/strong><\/p><p>Todos los valores est\u00e1n publicados en pesos chilenos (CLP$) y con IVA incluido. Los precios y promociones\u00a0expuestos en\u00a0<a href=\"https:\/\/www.isayimotorbike.cl\/\">https:\/\/www.<a href=\"https:\/\/www.isayimotorbike.cl\/\">brammotors<\/a>.cl\/<\/a>\u00a0podr\u00e1n ser revisados y modificados sin previo aviso.<\/p><p><strong>Aviso legal<\/strong><\/p><p>En la medida m\u00e1xima permitida por la ley aplicable, excluimos todas las representaciones, garant\u00edas y condiciones relacionadas con nuestro sitio web y el uso de este sitio web (incluyendo, sin limitaci\u00f3n, cualquier garant\u00eda impl\u00edcita por la ley con respecto a la calidad satisfactoria, idoneidad para el prop\u00f3sito y\/o el uso de cuidado y habilidad razonables).<\/p><p>Nada en este aviso legal:<\/p><ul class=\"wp-block-list\"><li>Limita o excluye nuestra o su responsabilidad por muerte o lesiones personales resultantes de negligencia.<\/li>\n\n<li>Limita o excluye nuestra o su responsabilidad por fraude.<\/li>\n\n<li>Limita cualquiera de nuestras o sus responsabilidades de cualquier manera que no est\u00e9 permitida por la ley aplicable.<\/li>\n\n<li>Excluye cualquiera de nuestras o sus responsabilidades que no pueden ser excluidas bajo la ley aplicable.<\/li><\/ul><p>Las limitaciones y exclusiones de responsabilidad establecidas en esta Secci\u00f3n y en otras partes de este aviso legal:<\/p><ol class=\"wp-block-list\"><li>est\u00e1n sujetas al p\u00e1rrafo anterior; y<\/li>\n\n<li>rigen todas las responsabilidades que surjan bajo la exenci\u00f3n de responsabilidad o en relaci\u00f3n con el objeto de esta exenci\u00f3n de responsabilidad, incluidas las responsabilidades que surjan en contrato, agravio (incluyendo negligencia) y por incumplimiento del deber legal.<\/li><\/ol><p>En la medida en que el sitio web y la informaci\u00f3n y los servicios en el sitio web se proporcionen de forma gratuita, no seremos responsables de ninguna p\u00e9rdida o da\u00f1o de ning\u00fan tipo.<\/p>","protected":false},"excerpt":{"rendered":"<p>Bienvenido a\u00a0BRAMMOTORS.\u00a0 Estos t\u00e9rminos y condiciones describen las reglas y regulaciones para el uso del sitio web\u00a0https:\/\/brammotors.cl\/\u00a0 Brammotors, nuestra direcci\u00f3n\u00a0tributaria es Santa Luisa 2197, Quilicura, Regi\u00f3n Metropolitana. Al acceder a este sitio web aceptas estos t\u00e9rminos y condiciones en su totalidad. No contin\u00faes usando el sitio web Isayi Motorbike.cl si no aceptas todos los t\u00e9rminos [&hellip;]<\/p>\n","protected":false},"author":1,"featured_media":0,"parent":0,"menu_order":0,"comment_status":"closed","ping_status":"closed","template":"","meta":{"_acf_changed":false,"footnotes":""},"class_list":["post-3258","page","type-page","status-publish","hentry"],"acf":[],"_links":{"self":[{"href":"https:\/\/brammotors.cl\/es\/wp-json\/wp\/v2\/pages\/3258","targetHints":{"allow":["GET"]}}],"collection":[{"href":"https:\/\/brammotors.cl\/es\/wp-json\/wp\/v2\/pages"}],"about":[{"href":"https:\/\/brammotors.cl\/es\/wp-json\/wp\/v2\/types\/page"}],"author":[{"embeddable":true,"href":"https:\/\/brammotors.cl\/es\/wp-json\/wp\/v2\/users\/1"}],"replies":[{"embeddable":true,"href":"https:\/\/brammotors.cl\/es\/wp-json\/wp\/v2\/comments?post=3258"}],"version-history":[{"count":1,"href":"https:\/\/brammotors.cl\/es\/wp-json\/wp\/v2\/pages\/3258\/revisions"}],"predecessor-version":[{"id":4428,"href":"https:\/\/brammotors.cl\/es\/wp-json\/wp\/v2\/pages\/3258\/revisions\/4428"}],"wp:attachment":[{"href":"https:\/\/brammotors.cl\/es\/wp-json\/wp\/v2\/media?parent=3258"}],"curies":[{"name":"wp","href":"https:\/\/api.w.org\/{rel}","templated":true}]}}