{"id":4445,"date":"2025-03-13T23:05:06","date_gmt":"2025-03-14T02:05:06","guid":{"rendered":"https:\/\/brammotors.cl\/?page_id=4445"},"modified":"2025-03-13T23:05:07","modified_gmt":"2025-03-14T02:05:07","slug":"politica-de-privacidad","status":"publish","type":"page","link":"https:\/\/brammotors.cl\/es\/politica-de-privacidad\/","title":{"rendered":"Pol\u00edtica de privacidad"},"content":{"rendered":"<p><\/p><p>Esta Pol\u00edtica de Privacidad describe c\u00f3mo se recopila, utiliza y comparte tu informaci\u00f3n personal cuando visitas o realizas una compra en\u00a0<a href=\"https:\/\/www.isayimotorbike.cl\/\"><\/a><a href=\"https:\/\/www.isayimotorbike.cl\/\">https:\/\/brammotors.cl\/<\/a><\/p><p><strong>QU\u00c9 INFORMACI\u00d3N PERSONAL RECOPILAMOS<\/strong><\/p><p>Cuando visitas el Sitio, recopilamos autom\u00e1ticamente cierta informaci\u00f3n sobre tu dispositivo, incluida informaci\u00f3n sobre tu navegador web, direcci\u00f3n IP, zona horaria y algunas de las cookies que est\u00e1n instaladas en tu dispositivo.<\/p><p>Adem\u00e1s, a medida que navegas por el Sitio, recopilamos informaci\u00f3n sobre las p\u00e1ginas web individuales o los productos que ves, qu\u00e9 sitios web o t\u00e9rminos de b\u00fasqueda te remiten al Sitio, e informaci\u00f3n sobre c\u00f3mo interact\u00faas con el Sitio. Nos referimos a esta informaci\u00f3n recopilada autom\u00e1ticamente como&nbsp;<strong>Informaci\u00f3n del Dispositivo<\/strong>.<\/p><p>Recopilamos informaci\u00f3n del dispositivo utilizando las siguientes tecnolog\u00edas:<\/p><ul class=\"wp-block-list\"><li><strong>Cookies<\/strong>: son archivos de datos que se colocan en tu dispositivo o computadora y con frecuencia incluyen un identificador \u00fanico an\u00f3nimo.<\/li>\n\n<li><strong>Archivos de registro<\/strong>: rastrean las acciones que ocurren en el Sitio y recopilan datos, incluida tu direcci\u00f3n IP, el tipo de navegador, el proveedor de servicios de Internet, las p\u00e1ginas de referencia\/salida y las marcas de fecha y hora.<\/li><\/ul><p>Adem\u00e1s, cuando efect\u00faas una compra o intentas realizar una compra a trav\u00e9s del Sitio, recopilamos cierta informaci\u00f3n tuya, como tu nombre, direcci\u00f3n de facturaci\u00f3n, direcci\u00f3n de env\u00edo, direcci\u00f3n de email y el n\u00famero de tel\u00e9fono&nbsp;<strong>(Esta informaci\u00f3n es utilizada solo para en&nbsp;<\/strong><strong>env\u00edo<\/strong>);&nbsp;informaci\u00f3n de pago, incluidos n\u00fameros de tarjetas de cr\u00e9dito o d\u00e9bito (Solo quedan visibles los&nbsp;<strong>\u00daltimos 4 n\u00fameros&nbsp;de Tarjeta<\/strong>),&nbsp; Esto se denomina&nbsp;<strong>Informaci\u00f3n del Pedido<\/strong>.<\/p><p>Al referirnos a&nbsp;<strong>Informaci\u00f3n Personal<\/strong>&nbsp;en esta Pol\u00edtica de Privacidad, estamos hablando tanto de la Informaci\u00f3n del Dispositivo como de la Informaci\u00f3n del Pedido.<\/p><p><strong>C\u00d3MO USAMOS TU INFORMACI\u00d3N PERSONAL<\/strong><\/p><p>Utilizamos la Informaci\u00f3n de Pedido que recopilamos para cumplir con los pedidos realizados a trav\u00e9s del Sitio (incluido el procesamiento de tu informaci\u00f3n de pago, la organizaci\u00f3n del env\u00edo y el env\u00edo de facturas y\/o confirmaciones de pedidos).<\/p><p>Adem\u00e1s, usamos esta Informaci\u00f3n del Pedido para: comunicarnos contigo, examinar nuestros pedidos para detectar posibles riesgos o fraudes, para (en l\u00ednea con las preferencias que has compartido con nosotros) ofrecerte informaci\u00f3n o publicidad relacionada con nuestros productos o servicios.<\/p><p>Utilizamos la Informaci\u00f3n del Dispositivo que recopilamos para ayudarnos a detectar posibles riesgos y fraudes (en particular, tu direcci\u00f3n IP) y, en general, para mejorar y optimizar nuestro sitio.<\/p><p><strong>COMPARTIENDO TU INFORMACI\u00d3N PERSONAL<\/strong><\/p><p>Compartimos tu Informaci\u00f3n Personal con terceros para ayudarnos a utilizarla como se describi\u00f3 anteriormente.<\/p><p>Tambi\u00e9n empleamos Google Analytics para ayudarnos a comprender c\u00f3mo nuestros clientes usan Isayi Motorbike Spa&nbsp;<a href=\"https:\/\/www.google.com\/intl\/en\/policies\/privacy\/\">C\u00f3mo usa Google tu Informaci\u00f3n Personal.<\/a>.<\/p><p>Finalmente, tambi\u00e9n podemos compartir tu Informaci\u00f3n Personal para cumplir con las leyes y regulaciones aplicables, para responder a una citaci\u00f3n, una orden de registro u otras solicitudes legales de informaci\u00f3n que recibimos, o para proteger nuestros derechos.<\/p><p><strong>PUBLICIDAD DE COMPORTAMIENTO<\/strong><\/p><p>Utilizamos tu Informaci\u00f3n Personal para proporcionarte anuncios espec\u00edficos o comunicaciones de marketing que creemos que pueden ser de tu inter\u00e9s.<\/p><ul class=\"wp-block-list\"><li>Facebook<\/li>\n\n<li>Instagram<\/li>\n\n<li>Google<\/li>\n\n<li>Email<\/li><\/ul><p><strong>TUS DERECHOS<\/strong><\/p><p>Si eres un residente europeo, tienes derecho a acceder a la informaci\u00f3n personal que tenemos sobre ti y a solicitar que tu informaci\u00f3n personal se corrija, actualice o elimine. Si deseas ejercer este derecho, por favor cont\u00e1ctanos.<\/p><p>Adem\u00e1s, si eres un residente europeo, notamos que estamos procesando tu informaci\u00f3n para cumplir con los contratos que podr\u00edamos tener contigo (por ejemplo, si realizas un pedido a trav\u00e9s del Sitio), o de otra manera para perseguir nuestros intereses comerciales leg\u00edtimos mencionados anteriormente.<\/p><p>Ten en cuenta que tu informaci\u00f3n se transferir\u00e1 fuera de Europa, incluso a Canad\u00e1 y Estados Unidos.<\/p><p><strong>RETENCI\u00d3N DE DATOS<\/strong><\/p><p>Cuando realices un pedido a trav\u00e9s del Sitio, mantendremos tu Informaci\u00f3n de Pedido para nuestros registros a menos que y hasta que nos solicites eliminar esta informaci\u00f3n.<\/p><p><strong>MENORES<\/strong><\/p><p>El Sitio no est\u00e1 destinado a personas menores de edad (Menores de 18 a\u00f1os).<\/p><p><strong>CAMBIOS<\/strong>&nbsp;Podemos actualizar esta pol\u00edtica de privacidad de vez en cuando para reflejar, por ejemplo, cambios en nuestras pr\u00e1cticas o por otras razones operativas, legales o reglamentarias.<\/p><p>Si tiene preguntas y\/o necesitas m\u00e1s informaci\u00f3n, no dudes en ponerte en contacto con nosotros a trav\u00e9s de nuestro correo,\u00a0<strong>ventas@<a href=\"https:\/\/www.isayimotorbike.cl\/\">brammotors<\/a>.cl<\/strong><\/p>","protected":false},"excerpt":{"rendered":"<p>Esta Pol\u00edtica de Privacidad describe c\u00f3mo se recopila, utiliza y comparte tu informaci\u00f3n personal cuando visitas o realizas una compra en\u00a0https:\/\/brammotors.cl\/ QU\u00c9 INFORMACI\u00d3N PERSONAL RECOPILAMOS Cuando visitas el Sitio, recopilamos autom\u00e1ticamente cierta informaci\u00f3n sobre tu dispositivo, incluida informaci\u00f3n sobre tu navegador web, direcci\u00f3n IP, zona horaria y algunas de las cookies que est\u00e1n instaladas en [&hellip;]<\/p>\n","protected":false},"author":2,"featured_media":0,"parent":0,"menu_order":0,"comment_status":"closed","ping_status":"closed","template":"","meta":{"_acf_changed":false,"footnotes":""},"class_list":["post-4445","page","type-page","status-publish","hentry"],"acf":[],"_links":{"self":[{"href":"https:\/\/brammotors.cl\/es\/wp-json\/wp\/v2\/pages\/4445","targetHints":{"allow":["GET"]}}],"collection":[{"href":"https:\/\/brammotors.cl\/es\/wp-json\/wp\/v2\/pages"}],"about":[{"href":"https:\/\/brammotors.cl\/es\/wp-json\/wp\/v2\/types\/page"}],"author":[{"embeddable":true,"href":"https:\/\/brammotors.cl\/es\/wp-json\/wp\/v2\/users\/2"}],"replies":[{"embeddable":true,"href":"https:\/\/brammotors.cl\/es\/wp-json\/wp\/v2\/comments?post=4445"}],"version-history":[{"count":1,"href":"https:\/\/brammotors.cl\/es\/wp-json\/wp\/v2\/pages\/4445\/revisions"}],"predecessor-version":[{"id":4446,"href":"https:\/\/brammotors.cl\/es\/wp-json\/wp\/v2\/pages\/4445\/revisions\/4446"}],"wp:attachment":[{"href":"https:\/\/brammotors.cl\/es\/wp-json\/wp\/v2\/media?parent=4445"}],"curies":[{"name":"wp","href":"https:\/\/api.w.org\/{rel}","templated":true}]}}