{"id":55,"date":"2016-06-13T15:48:45","date_gmt":"2016-06-13T15:48:45","guid":{"rendered":"http:\/\/sw-themes.com\/porto_dummy\/?page_id=55"},"modified":"2025-03-12T13:38:49","modified_gmt":"2025-03-12T16:38:49","slug":"about-us","status":"publish","type":"page","link":"https:\/\/brammotors.cl\/es\/about-us\/","title":{"rendered":"Nosotros"},"content":{"rendered":"<div class=\"wpb-content-wrapper\"><div class=\"vc_row wpb_row top-row vc_custom_1682711177922 porto-inner-container wpb_custom_034b39d9bc6c6b310d69e39f0ccf274f\"><div class=\"porto-wrap-container container\"><div class=\"row\"><div class=\"vc_column_container col-md-12\"><div class=\"wpb_wrapper vc_column-inner\"><div class=\"porto-u-heading m-b-md  wpb_custom_510fddf7228fd01599f2ddd6ff613863 porto-u-ad87e2eaf3f9c495180fe0156ddf3eb0\"><div class=\"porto-u-main-heading\"><h2   style=\"color:#21293c;margin-bottom: 17px;\">Quienes somos<\/h2><\/div><div class=\"porto-u-sub-heading\" style=\"\">Taller especializado en motos mecanica y electr\u00f3nica. Fabricaci\u00f3n e instalaci\u00f3n de piezas para motocicletas<\/div><style>.porto-u-ad87e2eaf3f9c495180fe0156ddf3eb0.porto-u-heading{text-align:left}<\/style><\/div><\/div><\/div><\/div><\/div><\/div><div class=\"vc_row wpb_row top-row vc_custom_1682711460765 vc_row-has-fill porto-inner-container wpb_custom_034b39d9bc6c6b310d69e39f0ccf274f\"><div class=\"porto-wrap-container container\"><div class=\"row\"><div class=\"vc_column_container col-md-12\"><div class=\"wpb_wrapper vc_column-inner\"><div class=\"vc_row wpb_row vc_inner row\"><div class=\"vc_column_container col-md-6 col-lg-4\"><div class=\"wpb_wrapper vc_column-inner\"><div class=\"porto-sicon-box  vc_custom_1741796763053  wpb_custom_9e08a9e365d7f4006c8db53445027386 style_1 top-icon\"><div class=\"porto-sicon-top\"><div class=\"porto-just-icon-wrapper porto-icon none\" style=\"color:var(--porto-primary-color);font-size:55px;\"><i class=\"porto-icon-shipped\"><\/i><\/div><\/div><div class=\"porto-sicon-header\" style=\"margin-bottom:16px;\"><h3 class=\"porto-sicon-title\" style=\"\">Env\u00edo Gratis<\/h3><\/div> <!-- header --><div class=\"porto-sicon-description\" style=\"\">Envio gratis sobre $50.000 en todo Santiago.<\/div> <!-- description --><\/div><!-- porto-sicon-box --><\/div><\/div><div class=\"vc_column_container col-md-6 col-lg-4\"><div class=\"wpb_wrapper vc_column-inner\"><div class=\"porto-sicon-box  vc_custom_1741796996180  wpb_custom_275a29b388edd2f338616109c9d9ca00 style_1 top-icon\"><div class=\"porto-sicon-top\"><div class=\"porto-just-icon-wrapper porto-icon none\" style=\"color:var(--porto-primary-color);font-size:55px;\"><i class=\"porto-icon-wrench\"><\/i><\/div><\/div><div class=\"porto-sicon-header\" style=\"margin-bottom:16px;\"><h3 class=\"porto-sicon-title\" style=\"\">Taller Mec\u00e1nico 100% Confiable<\/h3><\/div> <!-- header --><div class=\"porto-sicon-description\" style=\"\">Contamos con taller mec\u00e1nico, realizamos servicio de mantenimiento y podemos ir a buscar tu motocicleta a tu domicilio en caso de que lo requieras.<\/div> <!-- description --><\/div><!-- porto-sicon-box --><\/div><\/div><div class=\"mx-auto vc_column_container col-md-6 col-lg-4\"><div class=\"wpb_wrapper vc_column-inner\"><div class=\"porto-sicon-box  vc_custom_1741797446839  wpb_custom_1f86189bfda5382a3598fbe586087025 style_1 top-icon\"><div class=\"porto-sicon-top\"><div class=\"porto-just-icon-wrapper porto-icon none\" style=\"color:var(--porto-primary-color);font-size:55px;\"><i class=\"porto-icon-package\"><\/i><\/div><\/div><div class=\"porto-sicon-header\" style=\"margin-bottom:16px;\"><h3 class=\"porto-sicon-title\" style=\"\">Varierad de productos y todas las marcas<\/h3><\/div> <!-- header --><div class=\"porto-sicon-description\" style=\"\">\n<p data-start=\"0\" data-end=\"46\">Contamos con las mejores marcas del mercado.<\/p>\n<p data-start=\"48\" data-end=\"143\" data-is-last-node=\"\" data-is-only-node=\"\">Realizamos el env\u00edo con todo el protocolo necesario para que tu producto llegue en buen estado.<\/p>\n<p><\/div> <!-- description --><\/div><!-- porto-sicon-box --><\/div><\/div><\/div><\/div><\/div><\/div><\/div><\/div><div class=\"vc_row wpb_row top-row vc_custom_1682974195588 porto-inner-container wpb_custom_034b39d9bc6c6b310d69e39f0ccf274f\"><div class=\"porto-wrap-container container\"><div class=\"row\"><div class=\"vc_column_container col-md-12\"><div class=\"wpb_wrapper vc_column-inner\"><div class=\"vc_row wpb_row vc_inner row\"><div class=\"vc_column_container col-md-6\"><div class=\"wpb_wrapper vc_column-inner\"><\/div><\/div><div class=\"vc_column_container col-md-6\"><div class=\"wpb_wrapper vc_column-inner\"><\/div><\/div><\/div><\/div><\/div><\/div><\/div><\/div><div class=\"vc_row wpb_row top-row vc_custom_1682974304362 vc_row-has-fill porto-inner-container wpb_custom_034b39d9bc6c6b310d69e39f0ccf274f\"><div class=\"porto-wrap-container container\"><div class=\"row\"><div class=\"vc_column_container col-md-2-5 col-lg-1-5\"><div class=\"wpb_wrapper vc_column-inner\"><\/div><\/div><div class=\"vc_column_container col-md-2-5 col-lg-1-5\"><div class=\"wpb_wrapper vc_column-inner\"><\/div><\/div><div class=\"vc_column_container col-md-2-5 col-lg-1-5\"><div class=\"wpb_wrapper vc_column-inner\"><\/div><\/div><div class=\"vc_column_container col-md-2-5 col-lg-1-5\"><div class=\"wpb_wrapper vc_column-inner\"><\/div><\/div><div class=\"vc_column_container col-md-2-5 col-lg-1-5\" id=\"text-center\"><div class=\"wpb_wrapper vc_column-inner\"><\/div><\/div><\/div><\/div><\/div>\n<\/div>","protected":false},"excerpt":{"rendered":"Quienes somosTaller especializado en motos mecanica y electr\u00f3nica. Fabricaci\u00f3n e instalaci\u00f3n de piezas para motocicletasEnv\u00edo Gratis Envio gratis sobre $50.000 en todo Santiago. Taller Mec\u00e1nico 100% Confiable Contamos con taller mec\u00e1nico, realizamos servicio de mantenimiento y podemos ir a buscar tu motocicleta a tu domicilio en caso de que lo requieras. Varierad de productos y [...]","protected":false},"author":1,"featured_media":0,"parent":0,"menu_order":0,"comment_status":"closed","ping_status":"closed","template":"","meta":{"_acf_changed":false,"footnotes":""},"class_list":["post-55","page","type-page","status-publish","hentry"],"acf":[],"_links":{"self":[{"href":"https:\/\/brammotors.cl\/es\/wp-json\/wp\/v2\/pages\/55","targetHints":{"allow":["GET"]}}],"collection":[{"href":"https:\/\/brammotors.cl\/es\/wp-json\/wp\/v2\/pages"}],"about":[{"href":"https:\/\/brammotors.cl\/es\/wp-json\/wp\/v2\/types\/page"}],"author":[{"embeddable":true,"href":"https:\/\/brammotors.cl\/es\/wp-json\/wp\/v2\/users\/1"}],"replies":[{"embeddable":true,"href":"https:\/\/brammotors.cl\/es\/wp-json\/wp\/v2\/comments?post=55"}],"version-history":[{"count":3,"href":"https:\/\/brammotors.cl\/es\/wp-json\/wp\/v2\/pages\/55\/revisions"}],"predecessor-version":[{"id":4408,"href":"https:\/\/brammotors.cl\/es\/wp-json\/wp\/v2\/pages\/55\/revisions\/4408"}],"wp:attachment":[{"href":"https:\/\/brammotors.cl\/es\/wp-json\/wp\/v2\/media?parent=55"}],"curies":[{"name":"wp","href":"https:\/\/api.w.org\/{rel}","templated":true}]}}