{"id":4371,"date":"2025-03-09T17:15:34","date_gmt":"2025-03-09T20:15:34","guid":{"rendered":"https:\/\/brammotors.cl\/?post_type=product&#038;p=4371"},"modified":"2025-03-13T21:37:05","modified_gmt":"2025-03-14T00:37:05","slug":"aceite-de-moto-10w40-maxima-fullsyn-1l","status":"publish","type":"product","link":"https:\/\/brammotors.cl\/es\/product\/aceite-de-moto-10w40-maxima-fullsyn-1l\/","title":{"rendered":"ACEITE DE MOTO 10W40 MAXIMA FULLSYN &#8211; 1L"},"content":{"rendered":"<p>Aceite de motor de 4 tiempos totalmente sint\u00e9tico dise\u00f1ado para garantizar una protecci\u00f3n \u00f3ptima, un rendimiento m\u00e1ximo y una sensaci\u00f3n de embrague positiva tanto para los pasajeros como para los corredores. La f\u00f3rmula de superficie activa proporciona un excelente espesor de pel\u00edcula mientras mantiene la viscosidad en todas las temperaturas de funcionamiento. El avanzado sistema de aditivos patentado mantiene su motor funcionando limpio, sin problemas y extiende la vida \u00fatil de la m\u00e1quina. Supera los requisitos de API SL \/ JASO MA2.<\/p>\n<ul>\n<li>Dise\u00f1ado para uso diario tanto por viajeros como por corredores<\/li>\n<li>Protecci\u00f3n superior a cualquier temperatura<\/li>\n<li>Excelente sensaci\u00f3n de embrague y protecci\u00f3n del embrague<\/li>\n<li>El sistema de aditivos de clase mundial y los aceites base sint\u00e9ticos se combinan para minimizar la oxidaci\u00f3n y el desgaste.<\/li>\n<li>Aumenta la durabilidad y extiende la vida \u00fatil del motor<\/li>\n<li>Excede las especificaciones API SL y JASO MA2<\/li>\n<\/ul>\n<p><iframe loading=\"lazy\" title=\"ACEITES MAXIMA RACING\" width=\"1140\" height=\"641\" src=\"https:\/\/www.youtube.com\/embed\/A90_dgJY-Uk?start=174&#038;feature=oembed\" frameborder=\"0\" allow=\"accelerometer; autoplay; clipboard-write; encrypted-media; gyroscope; picture-in-picture; web-share\" referrerpolicy=\"strict-origin-when-cross-origin\" allowfullscreen><\/iframe><\/p>","protected":false},"excerpt":{"rendered":"<p>Aceite de motor de 4 tiempos totalmente sint\u00e9tico dise\u00f1ado para garantizar una protecci\u00f3n \u00f3ptima, un rendimiento m\u00e1ximo y una sensaci\u00f3n de embrague positiva tanto para los pasajeros como para los corredores. La f\u00f3rmula de superficie activa proporciona un excelente espesor de pel\u00edcula mientras mantiene la viscosidad en todas las temperaturas de funcionamiento. El avanzado sistema [&hellip;]<\/p>\n","protected":false},"featured_media":4372,"comment_status":"open","ping_status":"closed","template":"","meta":{"_acf_changed":false},"product_brand":[472],"product_cat":[394,392,401],"product_tag":[],"class_list":{"0":"post-4371","1":"product","2":"type-product","3":"status-publish","4":"has-post-thumbnail","6":"product_brand-maximaracing","7":"product_cat-aceites-lubricantes","8":"product_cat-lubricantes","9":"product_cat-todas-las-categorias","11":"first","12":"instock","13":"taxable","14":"shipping-taxable","15":"purchasable","16":"product-type-simple"},"acf":[],"_links":{"self":[{"href":"https:\/\/brammotors.cl\/es\/wp-json\/wp\/v2\/product\/4371","targetHints":{"allow":["GET"]}}],"collection":[{"href":"https:\/\/brammotors.cl\/es\/wp-json\/wp\/v2\/product"}],"about":[{"href":"https:\/\/brammotors.cl\/es\/wp-json\/wp\/v2\/types\/product"}],"replies":[{"embeddable":true,"href":"https:\/\/brammotors.cl\/es\/wp-json\/wp\/v2\/comments?post=4371"}],"wp:featuredmedia":[{"embeddable":true,"href":"https:\/\/brammotors.cl\/es\/wp-json\/wp\/v2\/media\/4372"}],"wp:attachment":[{"href":"https:\/\/brammotors.cl\/es\/wp-json\/wp\/v2\/media?parent=4371"}],"wp:term":[{"taxonomy":"product_brand","embeddable":true,"href":"https:\/\/brammotors.cl\/es\/wp-json\/wp\/v2\/product_brand?post=4371"},{"taxonomy":"product_cat","embeddable":true,"href":"https:\/\/brammotors.cl\/es\/wp-json\/wp\/v2\/product_cat?post=4371"},{"taxonomy":"product_tag","embeddable":true,"href":"https:\/\/brammotors.cl\/es\/wp-json\/wp\/v2\/product_tag?post=4371"}],"curies":[{"name":"wp","href":"https:\/\/api.w.org\/{rel}","templated":true}]}}