{"id":4423,"date":"2025-03-13T22:04:13","date_gmt":"2025-03-14T01:04:13","guid":{"rendered":"https:\/\/brammotors.cl\/?post_type=product&#038;p=4423"},"modified":"2025-03-13T22:04:13","modified_gmt":"2025-03-14T01:04:13","slug":"aditivo-combustible-motos-speed-shooter-liqui-moly-80ml","status":"publish","type":"product","link":"https:\/\/brammotors.cl\/es\/product\/aditivo-combustible-motos-speed-shooter-liqui-moly-80ml\/","title":{"rendered":"Aditivo Combustible Motos Speed Shooter Liqui Moly 80ml"},"content":{"rendered":"<h2 class=\"ui-pdp-description__title\" data-testid=\"title\">Descripci\u00f3n<\/h2>\n<p class=\"ui-pdp-description__content\" data-testid=\"content\">Moderna combinaci\u00f3n de agentes activos sin cenizas con propiedades limpiadoras, de dispersi\u00f3n, de protecci\u00f3n del material y de mejorar la aceleraci\u00f3n. Su f\u00f3rmula se basa en los m\u00e1s modernos avances t\u00e9cnicos en materia de aditivos y combustibles y cumple las exigencias de los motores, los productos de servicio y las condiciones de servicio actuales. M\u00e1s placer de conducci\u00f3n gracias a una mayor potencia. El motor arranca con m\u00e1s facilidad y va m\u00e1s suave.<\/p>\n<p>UsoMotorProducto ParaMotoAplicaci\u00f3nAdici\u00f3n al dep\u00f3sito de gasolina. Se obtiene un efecto \u00f3ptimo si se a\u00f1ade en cada repostado. Totalmente compatible con todos los tipos de gasolina. 80 ml son suficientes para hasta 10 litros de combustible.<\/p>\n<p data-testid=\"content\">\n<p><iframe loading=\"lazy\" title=\"LIQUI MOLY MOTORBIKE SPEED SHOOTER (Art. 3824)\" width=\"1140\" height=\"855\" src=\"https:\/\/www.youtube.com\/embed\/WDE3REvfZEY?feature=oembed\" frameborder=\"0\" allow=\"accelerometer; autoplay; clipboard-write; encrypted-media; gyroscope; picture-in-picture; web-share\" referrerpolicy=\"strict-origin-when-cross-origin\" allowfullscreen><\/iframe><\/p>","protected":false},"excerpt":{"rendered":"<h2 class=\"ui-pdp-description__title\" data-testid=\"title\">Descripci\u00f3n<\/h2>\n<p class=\"ui-pdp-description__content\" data-testid=\"content\">Moderna combinaci\u00f3n de agentes activos sin cenizas con propiedades limpiadoras, de dispersi\u00f3n, de protecci\u00f3n del material y de mejorar la aceleraci\u00f3n. Su f\u00f3rmula se basa en los m\u00e1s modernos avances t\u00e9cnicos en materia de aditivos y combustibles y cumple las exigencias de los motores, los productos de servicio y las condiciones de servicio actuales. M\u00e1s placer de conducci\u00f3n gracias a una mayor potencia. El motor arranca con m\u00e1s facilidad y va m\u00e1s suave.<\/p>\n<p>UsoMotorProducto ParaMotoAplicaci\u00f3nAdici\u00f3n al dep\u00f3sito de gasolina. Se obtiene un efecto \u00f3ptimo si se a\u00f1ade en cada repostado. Totalmente compatible con todos los tipos de gasolina. 80 ml son suficientes para hasta 10 litros de combustible.<\/p>","protected":false},"featured_media":4425,"comment_status":"open","ping_status":"closed","template":"","meta":{"_acf_changed":false},"product_brand":[466],"product_cat":[394,401],"product_tag":[],"class_list":{"0":"post-4423","1":"product","2":"type-product","3":"status-publish","4":"has-post-thumbnail","6":"product_brand-liquimoly","7":"product_cat-aceites-lubricantes","8":"product_cat-todas-las-categorias","10":"first","11":"instock","12":"sale","13":"taxable","14":"shipping-taxable","15":"purchasable","16":"product-type-simple"},"acf":[],"_links":{"self":[{"href":"https:\/\/brammotors.cl\/es\/wp-json\/wp\/v2\/product\/4423","targetHints":{"allow":["GET"]}}],"collection":[{"href":"https:\/\/brammotors.cl\/es\/wp-json\/wp\/v2\/product"}],"about":[{"href":"https:\/\/brammotors.cl\/es\/wp-json\/wp\/v2\/types\/product"}],"replies":[{"embeddable":true,"href":"https:\/\/brammotors.cl\/es\/wp-json\/wp\/v2\/comments?post=4423"}],"wp:featuredmedia":[{"embeddable":true,"href":"https:\/\/brammotors.cl\/es\/wp-json\/wp\/v2\/media\/4425"}],"wp:attachment":[{"href":"https:\/\/brammotors.cl\/es\/wp-json\/wp\/v2\/media?parent=4423"}],"wp:term":[{"taxonomy":"product_brand","embeddable":true,"href":"https:\/\/brammotors.cl\/es\/wp-json\/wp\/v2\/product_brand?post=4423"},{"taxonomy":"product_cat","embeddable":true,"href":"https:\/\/brammotors.cl\/es\/wp-json\/wp\/v2\/product_cat?post=4423"},{"taxonomy":"product_tag","embeddable":true,"href":"https:\/\/brammotors.cl\/es\/wp-json\/wp\/v2\/product_tag?post=4423"}],"curies":[{"name":"wp","href":"https:\/\/api.w.org\/{rel}","templated":true}]}}