{"id":4452,"date":"2025-03-13T23:59:31","date_gmt":"2025-03-14T02:59:31","guid":{"rendered":"https:\/\/brammotors.cl\/?post_type=product&#038;p=4452"},"modified":"2025-03-13T23:59:31","modified_gmt":"2025-03-14T02:59:31","slug":"bateria-ytx9-bs-battery","status":"publish","type":"product","link":"https:\/\/brammotors.cl\/es\/product\/bateria-ytx9-bs-battery\/","title":{"rendered":"BATERIA YTX9 BS BATTERY"},"content":{"rendered":"<p>La bater\u00eda BTX9 forma parte de nuestra gama SLA. Dise\u00f1ada para facilitar la vida del usuario, esta bater\u00eda de 12 V 8,4 Ah est\u00e1 lista para usar, 100 % libre de mantenimiento y completamente a prueba de derrames.<\/p>\n<p>Extremadamente simple de instalar y transportar, esta bater\u00eda BTX9 ofrece mayor potencia, mayor vida \u00fatil y m\u00e1xima confiabilidad para todos los veh\u00edculos deportivos motorizados que requieren un alto rendimiento.<\/p>\n<p>&nbsp;<\/p>\n<p><a href=\"https:\/\/brammotors.cl\/wp-content\/uploads\/2025\/03\/BS-Datasheet_GP_BTX9_SLA.pdf\">BS-Datasheet_GP_BTX9_SLA<\/a><\/p>","protected":false},"excerpt":{"rendered":"<p>La bater\u00eda BTX9 forma parte de nuestra gama SLA. Dise\u00f1ada para facilitar la vida del usuario, esta bater\u00eda de 12 V 8,4 Ah est\u00e1 lista para usar, 100 % libre de mantenimiento y completamente a prueba de derrames. Extremadamente simple de instalar y transportar, esta bater\u00eda BTX9 ofrece mayor potencia, mayor vida \u00fatil y m\u00e1xima [&hellip;]<\/p>\n","protected":false},"featured_media":4453,"comment_status":"open","ping_status":"closed","template":"","meta":{"_acf_changed":false},"product_brand":[],"product_cat":[391],"product_tag":[],"class_list":{"0":"post-4452","1":"product","2":"type-product","3":"status-publish","4":"has-post-thumbnail","6":"product_cat-baterias","8":"first","9":"instock","10":"taxable","11":"shipping-taxable","12":"purchasable","13":"product-type-simple"},"acf":[],"_links":{"self":[{"href":"https:\/\/brammotors.cl\/es\/wp-json\/wp\/v2\/product\/4452","targetHints":{"allow":["GET"]}}],"collection":[{"href":"https:\/\/brammotors.cl\/es\/wp-json\/wp\/v2\/product"}],"about":[{"href":"https:\/\/brammotors.cl\/es\/wp-json\/wp\/v2\/types\/product"}],"replies":[{"embeddable":true,"href":"https:\/\/brammotors.cl\/es\/wp-json\/wp\/v2\/comments?post=4452"}],"wp:featuredmedia":[{"embeddable":true,"href":"https:\/\/brammotors.cl\/es\/wp-json\/wp\/v2\/media\/4453"}],"wp:attachment":[{"href":"https:\/\/brammotors.cl\/es\/wp-json\/wp\/v2\/media?parent=4452"}],"wp:term":[{"taxonomy":"product_brand","embeddable":true,"href":"https:\/\/brammotors.cl\/es\/wp-json\/wp\/v2\/product_brand?post=4452"},{"taxonomy":"product_cat","embeddable":true,"href":"https:\/\/brammotors.cl\/es\/wp-json\/wp\/v2\/product_cat?post=4452"},{"taxonomy":"product_tag","embeddable":true,"href":"https:\/\/brammotors.cl\/es\/wp-json\/wp\/v2\/product_tag?post=4452"}],"curies":[{"name":"wp","href":"https:\/\/api.w.org\/{rel}","templated":true}]}}