{"id":4459,"date":"2025-03-14T14:46:06","date_gmt":"2025-03-14T17:46:06","guid":{"rendered":"https:\/\/brammotors.cl\/?post_type=product&#038;p=4459"},"modified":"2025-04-21T12:35:09","modified_gmt":"2025-04-21T15:35:09","slug":"cadena-regina-520-120-dorada-con-zring-y-reforzada-touring-street","status":"publish","type":"product","link":"https:\/\/brammotors.cl\/es\/product\/cadena-regina-520-120-dorada-con-zring-y-reforzada-touring-street\/","title":{"rendered":"CADENA REGINA 520-120 DORADA, CON ZRING Y REFORZADA &#8220;TOURING STREET&#8221;"},"content":{"rendered":"<p>Regina tiene una amplia experiencia en la producci\u00f3n y la consultor\u00eda para la selecci\u00f3n de la cadena m\u00e1s adecuada para cada tipo de motocicleta. Esta espec\u00edfica experiencia se recoge en la lista de accesorios disponible en la secci\u00f3n de descargas de esta p\u00e1gina web y en el instrumento de selecci\u00f3n que se detalla a continuaci\u00f3n.<\/p>\n<p>El nuevo sello Z-Ring patentado desde 2003, con una especial forma c\u00f3nica en la parte interna, representa la evoluci\u00f3n de los precedentes sellos X-Ring y Z-Ring. El sello Z-Ring se deforma durante el montaje creando un efecto muelle que asegura el sellado a largo plazo. La parte especial del Z-Ring ofrece mejor flexibilidad de la cadena. La forma c\u00f3nica facilita el ensamblaje con el buje. El lubricante contenido entre los l\u00f3bulos del Z-RING y las placas mantiene el sello lubricado y prolonga su vida \u00fatil.<\/p>","protected":false},"excerpt":{"rendered":"<p>Regina tiene una amplia experiencia en la producci\u00f3n y la consultor\u00eda para la selecci\u00f3n de la cadena m\u00e1s adecuada para cada tipo de motocicleta. Esta espec\u00edfica experiencia se recoge en la lista de accesorios disponible en la secci\u00f3n de descargas de esta p\u00e1gina web y en el instrumento de selecci\u00f3n que se detalla a continuaci\u00f3n. [&hellip;]<\/p>\n","protected":false},"featured_media":4460,"comment_status":"open","ping_status":"closed","template":"","meta":{"_acf_changed":false},"product_brand":[470],"product_cat":[479,385],"product_tag":[],"class_list":{"0":"post-4459","1":"product","2":"type-product","3":"status-publish","4":"has-post-thumbnail","6":"product_brand-regina","7":"product_cat-cadenas","8":"product_cat-transmision","10":"first","11":"outofstock","12":"taxable","13":"shipping-taxable","14":"purchasable","15":"product-type-simple"},"acf":[],"_links":{"self":[{"href":"https:\/\/brammotors.cl\/es\/wp-json\/wp\/v2\/product\/4459","targetHints":{"allow":["GET"]}}],"collection":[{"href":"https:\/\/brammotors.cl\/es\/wp-json\/wp\/v2\/product"}],"about":[{"href":"https:\/\/brammotors.cl\/es\/wp-json\/wp\/v2\/types\/product"}],"replies":[{"embeddable":true,"href":"https:\/\/brammotors.cl\/es\/wp-json\/wp\/v2\/comments?post=4459"}],"wp:featuredmedia":[{"embeddable":true,"href":"https:\/\/brammotors.cl\/es\/wp-json\/wp\/v2\/media\/4460"}],"wp:attachment":[{"href":"https:\/\/brammotors.cl\/es\/wp-json\/wp\/v2\/media?parent=4459"}],"wp:term":[{"taxonomy":"product_brand","embeddable":true,"href":"https:\/\/brammotors.cl\/es\/wp-json\/wp\/v2\/product_brand?post=4459"},{"taxonomy":"product_cat","embeddable":true,"href":"https:\/\/brammotors.cl\/es\/wp-json\/wp\/v2\/product_cat?post=4459"},{"taxonomy":"product_tag","embeddable":true,"href":"https:\/\/brammotors.cl\/es\/wp-json\/wp\/v2\/product_tag?post=4459"}],"curies":[{"name":"wp","href":"https:\/\/api.w.org\/{rel}","templated":true}]}}