{"id":4477,"date":"2025-03-16T23:11:13","date_gmt":"2025-03-17T02:11:13","guid":{"rendered":"https:\/\/brammotors.cl\/?post_type=product&#038;p=4477"},"modified":"2025-03-16T23:11:14","modified_gmt":"2025-03-17T02:11:14","slug":"coolant-prestone-50-50-dexcool","status":"publish","type":"product","link":"https:\/\/brammotors.cl\/es\/product\/coolant-prestone-50-50-dexcool\/","title":{"rendered":"COOLANT PRESTONE 50\/50 DEXCOOL"},"content":{"rendered":"<p>El Prestone Antifreeze\/coolant 50\/50 Dexcool Color Naranja es un producto esencial para el mantenimiento de tu veh\u00edculo. Este refrigerante\/anticongelante de alta calidad, con su distintivo color naranja, est\u00e1 dise\u00f1ado para proporcionar una protecci\u00f3n superior del motor en todas las condiciones clim\u00e1ticas.<\/p>\n<p>La f\u00f3rmula 50\/50 de Prestone Dexcool asegura una mezcla \u00f3ptima de anticongelante y agua, proporcionando una protecci\u00f3n inigualable contra el sobrecalentamiento, la congelaci\u00f3n y la corrosi\u00f3n. Este producto es compatible con todos los tipos de veh\u00edculos y es especialmente recomendado para aquellos que requieren un refrigerante de color naranja.<\/p>\n<p>Con un volumen de un gal\u00f3n, este producto ofrece una gran cantidad de l\u00edquido para mantener tu veh\u00edculo funcionando sin problemas durante mucho tiempo. El n\u00famero de pieza DEXCOOL garantiza que est\u00e1s obteniendo un producto aut\u00e9ntico de Prestone, una marca de confianza en el mundo del cuidado del autom\u00f3vil.<\/p>\n<p>En resumen, el Prestone Antifreeze\/coolant 50\/50 Dexcool Color Naranja es una inversi\u00f3n inteligente para el cuidado de tu veh\u00edculo. Su f\u00f3rmula avanzada y su gran volumen aseguran que tu motor estar\u00e1 protegido en todas las estaciones del a\u00f1o. No esperes m\u00e1s, dale a tu veh\u00edculo el cuidado que se merece con Prestone.<\/p>","protected":false},"excerpt":{"rendered":"<p>El anticongelante\/refrigerante de vida extendida Prestone\u00ae DEX-COOL\u00ae se recomienda y esta formulado para ser usado en todos los veh\u00edculos que requieran refrigerante DEX-COOL\u00ae, as\u00ed como todos los autos y camionetas livianas con radiadores de aluminio que usen refrigerante de vida extendida. Esta f\u00f3rmula patentada tiene una mezcla concentrada de inhibidores de calidad superior de larga duraci\u00f3n para un alto desempe\u00f1o, protegiendo contra extremos de temperatura y las afectaciones que causa la oxidaci\u00f3n y corrosi\u00f3n por 5 a\u00f1os o 150,000 millas.<\/p>\n<p>DEX-COOL y GM son marcas registradas de General Motors Corporation.<\/p>\n<p>&nbsp;<\/p>\n<p>Especificaciones: ASTM D3306 &amp; D4985<\/p>","protected":false},"featured_media":4478,"comment_status":"open","ping_status":"closed","template":"","meta":{"_acf_changed":false},"product_brand":[483],"product_cat":[481,393],"product_tag":[],"class_list":{"0":"post-4477","1":"product","2":"type-product","3":"status-publish","4":"has-post-thumbnail","6":"product_brand-prestone","7":"product_cat-mantenimiento","8":"product_cat-refigeracion","10":"first","11":"instock","12":"sale","13":"taxable","14":"shipping-taxable","15":"purchasable","16":"product-type-simple"},"acf":[],"_links":{"self":[{"href":"https:\/\/brammotors.cl\/es\/wp-json\/wp\/v2\/product\/4477","targetHints":{"allow":["GET"]}}],"collection":[{"href":"https:\/\/brammotors.cl\/es\/wp-json\/wp\/v2\/product"}],"about":[{"href":"https:\/\/brammotors.cl\/es\/wp-json\/wp\/v2\/types\/product"}],"replies":[{"embeddable":true,"href":"https:\/\/brammotors.cl\/es\/wp-json\/wp\/v2\/comments?post=4477"}],"wp:featuredmedia":[{"embeddable":true,"href":"https:\/\/brammotors.cl\/es\/wp-json\/wp\/v2\/media\/4478"}],"wp:attachment":[{"href":"https:\/\/brammotors.cl\/es\/wp-json\/wp\/v2\/media?parent=4477"}],"wp:term":[{"taxonomy":"product_brand","embeddable":true,"href":"https:\/\/brammotors.cl\/es\/wp-json\/wp\/v2\/product_brand?post=4477"},{"taxonomy":"product_cat","embeddable":true,"href":"https:\/\/brammotors.cl\/es\/wp-json\/wp\/v2\/product_cat?post=4477"},{"taxonomy":"product_tag","embeddable":true,"href":"https:\/\/brammotors.cl\/es\/wp-json\/wp\/v2\/product_tag?post=4477"}],"curies":[{"name":"wp","href":"https:\/\/api.w.org\/{rel}","templated":true}]}}