{"id":4484,"date":"2025-03-18T20:54:18","date_gmt":"2025-03-18T23:54:18","guid":{"rendered":"https:\/\/brammotors.cl\/?post_type=product&#038;p=4484"},"modified":"2025-10-09T23:43:41","modified_gmt":"2025-10-10T02:43:41","slug":"bujia-ngk-dpr8ea-9","status":"publish","type":"product","link":"https:\/\/brammotors.cl\/es\/product\/bujia-ngk-dpr8ea-9\/","title":{"rendered":"BUJIA NGK DPR8EA-9"},"content":{"rendered":"<p style=\"font-weight: 400;\">Las buj\u00edas NGK forman parte del equipamiento original de los m\u00e1s importantes fabricantes de coches y motos, as\u00ed como en los veh\u00edculos F\u00f3rmula 1 y en las motos de competici\u00f3n.<\/p>\n<p style=\"font-weight: 400;\">NGK define los est\u00e1ndares m\u00e1s exigentes de calidad. Su tecnolog\u00eda puntera garantiza un nivel de prestaciones que da respuesta incluso a las situaciones m\u00e1s extremas.<\/p>\n<p style=\"font-weight: 400;\">La avanzada tecnolog\u00eda de las buj\u00edas de encendido de NGK ha sido ampliamente probada, maximizando el rendimiento y minimizando el impacto en el medio ambiente.<\/p>","protected":false},"excerpt":{"rendered":"<p>Las buj\u00edas NGK forman parte del equipamiento original de los m\u00e1s importantes fabricantes de coches y motos, as\u00ed como en los veh\u00edculos F\u00f3rmula 1 y en las motos de competici\u00f3n. NGK define los est\u00e1ndares m\u00e1s exigentes de calidad. Su tecnolog\u00eda puntera garantiza un nivel de prestaciones que da respuesta incluso a las situaciones m\u00e1s extremas. [&hellip;]<\/p>\n","protected":false},"featured_media":4485,"comment_status":"open","ping_status":"closed","template":"","meta":{"_acf_changed":false},"product_brand":[484],"product_cat":[485,481],"product_tag":[],"class_list":{"0":"post-4484","1":"product","2":"type-product","3":"status-publish","4":"has-post-thumbnail","6":"product_brand-ngk","7":"product_cat-bujias","8":"product_cat-mantenimiento","10":"first","11":"instock","12":"taxable","13":"shipping-taxable","14":"purchasable","15":"product-type-simple"},"acf":[],"_links":{"self":[{"href":"https:\/\/brammotors.cl\/es\/wp-json\/wp\/v2\/product\/4484","targetHints":{"allow":["GET"]}}],"collection":[{"href":"https:\/\/brammotors.cl\/es\/wp-json\/wp\/v2\/product"}],"about":[{"href":"https:\/\/brammotors.cl\/es\/wp-json\/wp\/v2\/types\/product"}],"replies":[{"embeddable":true,"href":"https:\/\/brammotors.cl\/es\/wp-json\/wp\/v2\/comments?post=4484"}],"wp:featuredmedia":[{"embeddable":true,"href":"https:\/\/brammotors.cl\/es\/wp-json\/wp\/v2\/media\/4485"}],"wp:attachment":[{"href":"https:\/\/brammotors.cl\/es\/wp-json\/wp\/v2\/media?parent=4484"}],"wp:term":[{"taxonomy":"product_brand","embeddable":true,"href":"https:\/\/brammotors.cl\/es\/wp-json\/wp\/v2\/product_brand?post=4484"},{"taxonomy":"product_cat","embeddable":true,"href":"https:\/\/brammotors.cl\/es\/wp-json\/wp\/v2\/product_cat?post=4484"},{"taxonomy":"product_tag","embeddable":true,"href":"https:\/\/brammotors.cl\/es\/wp-json\/wp\/v2\/product_tag?post=4484"}],"curies":[{"name":"wp","href":"https:\/\/api.w.org\/{rel}","templated":true}]}}