{"id":4495,"date":"2025-03-25T21:11:30","date_gmt":"2025-03-26T00:11:30","guid":{"rendered":"https:\/\/brammotors.cl\/product\/bateria-bs-battery-bsli-02\/"},"modified":"2025-03-25T22:27:50","modified_gmt":"2025-03-26T01:27:50","slug":"bateria-bs-battery-bsli-02","status":"publish","type":"product","link":"https:\/\/brammotors.cl\/es\/product\/bateria-bs-battery-bsli-02\/","title":{"rendered":"Bater\u00eda BS BATTERY BSLI-02"},"content":{"rendered":"<p>La bater\u00eda BSLi-02 es parte de nuestra gama LiFePO4.<\/p>\n<p>Dise\u00f1ada para los ciclistas m\u00e1s exigentes, esta bater\u00eda de 12,8 V 2 Ah (24 Wh) ofrece el m\u00e1ximo rendimiento de arranque, mayor seguridad y una mayor vida \u00fatil.<\/p>\n<p>Con su dise\u00f1o ultraligero, esta bater\u00eda BSLi-02 proporciona una aceleraci\u00f3n m\u00e1s r\u00e1pida a todos los veh\u00edculos deportivos motorizados.<\/p>\n<hr \/>\n<p><strong>ESPECIFICACIONES:<\/strong><\/p>\n<ul>\n<li id=\"tw-target-text\" dir=\"ltr\" data-placeholder=\"Traducci\u00f3n\">Tecnolog\u00eda: LiFePO4<\/li>\n<li dir=\"ltr\" data-placeholder=\"Traducci\u00f3n\">Voltaje (V): 12.8<\/li>\n<li dir=\"ltr\" data-placeholder=\"Traducci\u00f3n\">Capacidad 10h (Ah): 2<\/li>\n<li dir=\"ltr\" data-placeholder=\"Traducci\u00f3n\">Potencia (Wh): 24<\/li>\n<li dir=\"ltr\" data-placeholder=\"Traducci\u00f3n\">AAC (A): 140<\/li>\n<li dir=\"ltr\" data-placeholder=\"Traducci\u00f3n\">Polaridad: 63<\/li>\n<li dir=\"ltr\" data-placeholder=\"Traducci\u00f3n\">Terminal: &#8211; +<\/li>\n<li dir=\"ltr\" data-placeholder=\"Traducci\u00f3n\">Dimensiones (mm):1 07x56x85<\/li>\n<\/ul>\n<hr \/>\n<p><strong>REEMPLAZA A:<\/strong><\/p>\n<p><strong>SLA:\u00a0<\/strong>12N5.5-3B &#8211;\u00a0BB4L-B &#8211;\u00a0BB5L-B &#8211;\u00a0BB7C-A &#8211;\u00a0BB7L-B2 &#8211;\u00a0BTX4L+ \/ BTZ5S &#8211;\u00a0BTX5L \/ BTZ6S &#8211;\u00a0BTX7L &#8211;\u00a0BTZ7V &#8211;\u00a0BTZ8V<\/p>\n<p><strong>MF:\u00a0<\/strong>BTX4L-BS+ \/ BTZ5S-BS &#8211;\u00a0BTX5L-BS &#8211;\u00a0BTX7L-BS &#8211;\u00a0BTZ7S-BS<\/p>\n<p><strong>DRY:\u00a0<\/strong>12N5.5-3B &#8211;\u00a0BB4L-B &#8211;\u00a0BB5L-B &#8211;\u00a0BB7C-A &#8211;\u00a0BB7L-B &#8211;\u00a0BB7L-B2<\/p>","protected":false},"excerpt":{"rendered":"<h2>BS BATTERY<\/h2>","protected":false},"featured_media":4494,"comment_status":"open","ping_status":"closed","template":"","meta":{"_acf_changed":false},"product_brand":[],"product_cat":[391,481],"product_tag":[],"class_list":{"0":"post-4495","1":"product","2":"type-product","3":"status-publish","4":"has-post-thumbnail","6":"product_cat-baterias","7":"product_cat-mantenimiento","9":"first","10":"instock","11":"taxable","12":"shipping-taxable","13":"purchasable","14":"product-type-simple"},"acf":[],"_links":{"self":[{"href":"https:\/\/brammotors.cl\/es\/wp-json\/wp\/v2\/product\/4495","targetHints":{"allow":["GET"]}}],"collection":[{"href":"https:\/\/brammotors.cl\/es\/wp-json\/wp\/v2\/product"}],"about":[{"href":"https:\/\/brammotors.cl\/es\/wp-json\/wp\/v2\/types\/product"}],"replies":[{"embeddable":true,"href":"https:\/\/brammotors.cl\/es\/wp-json\/wp\/v2\/comments?post=4495"}],"wp:featuredmedia":[{"embeddable":true,"href":"https:\/\/brammotors.cl\/es\/wp-json\/wp\/v2\/media\/4494"}],"wp:attachment":[{"href":"https:\/\/brammotors.cl\/es\/wp-json\/wp\/v2\/media?parent=4495"}],"wp:term":[{"taxonomy":"product_brand","embeddable":true,"href":"https:\/\/brammotors.cl\/es\/wp-json\/wp\/v2\/product_brand?post=4495"},{"taxonomy":"product_cat","embeddable":true,"href":"https:\/\/brammotors.cl\/es\/wp-json\/wp\/v2\/product_cat?post=4495"},{"taxonomy":"product_tag","embeddable":true,"href":"https:\/\/brammotors.cl\/es\/wp-json\/wp\/v2\/product_tag?post=4495"}],"curies":[{"name":"wp","href":"https:\/\/api.w.org\/{rel}","templated":true}]}}