{"id":4498,"date":"2025-03-25T21:11:37","date_gmt":"2025-03-26T00:11:37","guid":{"rendered":"https:\/\/brammotors.cl\/product\/bateria-bs-battery-bsli-03\/"},"modified":"2025-03-25T22:34:31","modified_gmt":"2025-03-26T01:34:31","slug":"bateria-bs-battery-bsli-03","status":"publish","type":"product","link":"https:\/\/brammotors.cl\/es\/product\/bateria-bs-battery-bsli-03\/","title":{"rendered":"Bater\u00eda BS BATTERY BSLI-03"},"content":{"rendered":"<p>La bater\u00eda BSLi-03 es parte de nuestra gama LiFePO4.<\/p>\n<p>Dise\u00f1ada para los ciclistas m\u00e1s exigentes, esta bater\u00eda de 12,8 V 3 Ah (36 Wh) ofrece el m\u00e1ximo rendimiento de arranque, mayor seguridad y una mayor vida \u00fatil.<\/p>\n<p>Con su dise\u00f1o ultraligero, esta bater\u00eda BSLi-03 proporciona una aceleraci\u00f3n m\u00e1s r\u00e1pida a todos los veh\u00edculos deportivos motorizados.<\/p>\n<p>\u00datil, esta bater\u00eda est\u00e1 equipada con un indicador de voltaje para verificar el estado de carga en cualquier momento.<\/p>\n<hr \/>\n<p><strong>ESPECIFICACIONES:<\/strong><\/p>\n<ul>\n<li>Tecnolog\u00eda:\u00a0LiFePO4<\/li>\n<li>Voltaje (V):\u00a012.8<\/li>\n<li>Capacidad 10h (Ah):\u00a03<\/li>\n<li>Potencia (Wh):\u00a036<\/li>\n<li>AAC (A):\u00a0210<\/li>\n<li>Polaridad:\u00a062<\/li>\n<li>Terminal: + &#8211;<\/li>\n<li>Dimensiones (mm):\u00a0134x65x92<\/li>\n<\/ul>\n<hr \/>\n<p><strong>REEMPLAZA A: <\/strong><\/p>\n<p><strong>SLA:\u00a0<\/strong>BB7-A &#8211;\u00a0BT7B-4 &#8211;\u00a0BT9B-4 &#8211;\u00a0BTX7A &#8211;\u00a0BTX9<\/p>\n<p><strong>MF: <\/strong>BT7B-BS &#8211;\u00a0BT9A-BS &#8211;\u00a0BT9B-BS\u00a0&#8211; BTX7A-BS &#8211;\u00a0BTX9-BS<\/p>\n<p><strong>DRY<\/strong>: BB7-A &#8211;\u00a0BB9-B<\/p>","protected":false},"excerpt":{"rendered":"<h1>BATER\u00cdA LITIO BSLI-03<\/h1>\n<h2>BS BATTERY<\/h2>","protected":false},"featured_media":4497,"comment_status":"open","ping_status":"closed","template":"","meta":{"_acf_changed":false},"product_brand":[],"product_cat":[391,481],"product_tag":[],"class_list":{"0":"post-4498","1":"product","2":"type-product","3":"status-publish","4":"has-post-thumbnail","6":"product_cat-baterias","7":"product_cat-mantenimiento","9":"first","10":"outofstock","11":"taxable","12":"shipping-taxable","13":"purchasable","14":"product-type-simple"},"acf":[],"_links":{"self":[{"href":"https:\/\/brammotors.cl\/es\/wp-json\/wp\/v2\/product\/4498","targetHints":{"allow":["GET"]}}],"collection":[{"href":"https:\/\/brammotors.cl\/es\/wp-json\/wp\/v2\/product"}],"about":[{"href":"https:\/\/brammotors.cl\/es\/wp-json\/wp\/v2\/types\/product"}],"replies":[{"embeddable":true,"href":"https:\/\/brammotors.cl\/es\/wp-json\/wp\/v2\/comments?post=4498"}],"wp:featuredmedia":[{"embeddable":true,"href":"https:\/\/brammotors.cl\/es\/wp-json\/wp\/v2\/media\/4497"}],"wp:attachment":[{"href":"https:\/\/brammotors.cl\/es\/wp-json\/wp\/v2\/media?parent=4498"}],"wp:term":[{"taxonomy":"product_brand","embeddable":true,"href":"https:\/\/brammotors.cl\/es\/wp-json\/wp\/v2\/product_brand?post=4498"},{"taxonomy":"product_cat","embeddable":true,"href":"https:\/\/brammotors.cl\/es\/wp-json\/wp\/v2\/product_cat?post=4498"},{"taxonomy":"product_tag","embeddable":true,"href":"https:\/\/brammotors.cl\/es\/wp-json\/wp\/v2\/product_tag?post=4498"}],"curies":[{"name":"wp","href":"https:\/\/api.w.org\/{rel}","templated":true}]}}