{"id":4501,"date":"2025-03-25T21:11:46","date_gmt":"2025-03-26T00:11:46","guid":{"rendered":"https:\/\/brammotors.cl\/product\/bateria-bs-battery-bsli-05\/"},"modified":"2025-03-25T22:27:38","modified_gmt":"2025-03-26T01:27:38","slug":"bateria-bs-battery-bsli-05","status":"publish","type":"product","link":"https:\/\/brammotors.cl\/es\/product\/bateria-bs-battery-bsli-05\/","title":{"rendered":"Bater\u00eda BS BATTERY BSLI-05"},"content":{"rendered":"<p id=\"tw-target-text\" dir=\"ltr\" data-placeholder=\"Traducci\u00f3n\">La bater\u00eda BSLi-05 es parte de nuestra gama LiFePO4.<\/p>\n<p dir=\"ltr\" data-placeholder=\"Traducci\u00f3n\">Dise\u00f1ada para los ciclistas m\u00e1s exigentes, esta bater\u00eda de 12,8 V 4 Ah (48 Wh) ofrece el m\u00e1ximo rendimiento de arranque, mayor seguridad y una mayor vida \u00fatil.<\/p>\n<p dir=\"ltr\" data-placeholder=\"Traducci\u00f3n\">Con su dise\u00f1o ultraligero, esta bater\u00eda BSLi-05 proporciona una aceleraci\u00f3n m\u00e1s r\u00e1pida para todos los veh\u00edculos deportivos motorizados.<\/p>\n<p dir=\"ltr\" data-placeholder=\"Traducci\u00f3n\">\u00datil, esta bater\u00eda est\u00e1 equipada con un indicador de voltaje para verificar el estado de carga en cualquier momento.<\/p>\n<hr \/>\n<p dir=\"ltr\" data-placeholder=\"Traducci\u00f3n\"><strong>ESPECIFICACIONES:<\/strong><\/p>\n<ul>\n<li dir=\"ltr\" data-placeholder=\"Traducci\u00f3n\">Tecnolog\u00eda:\u00a0LiFePO4<\/li>\n<li dir=\"ltr\" data-placeholder=\"Traducci\u00f3n\">Voltaje (V):\u00a012.8<\/li>\n<li dir=\"ltr\" data-placeholder=\"Traducci\u00f3n\">Capacidad 10h (Ah):\u00a04<\/li>\n<li dir=\"ltr\" data-placeholder=\"Traducci\u00f3n\">Potencia (Wh):\u00a048<\/li>\n<li dir=\"ltr\" data-placeholder=\"Traducci\u00f3n\">AAC (A):\u00a0280<\/li>\n<li dir=\"ltr\" data-placeholder=\"Traducci\u00f3n\">Terminal: &#8211; +<\/li>\n<li dir=\"ltr\" data-placeholder=\"Traducci\u00f3n\">Dimensiones (mm):\u00a0134x65x92<\/li>\n<\/ul>\n<hr \/>\n<p><strong>REEMPLAZA A:<\/strong><br \/>\n<strong>SLA:\u00a0<\/strong>BB10L-A2\/B2 &#8211;\u00a0BB12AL-A2 &#8211; BB16AL-A2\u00a0&#8211; BTX14AHL \/ BB14L-A2\/B2<br \/>\n<strong>MF:\u00a0<\/strong>BTX14AHL-BS<br \/>\n<strong>DRY:\u00a0<\/strong>BB10L-A2 &#8211;\u00a0BB10L-B2-\u00a0BB10L-BP &#8211;\u00a0BB12AL-A &#8211;\u00a0BB12AL-A2\u00a0&#8211; BB14L-A2\u00a0&#8211; BB14L-B2\u00a0&#8211; BB16AL-A2<\/p>","protected":false},"excerpt":{"rendered":"<h1>BATER\u00cdA LITIO BSLI-05<\/h1>\n<h2>BS BATTERY<\/h2>","protected":false},"featured_media":4500,"comment_status":"open","ping_status":"closed","template":"","meta":{"_acf_changed":false},"product_brand":[],"product_cat":[391,481],"product_tag":[],"class_list":{"0":"post-4501","1":"product","2":"type-product","3":"status-publish","4":"has-post-thumbnail","6":"product_cat-baterias","7":"product_cat-mantenimiento","9":"first","10":"instock","11":"taxable","12":"shipping-taxable","13":"purchasable","14":"product-type-simple"},"acf":[],"_links":{"self":[{"href":"https:\/\/brammotors.cl\/es\/wp-json\/wp\/v2\/product\/4501","targetHints":{"allow":["GET"]}}],"collection":[{"href":"https:\/\/brammotors.cl\/es\/wp-json\/wp\/v2\/product"}],"about":[{"href":"https:\/\/brammotors.cl\/es\/wp-json\/wp\/v2\/types\/product"}],"replies":[{"embeddable":true,"href":"https:\/\/brammotors.cl\/es\/wp-json\/wp\/v2\/comments?post=4501"}],"wp:featuredmedia":[{"embeddable":true,"href":"https:\/\/brammotors.cl\/es\/wp-json\/wp\/v2\/media\/4500"}],"wp:attachment":[{"href":"https:\/\/brammotors.cl\/es\/wp-json\/wp\/v2\/media?parent=4501"}],"wp:term":[{"taxonomy":"product_brand","embeddable":true,"href":"https:\/\/brammotors.cl\/es\/wp-json\/wp\/v2\/product_brand?post=4501"},{"taxonomy":"product_cat","embeddable":true,"href":"https:\/\/brammotors.cl\/es\/wp-json\/wp\/v2\/product_cat?post=4501"},{"taxonomy":"product_tag","embeddable":true,"href":"https:\/\/brammotors.cl\/es\/wp-json\/wp\/v2\/product_tag?post=4501"}],"curies":[{"name":"wp","href":"https:\/\/api.w.org\/{rel}","templated":true}]}}