{"id":4511,"date":"2025-03-25T21:12:01","date_gmt":"2025-03-26T00:12:01","guid":{"rendered":"https:\/\/brammotors.cl\/product\/bateria-bs-battery-bt9b-4\/"},"modified":"2025-03-25T22:27:02","modified_gmt":"2025-03-26T01:27:02","slug":"bateria-bs-battery-bt9b-4","status":"publish","type":"product","link":"https:\/\/brammotors.cl\/es\/product\/bateria-bs-battery-bt9b-4\/","title":{"rendered":"Bater\u00eda BS BATTERY BT9B-4"},"content":{"rendered":"<p>La bater\u00eda BT9B-4 es parte de nuestra gama SLA.<\/p>\n<p>Dise\u00f1ada para facilitar la vida del usuario, esta bater\u00eda de 12 V 8,4 Ah est\u00e1 lista para usar, 100 % libre de mantenimiento y completamente a prueba de derrames.<\/p>\n<p>Extremadamente simple de instalar y transportar, esta bater\u00eda BT9B-4 ofrece mayor potencia, mayor vida \u00fatil y m\u00e1xima confiabilidad para todos los veh\u00edculos de deportes motorizados que requieren un alto rendimiento.<\/p>\n<hr \/>\n<p><strong>ESPECIFICACIONES<\/strong><\/p>\n<div class=\"vc_col-sm-6 wpb_column vc_column_container mobile1column\">\n<div class=\"specification\">\n<div class=\"wpb_wrapper specificationWrapper\">\n<div class=\"vc_col-xs-7 wpb_column vc_column_container\">\n<ul>\n<li>Tecnolog\u00eda: SLA<\/li>\n<li>Voltaje (V): 12<\/li>\n<li>Capacidad 10h (Ah): 8<\/li>\n<li>Capacidad 20hr (Ah): 8.4<\/li>\n<li>AAC (A): 120<\/li>\n<li>Polaridad: + &#8211;<\/li>\n<li>Dimensiones (mm): 150x68x1059<\/li>\n<\/ul>\n<\/div>\n<\/div>\n<\/div>\n<\/div>","protected":false},"excerpt":{"rendered":"<h1><\/h1>\n<h2>BS BATTERY<\/h2>","protected":false},"featured_media":4510,"comment_status":"open","ping_status":"closed","template":"","meta":{"_acf_changed":false},"product_brand":[],"product_cat":[391,481],"product_tag":[],"class_list":{"0":"post-4511","1":"product","2":"type-product","3":"status-publish","4":"has-post-thumbnail","6":"product_cat-baterias","7":"product_cat-mantenimiento","9":"first","10":"instock","11":"taxable","12":"shipping-taxable","13":"purchasable","14":"product-type-simple"},"acf":[],"_links":{"self":[{"href":"https:\/\/brammotors.cl\/es\/wp-json\/wp\/v2\/product\/4511","targetHints":{"allow":["GET"]}}],"collection":[{"href":"https:\/\/brammotors.cl\/es\/wp-json\/wp\/v2\/product"}],"about":[{"href":"https:\/\/brammotors.cl\/es\/wp-json\/wp\/v2\/types\/product"}],"replies":[{"embeddable":true,"href":"https:\/\/brammotors.cl\/es\/wp-json\/wp\/v2\/comments?post=4511"}],"wp:featuredmedia":[{"embeddable":true,"href":"https:\/\/brammotors.cl\/es\/wp-json\/wp\/v2\/media\/4510"}],"wp:attachment":[{"href":"https:\/\/brammotors.cl\/es\/wp-json\/wp\/v2\/media?parent=4511"}],"wp:term":[{"taxonomy":"product_brand","embeddable":true,"href":"https:\/\/brammotors.cl\/es\/wp-json\/wp\/v2\/product_brand?post=4511"},{"taxonomy":"product_cat","embeddable":true,"href":"https:\/\/brammotors.cl\/es\/wp-json\/wp\/v2\/product_cat?post=4511"},{"taxonomy":"product_tag","embeddable":true,"href":"https:\/\/brammotors.cl\/es\/wp-json\/wp\/v2\/product_tag?post=4511"}],"curies":[{"name":"wp","href":"https:\/\/api.w.org\/{rel}","templated":true}]}}