{"id":4515,"date":"2025-03-25T21:12:08","date_gmt":"2025-03-26T00:12:08","guid":{"rendered":"https:\/\/brammotors.cl\/product\/bateria-bs-battery-51913\/"},"modified":"2025-03-25T22:25:02","modified_gmt":"2025-03-26T01:25:02","slug":"bateria-bs-battery-51913","status":"publish","type":"product","link":"https:\/\/brammotors.cl\/es\/product\/bateria-bs-battery-51913\/","title":{"rendered":"Bater\u00eda BS BATTERY 51913"},"content":{"rendered":"<p>La bater\u00eda 51913 forma parte de nuestra gama SLA Max. Dise\u00f1ada para las condiciones m\u00e1s extremas, esta bater\u00eda de 12V 22Ah ofrece el m\u00e1ximo rendimiento a las motos de gran motor equipadas con equipos electr\u00f3nicos (GPS, Alarma, audio, linternas&#8230;).<\/p>\n<p>Lista para usar, 100 % libre de mantenimiento y a prueba de derrames, esta bater\u00eda 51913 brinda mayor potencia, capacidad superior y m\u00e1xima confiabilidad para todas las motocicletas pesadas.<\/p>\n<p><strong>ESPECIFICACIONES<\/strong><\/p>\n<hr \/>\n<ul>\n<li><span style=\"color: #ff0000;\">N\u00famero de parte: 300860<\/span><\/li>\n<li><span style=\"color: #ff0000;\">Tecnolog\u00eda: SLA m\u00e1x.<\/span><\/li>\n<li><span style=\"color: #ff0000;\">Voltaje (V): 12<\/span><\/li>\n<li><span style=\"color: #ff0000;\">Capacidad 10h (Ah): 21<\/span><\/li>\n<li><span style=\"color: #ff0000;\">Capacidad 20hr (Ah): 22<\/span><\/li>\n<li><span style=\"color: #ff0000;\">AAC (A): 275<\/span><\/li>\n<li><span style=\"color: #ff0000;\">Polaridad: 63<\/span><\/li>\n<li><span style=\"color: #ff0000;\">Dimensiones (mm): 186x82x171<\/span><\/li>\n<\/ul>","protected":false},"excerpt":{"rendered":"<h1>BATER\u00cdA SLA MAX 51913<\/h1>\n<h2>BS BATTERY<\/h2>","protected":false},"featured_media":4514,"comment_status":"open","ping_status":"closed","template":"","meta":{"_acf_changed":false},"product_brand":[],"product_cat":[391,481],"product_tag":[],"class_list":{"0":"post-4515","1":"product","2":"type-product","3":"status-publish","4":"has-post-thumbnail","6":"product_cat-baterias","7":"product_cat-mantenimiento","9":"first","10":"instock","11":"taxable","12":"shipping-taxable","13":"purchasable","14":"product-type-simple"},"acf":[],"_links":{"self":[{"href":"https:\/\/brammotors.cl\/es\/wp-json\/wp\/v2\/product\/4515","targetHints":{"allow":["GET"]}}],"collection":[{"href":"https:\/\/brammotors.cl\/es\/wp-json\/wp\/v2\/product"}],"about":[{"href":"https:\/\/brammotors.cl\/es\/wp-json\/wp\/v2\/types\/product"}],"replies":[{"embeddable":true,"href":"https:\/\/brammotors.cl\/es\/wp-json\/wp\/v2\/comments?post=4515"}],"wp:featuredmedia":[{"embeddable":true,"href":"https:\/\/brammotors.cl\/es\/wp-json\/wp\/v2\/media\/4514"}],"wp:attachment":[{"href":"https:\/\/brammotors.cl\/es\/wp-json\/wp\/v2\/media?parent=4515"}],"wp:term":[{"taxonomy":"product_brand","embeddable":true,"href":"https:\/\/brammotors.cl\/es\/wp-json\/wp\/v2\/product_brand?post=4515"},{"taxonomy":"product_cat","embeddable":true,"href":"https:\/\/brammotors.cl\/es\/wp-json\/wp\/v2\/product_cat?post=4515"},{"taxonomy":"product_tag","embeddable":true,"href":"https:\/\/brammotors.cl\/es\/wp-json\/wp\/v2\/product_tag?post=4515"}],"curies":[{"name":"wp","href":"https:\/\/api.w.org\/{rel}","templated":true}]}}