{"id":4521,"date":"2025-03-25T21:12:15","date_gmt":"2025-03-26T00:12:15","guid":{"rendered":"https:\/\/brammotors.cl\/product\/bateria-bs-battery-bb7l-b2\/"},"modified":"2025-03-25T22:24:51","modified_gmt":"2025-03-26T01:24:51","slug":"bateria-bs-battery-bb7l-b2","status":"publish","type":"product","link":"https:\/\/brammotors.cl\/es\/product\/bateria-bs-battery-bb7l-b2\/","title":{"rendered":"Bater\u00eda BS BATTERY BB7L-B2"},"content":{"rendered":"<p>La bater\u00eda BB7L-B2 forma parte de nuestra gama SLA. Dise\u00f1ada para facilitar la vida del usuario, esta bater\u00eda de 12 V 8,4 Ah est\u00e1 lista para usar, 100 % libre de mantenimiento y completamente a prueba de derrames.<\/p>\n<p>Extremadamente simple de instalar y transportar, esta bater\u00eda BB7L-B2 ofrece mayor potencia, mayor vida \u00fatil y m\u00e1xima confiabilidad para todos los veh\u00edculos de deportes motorizados que requieren un alto rendimiento.<\/p>\n<p>ESPECIFICACIONES<\/p>\n<ul>\n<li><span style=\"color: #ff0000;\">N\u00famero de parte: 300836<\/span><\/li>\n<li><span style=\"color: #ff0000;\">Tecnolog\u00eda: ANS<\/span><\/li>\n<li><span style=\"color: #ff0000;\">Voltaje (V): 12<\/span><\/li>\n<li><span style=\"color: #ff0000;\">Capacidad 10h (Ah): 8<\/span><\/li>\n<li><span style=\"color: #ff0000;\">Capacidad 20hr (Ah): 8.4<\/span><\/li>\n<li><span style=\"color: #ff0000;\">AAC (A): 100<\/span><\/li>\n<li><span style=\"color: #ff0000;\">Polaridad: 63<\/span><\/li>\n<li><span style=\"color: #ff0000;\">Dimensiones (mm): 135x75x133<\/span><\/li>\n<\/ul>","protected":false},"excerpt":{"rendered":"<h1>BATERIA BB7L-B2<\/h1>\n<h2>BS BATTERY<\/h2>","protected":false},"featured_media":4520,"comment_status":"open","ping_status":"closed","template":"","meta":{"_acf_changed":false},"product_brand":[],"product_cat":[391,481],"product_tag":[],"class_list":{"0":"post-4521","1":"product","2":"type-product","3":"status-publish","4":"has-post-thumbnail","6":"product_cat-baterias","7":"product_cat-mantenimiento","9":"first","10":"instock","11":"taxable","12":"shipping-taxable","13":"purchasable","14":"product-type-simple"},"acf":[],"_links":{"self":[{"href":"https:\/\/brammotors.cl\/es\/wp-json\/wp\/v2\/product\/4521","targetHints":{"allow":["GET"]}}],"collection":[{"href":"https:\/\/brammotors.cl\/es\/wp-json\/wp\/v2\/product"}],"about":[{"href":"https:\/\/brammotors.cl\/es\/wp-json\/wp\/v2\/types\/product"}],"replies":[{"embeddable":true,"href":"https:\/\/brammotors.cl\/es\/wp-json\/wp\/v2\/comments?post=4521"}],"wp:featuredmedia":[{"embeddable":true,"href":"https:\/\/brammotors.cl\/es\/wp-json\/wp\/v2\/media\/4520"}],"wp:attachment":[{"href":"https:\/\/brammotors.cl\/es\/wp-json\/wp\/v2\/media?parent=4521"}],"wp:term":[{"taxonomy":"product_brand","embeddable":true,"href":"https:\/\/brammotors.cl\/es\/wp-json\/wp\/v2\/product_brand?post=4521"},{"taxonomy":"product_cat","embeddable":true,"href":"https:\/\/brammotors.cl\/es\/wp-json\/wp\/v2\/product_cat?post=4521"},{"taxonomy":"product_tag","embeddable":true,"href":"https:\/\/brammotors.cl\/es\/wp-json\/wp\/v2\/product_tag?post=4521"}],"curies":[{"name":"wp","href":"https:\/\/api.w.org\/{rel}","templated":true}]}}