{"id":4552,"date":"2025-03-25T21:12:45","date_gmt":"2025-03-26T00:12:45","guid":{"rendered":"https:\/\/brammotors.cl\/product\/bateria-bs-battery-btx7l-bs\/"},"modified":"2025-03-25T22:22:17","modified_gmt":"2025-03-26T01:22:17","slug":"bateria-bs-battery-btx7l-bs","status":"publish","type":"product","link":"https:\/\/brammotors.cl\/es\/product\/bateria-bs-battery-btx7l-bs\/","title":{"rendered":"Bater\u00eda BS BATTERY BTX7L-BS"},"content":{"rendered":"<p>La bater\u00eda BTX7L-BS forma parte de nuestra gama MF. Entregada con paquete de \u00e1cido, esta bater\u00eda de 12 V 6,3 Ah debe activarse llenando el \u00e1cido antes del primer uso. Totalmente sellada y libre de mantenimiento una vez activada, esta bater\u00eda ofrece un alto rendimiento y no requiere recarga de agua.<\/p>\n<p>La bater\u00eda BTX7L-BS, que proporciona alta potencia, vida \u00fatil prolongada y m\u00e1xima confiabilidad en cualquier condici\u00f3n clim\u00e1tica, es perfectamente adecuada para la mayor\u00eda de los veh\u00edculos deportivos motorizados.<\/p>\n<hr \/>\n<p><strong>ESPECIFICACIONES<\/strong><\/p>\n<ul>\n<li><span style=\"color: #ff0000;\">N\u00famero de pieza: 300620<\/span><\/li>\n<li><span style=\"color: #ff0000;\">Tecnolog\u00eda: MF<\/span><\/li>\n<li><span style=\"color: #ff0000;\">Voltaje (V): 12<\/span><\/li>\n<li><span style=\"color: #ff0000;\">Capacidad 10h (Ah): 6<\/span><\/li>\n<li><span style=\"color: #ff0000;\">Capacidad 20hr (Ah): 6.3<\/span><\/li>\n<li><span style=\"color: #ff0000;\">AAC (A): 100<\/span><\/li>\n<li><span style=\"color: #ff0000;\">Polaridad: 63<\/span><\/li>\n<li><span style=\"color: #ff0000;\">Dimensiones (mm): 150x87x93<\/span><\/li>\n<\/ul>","protected":false},"excerpt":{"rendered":"<h1>BATER\u00cdA MF BTX7L-BS<\/h1>\n<h2>BS BATTERY<\/h2>","protected":false},"featured_media":4551,"comment_status":"open","ping_status":"closed","template":"","meta":{"_acf_changed":false},"product_brand":[],"product_cat":[391,481],"product_tag":[],"class_list":{"0":"post-4552","1":"product","2":"type-product","3":"status-publish","4":"has-post-thumbnail","6":"product_cat-baterias","7":"product_cat-mantenimiento","9":"first","10":"instock","11":"taxable","12":"shipping-taxable","13":"purchasable","14":"product-type-simple"},"acf":[],"_links":{"self":[{"href":"https:\/\/brammotors.cl\/es\/wp-json\/wp\/v2\/product\/4552","targetHints":{"allow":["GET"]}}],"collection":[{"href":"https:\/\/brammotors.cl\/es\/wp-json\/wp\/v2\/product"}],"about":[{"href":"https:\/\/brammotors.cl\/es\/wp-json\/wp\/v2\/types\/product"}],"replies":[{"embeddable":true,"href":"https:\/\/brammotors.cl\/es\/wp-json\/wp\/v2\/comments?post=4552"}],"wp:featuredmedia":[{"embeddable":true,"href":"https:\/\/brammotors.cl\/es\/wp-json\/wp\/v2\/media\/4551"}],"wp:attachment":[{"href":"https:\/\/brammotors.cl\/es\/wp-json\/wp\/v2\/media?parent=4552"}],"wp:term":[{"taxonomy":"product_brand","embeddable":true,"href":"https:\/\/brammotors.cl\/es\/wp-json\/wp\/v2\/product_brand?post=4552"},{"taxonomy":"product_cat","embeddable":true,"href":"https:\/\/brammotors.cl\/es\/wp-json\/wp\/v2\/product_cat?post=4552"},{"taxonomy":"product_tag","embeddable":true,"href":"https:\/\/brammotors.cl\/es\/wp-json\/wp\/v2\/product_tag?post=4552"}],"curies":[{"name":"wp","href":"https:\/\/api.w.org\/{rel}","templated":true}]}}