{"id":4570,"date":"2025-03-25T21:13:03","date_gmt":"2025-03-26T00:13:03","guid":{"rendered":"https:\/\/brammotors.cl\/product\/bateria-bs-battery-btx4l-bs-btz5s\/"},"modified":"2025-03-25T22:17:20","modified_gmt":"2025-03-26T01:17:20","slug":"bateria-bs-battery-btx4l-bs-btz5s","status":"publish","type":"product","link":"https:\/\/brammotors.cl\/es\/product\/bateria-bs-battery-btx4l-bs-btz5s\/","title":{"rendered":"Bater\u00eda BS BATTERY BTX4L-BS+\/BTZ5S"},"content":{"rendered":"<p>La bater\u00eda BTX4L-BS+\/BTZ5S forma parte de nuestra gama MF. Entregada con paquete de \u00e1cido, esta bater\u00eda de 12V 4.2Ah debe activarse llenando el \u00e1cido antes del primer uso. Totalmente sellada y libre de mantenimiento una vez activada, esta bater\u00eda ofrece un alto rendimiento y no requiere recarga de agua.<\/p>\n<p>La bater\u00eda BTX4L-BS+\/BTZ5S, que proporciona alta potencia, vida \u00fatil prolongada y m\u00e1xima confiabilidad en cualquier condici\u00f3n clim\u00e1tica, es perfectamente adecuada para la mayor\u00eda de los veh\u00edculos deportivos motorizados.<\/p>\n<p>ESPECIFICACIONES<\/p>\n<ul>\n<li><span style=\"color: #ff0000;\">N\u00famero de pieza: 300617<\/span><\/li>\n<li><span style=\"color: #ff0000;\">Tecnolog\u00eda: MF<\/span><\/li>\n<li><span style=\"color: #ff0000;\">Voltaje (V): 12<\/span><\/li>\n<li><span style=\"color: #ff0000;\">Capacidad 10h (Ah): 4<\/span><\/li>\n<li><span style=\"color: #ff0000;\">Capacidad 20hr (Ah): 4.2<\/span><\/li>\n<li><span style=\"color: #ff0000;\">AAC (A): 50<\/span><\/li>\n<li><span style=\"color: #ff0000;\">Polaridad: 63<\/span><\/li>\n<li><span style=\"color: #ff0000;\">Dimensiones (mm): 113x70x85<\/span><\/li>\n<\/ul>","protected":false},"excerpt":{"rendered":"<h1>BATERIA MF BTX4L-BS+\/BTZ5S<\/h1>\n<h2>BS BATTERY<\/h2>","protected":false},"featured_media":4569,"comment_status":"open","ping_status":"closed","template":"","meta":{"_acf_changed":false},"product_brand":[],"product_cat":[391,481],"product_tag":[],"class_list":{"0":"post-4570","1":"product","2":"type-product","3":"status-publish","4":"has-post-thumbnail","6":"product_cat-baterias","7":"product_cat-mantenimiento","9":"first","10":"instock","11":"taxable","12":"shipping-taxable","13":"purchasable","14":"product-type-simple"},"acf":[],"_links":{"self":[{"href":"https:\/\/brammotors.cl\/es\/wp-json\/wp\/v2\/product\/4570","targetHints":{"allow":["GET"]}}],"collection":[{"href":"https:\/\/brammotors.cl\/es\/wp-json\/wp\/v2\/product"}],"about":[{"href":"https:\/\/brammotors.cl\/es\/wp-json\/wp\/v2\/types\/product"}],"replies":[{"embeddable":true,"href":"https:\/\/brammotors.cl\/es\/wp-json\/wp\/v2\/comments?post=4570"}],"wp:featuredmedia":[{"embeddable":true,"href":"https:\/\/brammotors.cl\/es\/wp-json\/wp\/v2\/media\/4569"}],"wp:attachment":[{"href":"https:\/\/brammotors.cl\/es\/wp-json\/wp\/v2\/media?parent=4570"}],"wp:term":[{"taxonomy":"product_brand","embeddable":true,"href":"https:\/\/brammotors.cl\/es\/wp-json\/wp\/v2\/product_brand?post=4570"},{"taxonomy":"product_cat","embeddable":true,"href":"https:\/\/brammotors.cl\/es\/wp-json\/wp\/v2\/product_cat?post=4570"},{"taxonomy":"product_tag","embeddable":true,"href":"https:\/\/brammotors.cl\/es\/wp-json\/wp\/v2\/product_tag?post=4570"}],"curies":[{"name":"wp","href":"https:\/\/api.w.org\/{rel}","templated":true}]}}