{"id":4589,"date":"2025-03-25T21:13:24","date_gmt":"2025-03-26T00:13:24","guid":{"rendered":"https:\/\/brammotors.cl\/product\/bateria-bs-battery-bb18l-a\/"},"modified":"2025-03-25T22:33:17","modified_gmt":"2025-03-26T01:33:17","slug":"bateria-bs-battery-bb18l-a","status":"publish","type":"product","link":"https:\/\/brammotors.cl\/es\/product\/bateria-bs-battery-bb18l-a\/","title":{"rendered":"Bater\u00eda BS BATTERY BB18L-A"},"content":{"rendered":"<p>La bater\u00eda BB18L-A forma parte de nuestra gama DRY. Especialmente dise\u00f1ada para ofrecer buen rendimiento y confiabilidad, esta bater\u00eda convencional de 12V 18.9Ah se entrega con un paquete de \u00e1cido, debe activarse antes del primer uso y debe revisarse peri\u00f3dicamente. Con tecnolog\u00eda DRY, esta bater\u00eda no requiere mantenimiento durante un largo per\u00edodo de almacenamiento.<\/p>\n<p>La bater\u00eda BB18L-A es perfectamente adecuada para veh\u00edculos deportivos motorizados de nivel de entrada con requisitos est\u00e1ndar.<\/p>\n<p>ESPECIFICACIONES<\/p>\n<ul>\n<li><span style=\"color: #ff0000;\">N\u00famero de pieza: 310586<\/span><\/li>\n<li><span style=\"color: #ff0000;\">Tecnolog\u00eda: DRY<\/span><\/li>\n<li><span style=\"color: #ff0000;\">Voltaje (V): 12<\/span><\/li>\n<li><span style=\"color: #ff0000;\">Capacidad 10h (Ah): 18<\/span><\/li>\n<li><span style=\"color: #ff0000;\">Capacidad 20hr (Ah): 18.9<\/span><\/li>\n<li><span style=\"color: #ff0000;\">AAC (A): 235<\/span><\/li>\n<li><span style=\"color: #ff0000;\">Polaridad: 58<\/span><\/li>\n<li><span style=\"color: #ff0000;\">Dimensiones (mm): 180x90x162<\/span><\/li>\n<\/ul>","protected":false},"excerpt":{"rendered":"<h1>BATERIA DRY BB18L-A<\/h1>\n<h2>BS BATTERY<\/h2>","protected":false},"featured_media":4588,"comment_status":"open","ping_status":"closed","template":"","meta":{"_acf_changed":false},"product_brand":[],"product_cat":[391],"product_tag":[],"class_list":{"0":"post-4589","1":"product","2":"type-product","3":"status-publish","4":"has-post-thumbnail","6":"product_cat-baterias","8":"first","9":"outofstock","10":"taxable","11":"shipping-taxable","12":"purchasable","13":"product-type-simple"},"acf":[],"_links":{"self":[{"href":"https:\/\/brammotors.cl\/es\/wp-json\/wp\/v2\/product\/4589","targetHints":{"allow":["GET"]}}],"collection":[{"href":"https:\/\/brammotors.cl\/es\/wp-json\/wp\/v2\/product"}],"about":[{"href":"https:\/\/brammotors.cl\/es\/wp-json\/wp\/v2\/types\/product"}],"replies":[{"embeddable":true,"href":"https:\/\/brammotors.cl\/es\/wp-json\/wp\/v2\/comments?post=4589"}],"wp:featuredmedia":[{"embeddable":true,"href":"https:\/\/brammotors.cl\/es\/wp-json\/wp\/v2\/media\/4588"}],"wp:attachment":[{"href":"https:\/\/brammotors.cl\/es\/wp-json\/wp\/v2\/media?parent=4589"}],"wp:term":[{"taxonomy":"product_brand","embeddable":true,"href":"https:\/\/brammotors.cl\/es\/wp-json\/wp\/v2\/product_brand?post=4589"},{"taxonomy":"product_cat","embeddable":true,"href":"https:\/\/brammotors.cl\/es\/wp-json\/wp\/v2\/product_cat?post=4589"},{"taxonomy":"product_tag","embeddable":true,"href":"https:\/\/brammotors.cl\/es\/wp-json\/wp\/v2\/product_tag?post=4589"}],"curies":[{"name":"wp","href":"https:\/\/api.w.org\/{rel}","templated":true}]}}