{"id":4614,"date":"2025-03-25T21:13:50","date_gmt":"2025-03-26T00:13:50","guid":{"rendered":"https:\/\/brammotors.cl\/product\/bateria-bs-battery-bsli-10\/"},"modified":"2025-03-25T22:33:17","modified_gmt":"2025-03-26T01:33:17","slug":"bateria-bs-battery-bsli-10","status":"publish","type":"product","link":"https:\/\/brammotors.cl\/es\/product\/bateria-bs-battery-bsli-10\/","title":{"rendered":"Bater\u00eda BS BATTERY BSLI-10"},"content":{"rendered":"<p>La bater\u00eda BSLi-10 es parte de nuestra gama LiFePO4.<\/p>\n<p>Dise\u00f1ada para los ciclistas m\u00e1s exigentes, esta bater\u00eda de 12,8 V 6 Ah (72 Wh) ofrece el m\u00e1ximo rendimiento de arranque, mayor seguridad y una mayor vida \u00fatil. Con su dise\u00f1o ultraligero, esta bater\u00eda BSLi-10 proporciona una aceleraci\u00f3n m\u00e1s r\u00e1pida a todos los veh\u00edculos deportivos motorizados.<\/p>\n<p>\u00datil, esta bater\u00eda est\u00e1 equipada con un indicador de voltaje para verificar el estado de carga en cualquier momento.<\/p>\n<hr \/>\n<p><strong>ESPECIFICACIONES<\/strong><\/p>\n<div class=\"vc_col-sm-6 wpb_column vc_column_container mobile1column\">\n<div class=\"specification\">\n<div class=\"wpb_wrapper specificationWrapper\">\n<ul>\n<li class=\"vc_col-xs-4 wpb_column vc_column_container\"><span style=\"color: #ff0000;\">Tecnologia : LiFeP04<\/span><\/li>\n<li><span style=\"color: #ff0000;\">Voltaje (V): 12.8<\/span><\/li>\n<li><span style=\"color: #ff0000;\">Capacidad 10h (Ah): 6<\/span><\/li>\n<li><span style=\"color: #ff0000;\">Potencia (Wh): 72<\/span><\/li>\n<li><span style=\"color: #ff0000;\">AAC (A): 360<\/span><\/li>\n<li><span style=\"color: #ff0000;\">Polaridad: 63<\/span><\/li>\n<li><span style=\"color: #ff0000;\">Terminal: &#8211; +<\/span><\/li>\n<li><span style=\"color: #ff0000;\">Dimensiones (mm): 148x86x105<\/span><\/li>\n<\/ul>\n<hr \/>\n<p><strong>Reemplaza a:<\/strong><\/p>\n<p><strong>SLA<\/strong>: <span style=\"color: #ff0000;\"><span style=\"caret-color: #ff0000;\">BTX20L<strong><span style=\"color: #000000;\">\/<\/span><\/strong>BTX20HL<strong><span style=\"color: #000000;\">\/<\/span><\/strong>BTX24HL\/<strong><span style=\"color: #000000;\">\/<\/span><\/strong>B50N18L-A\/A2\/A3<strong><span style=\"color: #000000;\">\/<\/span><\/strong>51913.<\/span><\/span><\/p>\n<p><strong>MF<\/strong>: <span style=\"color: #ff0000;\"><span style=\"caret-color: #ff0000;\">BTX20L-BS<strong><span style=\"color: #000000;\">\/<\/span><\/strong>BTX20HL-BS<strong><span style=\"color: #000000;\">\/<\/span><\/strong>BTX24HL-BS<strong><span style=\"color: #000000;\">\/<\/span><\/strong>SLA12-19-BS.<\/span><\/span><\/p>\n<p><strong>DRY<\/strong>: <span style=\"color: #ff0000;\">B50-N18L-A<\/span><strong>\/<\/strong><span style=\"color: #ff0000;\">B50-N18L-A2<\/span><strong>\/<\/strong><span style=\"color: #ff0000;\">A3\/AT<\/span><strong>\/<\/strong><span style=\"color: #ff0000;\">51913<\/span><strong>\/<\/strong><span style=\"color: #ff0000;\">51814.<\/span><\/p>\n<\/div>\n<\/div>\n<\/div>","protected":false},"excerpt":{"rendered":"<h1>BATER\u00cdA LITIO BSLI-10<\/h1>\n<h2>BS BATTERY<\/h2>","protected":false},"featured_media":4613,"comment_status":"open","ping_status":"closed","template":"","meta":{"_acf_changed":false},"product_brand":[],"product_cat":[391],"product_tag":[],"class_list":{"0":"post-4614","1":"product","2":"type-product","3":"status-publish","4":"has-post-thumbnail","6":"product_cat-baterias","8":"first","9":"outofstock","10":"taxable","11":"shipping-taxable","12":"purchasable","13":"product-type-simple"},"acf":[],"_links":{"self":[{"href":"https:\/\/brammotors.cl\/es\/wp-json\/wp\/v2\/product\/4614","targetHints":{"allow":["GET"]}}],"collection":[{"href":"https:\/\/brammotors.cl\/es\/wp-json\/wp\/v2\/product"}],"about":[{"href":"https:\/\/brammotors.cl\/es\/wp-json\/wp\/v2\/types\/product"}],"replies":[{"embeddable":true,"href":"https:\/\/brammotors.cl\/es\/wp-json\/wp\/v2\/comments?post=4614"}],"wp:featuredmedia":[{"embeddable":true,"href":"https:\/\/brammotors.cl\/es\/wp-json\/wp\/v2\/media\/4613"}],"wp:attachment":[{"href":"https:\/\/brammotors.cl\/es\/wp-json\/wp\/v2\/media?parent=4614"}],"wp:term":[{"taxonomy":"product_brand","embeddable":true,"href":"https:\/\/brammotors.cl\/es\/wp-json\/wp\/v2\/product_brand?post=4614"},{"taxonomy":"product_cat","embeddable":true,"href":"https:\/\/brammotors.cl\/es\/wp-json\/wp\/v2\/product_cat?post=4614"},{"taxonomy":"product_tag","embeddable":true,"href":"https:\/\/brammotors.cl\/es\/wp-json\/wp\/v2\/product_tag?post=4614"}],"curies":[{"name":"wp","href":"https:\/\/api.w.org\/{rel}","templated":true}]}}