{"id":4616,"date":"2025-03-25T21:13:56","date_gmt":"2025-03-26T00:13:56","guid":{"rendered":"https:\/\/brammotors.cl\/product\/cargador-de-baterias-bs-10-bs-battery\/"},"modified":"2025-03-25T22:05:06","modified_gmt":"2025-03-26T01:05:06","slug":"cargador-de-baterias-bs-10-bs-battery","status":"publish","type":"product","link":"https:\/\/brammotors.cl\/es\/product\/cargador-de-baterias-bs-10-bs-battery\/","title":{"rendered":"Cargador de Bater\u00edas BS-10 BS Battery"},"content":{"rendered":"<p>El nuevo BS 10 es un cargador de bater\u00eda inteligente de 6V y 12V y mantenedor con clasificaci\u00f3n de 1A. Dise\u00f1ado para bater\u00edas de \u00e1cido de plomo y litio, este cargador autom\u00e1tico es adecuado para bater\u00edas de hasta 20AH.<\/p>\n<p>Muy seguro y compacto, el BS 10 incluye 9 etapas de carga para mejorar el rendimiento de todas sus bater\u00edas de PowerSports.<\/p>\n<p>Entregado con 1 brazos BS establecidos y 1 conjunto de terminal de anillo fusionado.<\/p>\n<p>CARACTER\u00cdSTICAS<\/p>\n<ul>\n<li>Cargador y mantenedor de bater\u00eda inteligente.<\/li>\n<li>Detecci\u00f3n autom\u00e1tica de plomo \u00e1cido o tecnolog\u00eda de litio.<\/li>\n<li>Algoritmo de carga adaptable para plomo \u00e1cido y litio (LiFePO4).<\/li>\n<li>Seguro: conexi\u00f3n sin chispas, polaridad inversa, cortocircuito y protecci\u00f3n interna contra sobrecalentamiento.<\/li>\n<li>F\u00e1cil de usar: conectar y olvidar.<\/li>\n<li>Selecci\u00f3n de interruptor manual de 6V y 12V.<\/li>\n<\/ul>\n<p><span style=\"color: #ff0000;\">LOS ENV\u00cdOS SON REALIZADOS VIA POR PAGAR<\/span><\/p>","protected":false},"excerpt":{"rendered":"<h1>CARGADOR BS-10<\/h1>\n<h2>BS BATTERY<\/h2>","protected":false},"featured_media":4615,"comment_status":"open","ping_status":"closed","template":"","meta":{"_acf_changed":false},"product_brand":[],"product_cat":[391],"product_tag":[],"class_list":{"0":"post-4616","1":"product","2":"type-product","3":"status-publish","4":"has-post-thumbnail","6":"product_cat-baterias","8":"first","9":"instock","10":"taxable","11":"shipping-taxable","12":"purchasable","13":"product-type-simple"},"acf":[],"_links":{"self":[{"href":"https:\/\/brammotors.cl\/es\/wp-json\/wp\/v2\/product\/4616","targetHints":{"allow":["GET"]}}],"collection":[{"href":"https:\/\/brammotors.cl\/es\/wp-json\/wp\/v2\/product"}],"about":[{"href":"https:\/\/brammotors.cl\/es\/wp-json\/wp\/v2\/types\/product"}],"replies":[{"embeddable":true,"href":"https:\/\/brammotors.cl\/es\/wp-json\/wp\/v2\/comments?post=4616"}],"wp:featuredmedia":[{"embeddable":true,"href":"https:\/\/brammotors.cl\/es\/wp-json\/wp\/v2\/media\/4615"}],"wp:attachment":[{"href":"https:\/\/brammotors.cl\/es\/wp-json\/wp\/v2\/media?parent=4616"}],"wp:term":[{"taxonomy":"product_brand","embeddable":true,"href":"https:\/\/brammotors.cl\/es\/wp-json\/wp\/v2\/product_brand?post=4616"},{"taxonomy":"product_cat","embeddable":true,"href":"https:\/\/brammotors.cl\/es\/wp-json\/wp\/v2\/product_cat?post=4616"},{"taxonomy":"product_tag","embeddable":true,"href":"https:\/\/brammotors.cl\/es\/wp-json\/wp\/v2\/product_tag?post=4616"}],"curies":[{"name":"wp","href":"https:\/\/api.w.org\/{rel}","templated":true}]}}