{"id":4629,"date":"2025-03-25T21:14:42","date_gmt":"2025-03-26T00:14:42","guid":{"rendered":"https:\/\/brammotors.cl\/product\/power-box-bs-battery\/"},"modified":"2025-03-25T22:04:47","modified_gmt":"2025-03-26T01:04:47","slug":"power-box-bs-battery","status":"publish","type":"product","link":"https:\/\/brammotors.cl\/es\/product\/power-box-bs-battery\/","title":{"rendered":"Power Box BS Battery"},"content":{"rendered":"<p>El Power Box es una soluci\u00f3n de potencia de respaldo perfecta que puede entregar 400A para los veh\u00edculos de arranque de salto (motocicletas, autom\u00f3viles, barcos y m\u00e1s &#8230;), cargar dispositivos USB (tel\u00e9fonos inteligentes, tabletas &#8230;) y ofrecer iluminaci\u00f3n de emergencia.<\/p>\n<p>Ultra seguro, este arranque de salto se entrega con un cable inteligente para garantizar una conexi\u00f3n a prueba de chispa y protecci\u00f3n de polaridad inversa. Con una peque\u00f1a concepci\u00f3n, se puede colocar dentro de cualquier tronco de motocicleta, guantera, mochila de aventureros o bolsa para estudiantes. Le garantiza que siempre inicie sus veh\u00edculos y cargue sus dispositivos m\u00f3viles en todas partes. La funci\u00f3n de linterna proporciona 3 modos parpadeantes con SOS, luz estrobosc\u00f3pica y luz constante normal. Power Box PB-01 es compatible con bater\u00edas \u00e1cidas de plomo (SLA, gel, AGM, EFB, MF, seco, CA\/CA) y bater\u00edas de litio (LifePO4).<\/p>\n<p>Todas estas caracter\u00edsticas hacen que la caja de alimentaci\u00f3n sea una soluci\u00f3n de potencia de respaldo perfecta para mantener cerca en cualquier momento.<\/p>\n<p>CARACTERISTICAS:<\/p>\n<ul>\n<li>Compacto y potente arrancador de 200A ( corriente m\u00e1xima de 400A ).<\/li>\n<li>Hasta 20 arranques con una carga.<\/li>\n<li>Dise\u00f1ado para motores a gasolina y diesel.<\/li>\n<li>Fuente de alimentaci\u00f3n para todos los dispositivos USB.<\/li>\n<li>Funci\u00f3n de linterna LED con 3 modos.<\/li>\n<li>Muy seguro: cable inteligente con conexi\u00f3n a prueba de chispas y protecci\u00f3n contra polaridad inversa.<\/li>\n<\/ul>\n<p><span style=\"color: #ff0000;\">LOS ENV\u00cdOS SON REALIZADOS VIA STARKEN, POR PAGAR<\/span><\/p>","protected":false},"excerpt":{"rendered":"<h1>POWER BOX<\/h1>\n<h2>BS BATTERY<\/h2>","protected":false},"featured_media":4628,"comment_status":"open","ping_status":"closed","template":"","meta":{"_acf_changed":false},"product_brand":[],"product_cat":[391],"product_tag":[],"class_list":{"0":"post-4629","1":"product","2":"type-product","3":"status-publish","4":"has-post-thumbnail","6":"product_cat-baterias","8":"first","9":"instock","10":"taxable","11":"shipping-taxable","12":"purchasable","13":"product-type-simple"},"acf":[],"_links":{"self":[{"href":"https:\/\/brammotors.cl\/es\/wp-json\/wp\/v2\/product\/4629","targetHints":{"allow":["GET"]}}],"collection":[{"href":"https:\/\/brammotors.cl\/es\/wp-json\/wp\/v2\/product"}],"about":[{"href":"https:\/\/brammotors.cl\/es\/wp-json\/wp\/v2\/types\/product"}],"replies":[{"embeddable":true,"href":"https:\/\/brammotors.cl\/es\/wp-json\/wp\/v2\/comments?post=4629"}],"wp:featuredmedia":[{"embeddable":true,"href":"https:\/\/brammotors.cl\/es\/wp-json\/wp\/v2\/media\/4628"}],"wp:attachment":[{"href":"https:\/\/brammotors.cl\/es\/wp-json\/wp\/v2\/media?parent=4629"}],"wp:term":[{"taxonomy":"product_brand","embeddable":true,"href":"https:\/\/brammotors.cl\/es\/wp-json\/wp\/v2\/product_brand?post=4629"},{"taxonomy":"product_cat","embeddable":true,"href":"https:\/\/brammotors.cl\/es\/wp-json\/wp\/v2\/product_cat?post=4629"},{"taxonomy":"product_tag","embeddable":true,"href":"https:\/\/brammotors.cl\/es\/wp-json\/wp\/v2\/product_tag?post=4629"}],"curies":[{"name":"wp","href":"https:\/\/api.w.org\/{rel}","templated":true}]}}