{"id":4638,"date":"2025-03-25T21:15:15","date_gmt":"2025-03-26T00:15:15","guid":{"rendered":"https:\/\/brammotors.cl\/product\/bateria-bs-battery-bb10l-a2-b2\/"},"modified":"2025-03-25T22:00:34","modified_gmt":"2025-03-26T01:00:34","slug":"bateria-bs-battery-bb10l-a2-b2","status":"publish","type":"product","link":"https:\/\/brammotors.cl\/es\/product\/bateria-bs-battery-bb10l-a2-b2\/","title":{"rendered":"BATER\u00cdA BS BATTERY BB10L-A2\/B2"},"content":{"rendered":"<p>La bater\u00eda BB10L-A2\/B2 forma parte de nuestra gama SLA. Dise\u00f1ada para hacer la vida del usuario m\u00e1s f\u00e1cil, esta bater\u00eda de 12 V 11,6 Ah est\u00e1 lista para usar, 100 % libre de mantenimiento y completamente a prueba de derrames.<\/p>\n<p>Extremadamente f\u00e1cil de instalar y transportar, esta bater\u00eda BB10L-A2\/B2 ofrece mayor potencia, mayor vida \u00fatil y m\u00e1xima confiabilidad para todos los veh\u00edculos deportivos motorizados que requieren un alto rendimiento.<\/p>\n<hr \/>\n<p><strong>ESPECIFICACIONES<\/strong><\/p>\n<ul>\n<li><span style=\"color: #ff0000;\">N\u00famero de pieza: 300677<\/span><\/li>\n<li><span style=\"color: #ff0000;\">Tecnolog\u00eda: ANS<\/span><\/li>\n<li><span style=\"color: #ff0000;\">Voltaje (V): 12<\/span><\/li>\n<li><span style=\"color: #ff0000;\">Capacidad 10h (Ah): 11<\/span><\/li>\n<li><span style=\"color: #ff0000;\">Capacidad 20hr (Ah): 11.6<\/span><\/li>\n<li><span style=\"color: #ff0000;\">AAC (A): 120<\/span><\/li>\n<li><span style=\"color: #ff0000;\">Polaridad: 63<\/span><\/li>\n<li><span style=\"color: #ff0000;\">Dimensiones (mm): 133x90x145V<\/span><\/li>\n<\/ul>","protected":false},"excerpt":{"rendered":"<h1>BATER\u00cdA SLA BB10L-A2\/B2<\/h1>\n<h2>BS BATTERY<\/h2>","protected":false},"featured_media":4637,"comment_status":"open","ping_status":"closed","template":"","meta":{"_acf_changed":false},"product_brand":[],"product_cat":[391],"product_tag":[],"class_list":{"0":"post-4638","1":"product","2":"type-product","3":"status-publish","4":"has-post-thumbnail","6":"product_cat-baterias","8":"first","9":"instock","10":"taxable","11":"shipping-taxable","12":"purchasable","13":"product-type-simple"},"acf":[],"_links":{"self":[{"href":"https:\/\/brammotors.cl\/es\/wp-json\/wp\/v2\/product\/4638","targetHints":{"allow":["GET"]}}],"collection":[{"href":"https:\/\/brammotors.cl\/es\/wp-json\/wp\/v2\/product"}],"about":[{"href":"https:\/\/brammotors.cl\/es\/wp-json\/wp\/v2\/types\/product"}],"replies":[{"embeddable":true,"href":"https:\/\/brammotors.cl\/es\/wp-json\/wp\/v2\/comments?post=4638"}],"wp:featuredmedia":[{"embeddable":true,"href":"https:\/\/brammotors.cl\/es\/wp-json\/wp\/v2\/media\/4637"}],"wp:attachment":[{"href":"https:\/\/brammotors.cl\/es\/wp-json\/wp\/v2\/media?parent=4638"}],"wp:term":[{"taxonomy":"product_brand","embeddable":true,"href":"https:\/\/brammotors.cl\/es\/wp-json\/wp\/v2\/product_brand?post=4638"},{"taxonomy":"product_cat","embeddable":true,"href":"https:\/\/brammotors.cl\/es\/wp-json\/wp\/v2\/product_cat?post=4638"},{"taxonomy":"product_tag","embeddable":true,"href":"https:\/\/brammotors.cl\/es\/wp-json\/wp\/v2\/product_tag?post=4638"}],"curies":[{"name":"wp","href":"https:\/\/api.w.org\/{rel}","templated":true}]}}