{"id":4642,"date":"2025-03-25T21:15:23","date_gmt":"2025-03-26T00:15:23","guid":{"rendered":"https:\/\/brammotors.cl\/product\/bateria-bs-battery-btx14ah-bb14-a2-b2\/"},"modified":"2025-03-25T22:00:25","modified_gmt":"2025-03-26T01:00:25","slug":"bateria-bs-battery-btx14ah-bb14-a2-b2","status":"publish","type":"product","link":"https:\/\/brammotors.cl\/es\/product\/bateria-bs-battery-btx14ah-bb14-a2-b2\/","title":{"rendered":"BATER\u00cdA BS BATTERY BTX14AH\/\/BB14-A2\/B2"},"content":{"rendered":"<p>La bater\u00eda BTX14AH\/BB14-A2\/B2 forma parte de nuestra gama SLA. Dise\u00f1ada para hacer la vida del usuario m\u00e1s f\u00e1cil, esta bater\u00eda de 12 V 14,7 Ah est\u00e1 lista para usar, 100 % libre de mantenimiento y completamente a prueba de derrames.<\/p>\n<p>Extremadamente simple de instalar y transportar, esta bater\u00eda BTX14AH\/BB14-A2\/B2 ofrece mayor potencia, mayor vida \u00fatil y m\u00e1xima confiabilidad para todos los veh\u00edculos deportivos motorizados que requieren un alto rendimiento.<\/p>\n<hr \/>\n<p><strong>ESPECIFICACIONES<\/strong><\/p>\n<ul>\n<li><span style=\"color: #ff0000;\">N\u00famero de pieza: 300758<\/span><\/li>\n<li><span style=\"color: #ff0000;\">Tecnolog\u00eda: ANS<\/span><\/li>\n<li><span style=\"color: #ff0000;\">Voltaje (V): 12<\/span><\/li>\n<li><span style=\"color: #ff0000;\">Capacidad 10h (Ah): 14<\/span><\/li>\n<li><span style=\"color: #ff0000;\">Capacidad 20hr (Ah): 14.7<\/span><\/li>\n<li><span style=\"color: #ff0000;\">AAC (A): 210<\/span><\/li>\n<li><span style=\"color: #ff0000;\">Polaridad: 62<\/span><\/li>\n<li><span style=\"color: #ff0000;\">Dimensiones (mm): 135x90x164<\/span><\/li>\n<\/ul>","protected":false},"excerpt":{"rendered":"<h1>BATER\u00cdA SLA BTX14AH\/\/BB14-A2\/B2<\/h1>\n<h2>BS BATTERY<\/h2>","protected":false},"featured_media":4641,"comment_status":"open","ping_status":"closed","template":"","meta":{"_acf_changed":false},"product_brand":[],"product_cat":[391],"product_tag":[],"class_list":{"0":"post-4642","1":"product","2":"type-product","3":"status-publish","4":"has-post-thumbnail","6":"product_cat-baterias","8":"first","9":"instock","10":"taxable","11":"shipping-taxable","12":"purchasable","13":"product-type-simple"},"acf":[],"_links":{"self":[{"href":"https:\/\/brammotors.cl\/es\/wp-json\/wp\/v2\/product\/4642","targetHints":{"allow":["GET"]}}],"collection":[{"href":"https:\/\/brammotors.cl\/es\/wp-json\/wp\/v2\/product"}],"about":[{"href":"https:\/\/brammotors.cl\/es\/wp-json\/wp\/v2\/types\/product"}],"replies":[{"embeddable":true,"href":"https:\/\/brammotors.cl\/es\/wp-json\/wp\/v2\/comments?post=4642"}],"wp:featuredmedia":[{"embeddable":true,"href":"https:\/\/brammotors.cl\/es\/wp-json\/wp\/v2\/media\/4641"}],"wp:attachment":[{"href":"https:\/\/brammotors.cl\/es\/wp-json\/wp\/v2\/media?parent=4642"}],"wp:term":[{"taxonomy":"product_brand","embeddable":true,"href":"https:\/\/brammotors.cl\/es\/wp-json\/wp\/v2\/product_brand?post=4642"},{"taxonomy":"product_cat","embeddable":true,"href":"https:\/\/brammotors.cl\/es\/wp-json\/wp\/v2\/product_cat?post=4642"},{"taxonomy":"product_tag","embeddable":true,"href":"https:\/\/brammotors.cl\/es\/wp-json\/wp\/v2\/product_tag?post=4642"}],"curies":[{"name":"wp","href":"https:\/\/api.w.org\/{rel}","templated":true}]}}