{"id":4646,"date":"2025-03-25T21:15:35","date_gmt":"2025-03-26T00:15:35","guid":{"rendered":"https:\/\/brammotors.cl\/product\/bateria-bs-battery-bt9a-bs\/"},"modified":"2025-03-25T22:00:14","modified_gmt":"2025-03-26T01:00:14","slug":"bateria-bs-battery-bt9a-bs","status":"publish","type":"product","link":"https:\/\/brammotors.cl\/es\/product\/bateria-bs-battery-bt9a-bs\/","title":{"rendered":"BATER\u00cdA BS BATTERY BT9A-BS"},"content":{"rendered":"<p>La bater\u00eda BT9A-BS forma parte de nuestra gama MF. Entregada con paquete de \u00e1cido, esta bater\u00eda de 12 V 9,5 Ah debe activarse llenando el \u00e1cido antes del primer uso. Totalmente sellada y libre de mantenimiento una vez activada, esta bater\u00eda ofrece un alto rendimiento y no requiere recarga de agua.<\/p>\n<p>La bater\u00eda BT9A-BS, que proporciona alta potencia, vida \u00fatil prolongada y m\u00e1xima confiabilidad en cualquier condici\u00f3n clim\u00e1tica, es perfectamente adecuada para la mayor\u00eda de los veh\u00edculos deportivos motorizados.<\/p>\n<hr \/>\n<p><strong>ESPECIFICACIONES<\/strong><\/p>\n<ul>\n<li><span style=\"color: #ff0000;\">N\u00famero de pieza: 300748<\/span><\/li>\n<li><span style=\"color: #ff0000;\">Tecnolog\u00eda: FM<\/span><\/li>\n<li><span style=\"color: #ff0000;\">Voltaje (V): 12<\/span><\/li>\n<li><span style=\"color: #ff0000;\">Capacidad 10h (Ah): 9<\/span><\/li>\n<li><span style=\"color: #ff0000;\">Capacidad 20hr (Ah): 9.5<\/span><\/li>\n<li><span style=\"color: #ff0000;\">AAC (A): 115<\/span><\/li>\n<li><span style=\"color: #ff0000;\">Polaridad: 62<\/span><\/li>\n<li><span style=\"color: #ff0000;\">Terminal: A<\/span><\/li>\n<li><span style=\"color: #ff0000;\">Dimensiones (mm): 135x75x139<\/span><\/li>\n<\/ul>","protected":false},"excerpt":{"rendered":"<h1>BATER\u00cdA MF BT9A-BS<\/h1>\n<h2>BS BATTERY<\/h2>","protected":false},"featured_media":4645,"comment_status":"open","ping_status":"closed","template":"","meta":{"_acf_changed":false},"product_brand":[],"product_cat":[391],"product_tag":[],"class_list":{"0":"post-4646","1":"product","2":"type-product","3":"status-publish","4":"has-post-thumbnail","6":"product_cat-baterias","8":"first","9":"instock","10":"taxable","11":"shipping-taxable","12":"purchasable","13":"product-type-simple"},"acf":[],"_links":{"self":[{"href":"https:\/\/brammotors.cl\/es\/wp-json\/wp\/v2\/product\/4646","targetHints":{"allow":["GET"]}}],"collection":[{"href":"https:\/\/brammotors.cl\/es\/wp-json\/wp\/v2\/product"}],"about":[{"href":"https:\/\/brammotors.cl\/es\/wp-json\/wp\/v2\/types\/product"}],"replies":[{"embeddable":true,"href":"https:\/\/brammotors.cl\/es\/wp-json\/wp\/v2\/comments?post=4646"}],"wp:featuredmedia":[{"embeddable":true,"href":"https:\/\/brammotors.cl\/es\/wp-json\/wp\/v2\/media\/4645"}],"wp:attachment":[{"href":"https:\/\/brammotors.cl\/es\/wp-json\/wp\/v2\/media?parent=4646"}],"wp:term":[{"taxonomy":"product_brand","embeddable":true,"href":"https:\/\/brammotors.cl\/es\/wp-json\/wp\/v2\/product_brand?post=4646"},{"taxonomy":"product_cat","embeddable":true,"href":"https:\/\/brammotors.cl\/es\/wp-json\/wp\/v2\/product_cat?post=4646"},{"taxonomy":"product_tag","embeddable":true,"href":"https:\/\/brammotors.cl\/es\/wp-json\/wp\/v2\/product_tag?post=4646"}],"curies":[{"name":"wp","href":"https:\/\/api.w.org\/{rel}","templated":true}]}}