{"id":4662,"date":"2025-03-25T21:16:19","date_gmt":"2025-03-26T00:16:19","guid":{"rendered":"https:\/\/brammotors.cl\/product\/bateria-bs-battery-btx16h\/"},"modified":"2025-03-25T21:54:20","modified_gmt":"2025-03-26T00:54:20","slug":"bateria-bs-battery-btx16h","status":"publish","type":"product","link":"https:\/\/brammotors.cl\/es\/product\/bateria-bs-battery-btx16h\/","title":{"rendered":"BATER\u00cdA BS BATTERY BTX16H"},"content":{"rendered":"<p>La bater\u00eda BTX16H es parte de nuestra gama SLA Max. Dise\u00f1ada para las condiciones m\u00e1s extremas, esta bater\u00eda de 12V 16Ah ofrece el m\u00e1ximo rendimiento a motos de gran motor equipadas con equipos electr\u00f3nicos (GPS, Alarma, audio, linternas&#8230;).<\/p>\n<p>Lista para usar, 100 % libre de mantenimiento y a prueba de derrames, esta bater\u00eda BTX16H brinda mayor potencia, capacidad superior y m\u00e1xima confiabilidad para todas las motocicletas pesadas.<\/p>\n<hr \/>\n<p><strong><span style=\"color: #000000;\">ESPECIFICACIONES<\/span><\/strong><\/p>\n<ul>\n<li><span style=\"color: #ff0000;\">N\u00famero de parte: 300896<\/span><\/li>\n<li><span style=\"color: #ff0000;\">Tecnolog\u00eda: SLA m\u00e1x.<\/span><\/li>\n<li><span style=\"color: #ff0000;\">Voltaje (V): 12<\/span><\/li>\n<li><span style=\"color: #ff0000;\">Capacidad 10h (Ah): 14<\/span><\/li>\n<li><span style=\"color: #ff0000;\">Capacidad 20hr (Ah): diecis\u00e9is<\/span><\/li>\n<li><span style=\"color: #ff0000;\">AAC (A): 220<\/span><\/li>\n<li><span style=\"color: #ff0000;\">Polaridad: 62<\/span><\/li>\n<li><span style=\"color: #ff0000;\">Dimensiones (mm): 150x87x161<\/span><\/li>\n<\/ul>","protected":false},"excerpt":{"rendered":"<h1>BATER\u00cdA SLA MAX BTX16H<\/h1>\n<h2>BS BATTERY<\/h2>","protected":false},"featured_media":4661,"comment_status":"open","ping_status":"closed","template":"","meta":{"_acf_changed":false},"product_brand":[],"product_cat":[391],"product_tag":[],"class_list":{"0":"post-4662","1":"product","2":"type-product","3":"status-publish","4":"has-post-thumbnail","6":"product_cat-baterias","8":"first","9":"instock","10":"taxable","11":"shipping-taxable","12":"purchasable","13":"product-type-simple"},"acf":[],"_links":{"self":[{"href":"https:\/\/brammotors.cl\/es\/wp-json\/wp\/v2\/product\/4662","targetHints":{"allow":["GET"]}}],"collection":[{"href":"https:\/\/brammotors.cl\/es\/wp-json\/wp\/v2\/product"}],"about":[{"href":"https:\/\/brammotors.cl\/es\/wp-json\/wp\/v2\/types\/product"}],"replies":[{"embeddable":true,"href":"https:\/\/brammotors.cl\/es\/wp-json\/wp\/v2\/comments?post=4662"}],"wp:featuredmedia":[{"embeddable":true,"href":"https:\/\/brammotors.cl\/es\/wp-json\/wp\/v2\/media\/4661"}],"wp:attachment":[{"href":"https:\/\/brammotors.cl\/es\/wp-json\/wp\/v2\/media?parent=4662"}],"wp:term":[{"taxonomy":"product_brand","embeddable":true,"href":"https:\/\/brammotors.cl\/es\/wp-json\/wp\/v2\/product_brand?post=4662"},{"taxonomy":"product_cat","embeddable":true,"href":"https:\/\/brammotors.cl\/es\/wp-json\/wp\/v2\/product_cat?post=4662"},{"taxonomy":"product_tag","embeddable":true,"href":"https:\/\/brammotors.cl\/es\/wp-json\/wp\/v2\/product_tag?post=4662"}],"curies":[{"name":"wp","href":"https:\/\/api.w.org\/{rel}","templated":true}]}}