{"id":4666,"date":"2025-03-25T21:16:35","date_gmt":"2025-03-26T00:16:35","guid":{"rendered":"https:\/\/brammotors.cl\/product\/bateria-bs-battery-bb14-a2\/"},"modified":"2025-03-25T21:54:04","modified_gmt":"2025-03-26T00:54:04","slug":"bateria-bs-battery-bb14-a2","status":"publish","type":"product","link":"https:\/\/brammotors.cl\/es\/product\/bateria-bs-battery-bb14-a2\/","title":{"rendered":"BATER\u00cdA BS BATTERY BB14-A2"},"content":{"rendered":"<p>La bater\u00eda BB14-A2 forma parte de nuestra gama DRY. Especialmente dise\u00f1ada para ofrecer un buen rendimiento y fiabilidad, esta bater\u00eda convencional de 12V 14,7Ah se entrega con un paquete de \u00e1cido, debe activarse antes del primer uso y debe revisarse peri\u00f3dicamente. Con la tecnolog\u00eda DRY, esta bater\u00eda no requiere mantenimiento durante un largo periodo de almacenamiento.<\/p>\n<p>La bater\u00eda BB14-A2 es perfectamente adecuada para veh\u00edculos deportivos de nivel b\u00e1sico con requisitos est\u00e1ndar.<\/p>\n<hr \/>\n<p><strong>ESPECIFICACIONES<\/strong><\/p>\n<ul>\n<li><span style=\"color: #ff0000;\">N\u00famero de pieza: 310567<\/span><\/li>\n<li><span style=\"color: #ff0000;\">Tecnolog\u00eda: SECO<\/span><\/li>\n<li><span style=\"color: #ff0000;\">Voltaje (V): 12<\/span><\/li>\n<li><span style=\"color: #ff0000;\">Capacidad 10 h (Ah): 14<\/span><\/li>\n<li><span style=\"color: #ff0000;\">Capacidad 20 h (Ah): 14.7<\/span><\/li>\n<li><span style=\"color: #ff0000;\">ACC (A): 175<\/span><\/li>\n<li><span style=\"color: #ff0000;\">Polaridad: 57<\/span><\/li>\n<li><span style=\"color: #ff0000;\">Dimensiones (mm): 134x89x166<\/span><\/li>\n<\/ul>","protected":false},"excerpt":{"rendered":"<h1>BATER\u00cdA DRY BB14-A2<\/h1>\n<h2>BS BATTERY<\/h2>","protected":false},"featured_media":4665,"comment_status":"open","ping_status":"closed","template":"","meta":{"_acf_changed":false},"product_brand":[],"product_cat":[391],"product_tag":[],"class_list":{"0":"post-4666","1":"product","2":"type-product","3":"status-publish","4":"has-post-thumbnail","6":"product_cat-baterias","8":"first","9":"instock","10":"taxable","11":"shipping-taxable","12":"purchasable","13":"product-type-simple"},"acf":[],"_links":{"self":[{"href":"https:\/\/brammotors.cl\/es\/wp-json\/wp\/v2\/product\/4666","targetHints":{"allow":["GET"]}}],"collection":[{"href":"https:\/\/brammotors.cl\/es\/wp-json\/wp\/v2\/product"}],"about":[{"href":"https:\/\/brammotors.cl\/es\/wp-json\/wp\/v2\/types\/product"}],"replies":[{"embeddable":true,"href":"https:\/\/brammotors.cl\/es\/wp-json\/wp\/v2\/comments?post=4666"}],"wp:featuredmedia":[{"embeddable":true,"href":"https:\/\/brammotors.cl\/es\/wp-json\/wp\/v2\/media\/4665"}],"wp:attachment":[{"href":"https:\/\/brammotors.cl\/es\/wp-json\/wp\/v2\/media?parent=4666"}],"wp:term":[{"taxonomy":"product_brand","embeddable":true,"href":"https:\/\/brammotors.cl\/es\/wp-json\/wp\/v2\/product_brand?post=4666"},{"taxonomy":"product_cat","embeddable":true,"href":"https:\/\/brammotors.cl\/es\/wp-json\/wp\/v2\/product_cat?post=4666"},{"taxonomy":"product_tag","embeddable":true,"href":"https:\/\/brammotors.cl\/es\/wp-json\/wp\/v2\/product_tag?post=4666"}],"curies":[{"name":"wp","href":"https:\/\/api.w.org\/{rel}","templated":true}]}}