{"id":4668,"date":"2025-03-25T21:16:38","date_gmt":"2025-03-26T00:16:38","guid":{"rendered":"https:\/\/brammotors.cl\/product\/bateria-bs-battery-bsli-14\/"},"modified":"2025-03-25T21:53:54","modified_gmt":"2025-03-26T00:53:54","slug":"bateria-bs-battery-bsli-14","status":"publish","type":"product","link":"https:\/\/brammotors.cl\/es\/product\/bateria-bs-battery-bsli-14\/","title":{"rendered":"BATER\u00cdA BS BATTERY BSLI-14"},"content":{"rendered":"<p>La bater\u00eda BSLi-14 forma parte de nuestra gama LiFePO4.<\/p>\n<p>Dise\u00f1ada para los ciclistas m\u00e1s exigentes, esta bater\u00eda de 12,8 V 3 Ah (36 Wh) ofrece m\u00e1ximo rendimiento de arranque, mayor seguridad y mayor ciclo de vida. Con su dise\u00f1o ultraligero, esta bater\u00eda BSLi-14 proporciona una aceleraci\u00f3n m\u00e1s r\u00e1pida a todos los veh\u00edculos deportivos motorizados.\u00datil, esta bater\u00eda est\u00e1 equipada con un indicador de voltaje para comprobar el estado de carga en cualquier momento.<\/p>\n<hr \/>\n<p><strong>ESPECIFICACIONES<\/strong><\/p>\n<p><span style=\"color: #ff0000;\">Tecnolog\u00eda:\u00a0LiFePO4<\/span><br \/>\n<span style=\"color: #ff0000;\">Voltaje (V):\u00a012.8<\/span><br \/>\n<span style=\"color: #ff0000;\">Capacidad 10 h (Ah):\u00a03<\/span><br \/>\n<span style=\"color: #ff0000;\">Potencia (Wh):\u00a036<\/span><br \/>\n<span style=\"color: #ff0000;\">ACC (A):\u00a0210<\/span><br \/>\n<span style=\"color: #ff0000;\">Polaridad:\u00a063<\/span><br \/>\n<span style=\"color: #ff0000;\">Terminal:\u00a0norte<\/span><br \/>\n<span style=\"color: #ff0000;\">Dimensiones (mm):\u00a0114x70x105<\/span><\/p>","protected":false},"excerpt":{"rendered":"<h1>BATER\u00cdA LITIO BSLI-14<\/h1>\n<h2>BS BATTERY<\/h2>","protected":false},"featured_media":4667,"comment_status":"open","ping_status":"closed","template":"","meta":{"_acf_changed":false},"product_brand":[],"product_cat":[391],"product_tag":[],"class_list":{"0":"post-4668","1":"product","2":"type-product","3":"status-publish","4":"has-post-thumbnail","6":"product_cat-baterias","8":"first","9":"instock","10":"taxable","11":"shipping-taxable","12":"purchasable","13":"product-type-simple"},"acf":[],"_links":{"self":[{"href":"https:\/\/brammotors.cl\/es\/wp-json\/wp\/v2\/product\/4668","targetHints":{"allow":["GET"]}}],"collection":[{"href":"https:\/\/brammotors.cl\/es\/wp-json\/wp\/v2\/product"}],"about":[{"href":"https:\/\/brammotors.cl\/es\/wp-json\/wp\/v2\/types\/product"}],"replies":[{"embeddable":true,"href":"https:\/\/brammotors.cl\/es\/wp-json\/wp\/v2\/comments?post=4668"}],"wp:featuredmedia":[{"embeddable":true,"href":"https:\/\/brammotors.cl\/es\/wp-json\/wp\/v2\/media\/4667"}],"wp:attachment":[{"href":"https:\/\/brammotors.cl\/es\/wp-json\/wp\/v2\/media?parent=4668"}],"wp:term":[{"taxonomy":"product_brand","embeddable":true,"href":"https:\/\/brammotors.cl\/es\/wp-json\/wp\/v2\/product_brand?post=4668"},{"taxonomy":"product_cat","embeddable":true,"href":"https:\/\/brammotors.cl\/es\/wp-json\/wp\/v2\/product_cat?post=4668"},{"taxonomy":"product_tag","embeddable":true,"href":"https:\/\/brammotors.cl\/es\/wp-json\/wp\/v2\/product_tag?post=4668"}],"curies":[{"name":"wp","href":"https:\/\/api.w.org\/{rel}","templated":true}]}}