{"id":4677,"date":"2025-03-25T21:16:55","date_gmt":"2025-03-26T00:16:55","guid":{"rendered":"https:\/\/brammotors.cl\/product\/bateria-bs-battery-bb12a-a-b-2\/"},"modified":"2025-03-25T21:52:59","modified_gmt":"2025-03-26T00:52:59","slug":"bateria-bs-battery-bb12a-a-b-2","status":"publish","type":"product","link":"https:\/\/brammotors.cl\/es\/product\/bateria-bs-battery-bb12a-a-b-2\/","title":{"rendered":"BATER\u00cdA BS BATTERY BB12A-A\/B&#8217;"},"content":{"rendered":"<p>La bater\u00eda BB12A-A\/B forma parte de nuestra gama SLA. Dise\u00f1ada para facilitar la vida del usuario, esta bater\u00eda de 12 V y 12,6 Ah est\u00e1 lista para usar, no requiere mantenimiento en absoluto y es completamente a prueba de derrames.<\/p>\n<p>Extremadamente f\u00e1cil de instalar y transportar, esta bater\u00eda BB12A-A\/B ofrece mayor potencia, vida \u00fatil prolongada y m\u00e1xima confiabilidad para todos los veh\u00edculos de deportes motorizados que requieren un alto rendimiento.<\/p>\n<p>&nbsp;<\/p>\n<p>ESPECIFICACIONES<\/p>\n<ul>\n<li><span style=\"color: #ff0000;\">N\u00famero de pieza: 300881<\/span><\/li>\n<li><span style=\"color: #ff0000;\">Tecnolog\u00eda: SLA<\/span><\/li>\n<li><span style=\"color: #ff0000;\">Voltaje (V): 12<\/span><\/li>\n<li><span style=\"color: #ff0000;\">Capacidad 10 h (Ah): 12<\/span><\/li>\n<li><span style=\"color: #ff0000;\">Capacidad 20 h (Ah): 12,6<\/span><\/li>\n<li><span style=\"color: #ff0000;\">CCA (A): 150<\/span><\/li>\n<li><span style=\"color: #ff0000;\">Polaridad: 63<\/span><\/li>\n<li><span style=\"color: #ff0000;\">Dimensiones: 134 x 80 x 161 mm<\/span><\/li>\n<\/ul>","protected":false},"excerpt":{"rendered":"<h1>BATER\u00cdA SLA BB12A-A\/B<\/h1>\n<h2>BS BATTERY<\/h2>","protected":false},"featured_media":4676,"comment_status":"open","ping_status":"closed","template":"","meta":{"_acf_changed":false},"product_brand":[],"product_cat":[391],"product_tag":[],"class_list":{"0":"post-4677","1":"product","2":"type-product","3":"status-publish","4":"has-post-thumbnail","6":"product_cat-baterias","8":"first","9":"instock","10":"taxable","11":"shipping-taxable","12":"purchasable","13":"product-type-simple"},"acf":[],"_links":{"self":[{"href":"https:\/\/brammotors.cl\/es\/wp-json\/wp\/v2\/product\/4677","targetHints":{"allow":["GET"]}}],"collection":[{"href":"https:\/\/brammotors.cl\/es\/wp-json\/wp\/v2\/product"}],"about":[{"href":"https:\/\/brammotors.cl\/es\/wp-json\/wp\/v2\/types\/product"}],"replies":[{"embeddable":true,"href":"https:\/\/brammotors.cl\/es\/wp-json\/wp\/v2\/comments?post=4677"}],"wp:featuredmedia":[{"embeddable":true,"href":"https:\/\/brammotors.cl\/es\/wp-json\/wp\/v2\/media\/4676"}],"wp:attachment":[{"href":"https:\/\/brammotors.cl\/es\/wp-json\/wp\/v2\/media?parent=4677"}],"wp:term":[{"taxonomy":"product_brand","embeddable":true,"href":"https:\/\/brammotors.cl\/es\/wp-json\/wp\/v2\/product_brand?post=4677"},{"taxonomy":"product_cat","embeddable":true,"href":"https:\/\/brammotors.cl\/es\/wp-json\/wp\/v2\/product_cat?post=4677"},{"taxonomy":"product_tag","embeddable":true,"href":"https:\/\/brammotors.cl\/es\/wp-json\/wp\/v2\/product_tag?post=4677"}],"curies":[{"name":"wp","href":"https:\/\/api.w.org\/{rel}","templated":true}]}}