{"id":4681,"date":"2025-03-25T21:17:02","date_gmt":"2025-03-26T00:17:02","guid":{"rendered":"https:\/\/brammotors.cl\/product\/bateria-bs-battery-bix30hl\/"},"modified":"2025-03-25T22:33:17","modified_gmt":"2025-03-26T01:33:17","slug":"bateria-bs-battery-bix30hl","status":"publish","type":"product","link":"https:\/\/brammotors.cl\/es\/product\/bateria-bs-battery-bix30hl\/","title":{"rendered":"BATER\u00cdA BS BATTERY BIX30HL"},"content":{"rendered":"<p>La bater\u00eda BIX30HL forma parte de nuestra gama SLA Max. Dise\u00f1ada para las condiciones m\u00e1s extremas, esta bater\u00eda de 12 V 31,6 Ah ofrece el m\u00e1ximo rendimiento a las motos de gran cilindrada equipadas con equipos electr\u00f3nicos (GPS, alarma, audio, linternas&#8230;).<span class=\"Apple-converted-space\">\u00a0<\/span><\/p>\n<p>Con terminales espec\u00edficos y carcasa de bater\u00eda reforzada, esta bater\u00eda ofrece la m\u00e1xima resistencia a las vibraciones y un f\u00e1cil montaje en motos Heavy Duty. Lista para usar, 100% libre de mantenimiento y a prueba de derrames, esta bater\u00eda BIX30HL proporciona mayor potencia, capacidad superior y m\u00e1xima fiabilidad a todas las motos pesadas.<\/p>\n<p>ESPECIFICACIONES<\/p>\n<ul>\n<li><span style=\"color: #ff0000;\">N\u00famero de pieza: 300884<\/span><\/li>\n<li><span style=\"color: #ff0000;\">Tecnolog\u00eda: SLA Max<\/span><\/li>\n<li><span style=\"color: #ff0000;\">Voltaje (V): 12<\/span><\/li>\n<li><span style=\"color: #ff0000;\">Capacidad 10 h (Ah): 30<\/span><\/li>\n<li><span style=\"color: #ff0000;\">Capacidad 20 h (Ah): 31,6<\/span><\/li>\n<li><span style=\"color: #ff0000;\">CCA (A): 440<\/span><\/li>\n<li><span style=\"color: #ff0000;\">Polaridad: 63<\/span><\/li>\n<li><span style=\"color: #ff0000;\">Dimensiones: 166 x 130 x 175 mm<\/span><\/li>\n<\/ul>","protected":false},"excerpt":{"rendered":"<h1>BATER\u00cdA SLA MAX BIX30HL<\/h1>\n<h2>BS BATTERY<\/h2>","protected":false},"featured_media":4680,"comment_status":"open","ping_status":"closed","template":"","meta":{"_acf_changed":false},"product_brand":[],"product_cat":[391,481],"product_tag":[],"class_list":{"0":"post-4681","1":"product","2":"type-product","3":"status-publish","4":"has-post-thumbnail","6":"product_cat-baterias","7":"product_cat-mantenimiento","9":"first","10":"outofstock","11":"taxable","12":"shipping-taxable","13":"purchasable","14":"product-type-simple"},"acf":[],"_links":{"self":[{"href":"https:\/\/brammotors.cl\/es\/wp-json\/wp\/v2\/product\/4681","targetHints":{"allow":["GET"]}}],"collection":[{"href":"https:\/\/brammotors.cl\/es\/wp-json\/wp\/v2\/product"}],"about":[{"href":"https:\/\/brammotors.cl\/es\/wp-json\/wp\/v2\/types\/product"}],"replies":[{"embeddable":true,"href":"https:\/\/brammotors.cl\/es\/wp-json\/wp\/v2\/comments?post=4681"}],"wp:featuredmedia":[{"embeddable":true,"href":"https:\/\/brammotors.cl\/es\/wp-json\/wp\/v2\/media\/4680"}],"wp:attachment":[{"href":"https:\/\/brammotors.cl\/es\/wp-json\/wp\/v2\/media?parent=4681"}],"wp:term":[{"taxonomy":"product_brand","embeddable":true,"href":"https:\/\/brammotors.cl\/es\/wp-json\/wp\/v2\/product_brand?post=4681"},{"taxonomy":"product_cat","embeddable":true,"href":"https:\/\/brammotors.cl\/es\/wp-json\/wp\/v2\/product_cat?post=4681"},{"taxonomy":"product_tag","embeddable":true,"href":"https:\/\/brammotors.cl\/es\/wp-json\/wp\/v2\/product_tag?post=4681"}],"curies":[{"name":"wp","href":"https:\/\/api.w.org\/{rel}","templated":true}]}}