{"id":4801,"date":"2025-03-26T23:45:16","date_gmt":"2025-03-27T02:45:16","guid":{"rendered":"https:\/\/brammotors.cl\/product\/bujia-ngk-b7es\/"},"modified":"2025-10-09T23:27:38","modified_gmt":"2025-10-10T02:27:38","slug":"bujia-ngk-b7es","status":"publish","type":"product","link":"https:\/\/brammotors.cl\/es\/product\/bujia-ngk-b7es\/","title":{"rendered":"BUJIA NGK B7ES"},"content":{"rendered":"<p>Las buj\u00edas NGK forman parte del equipamiento original de los m\u00e1s importantes fabricantes de coches y motos, as\u00ed como en los veh\u00edculos F\u00f3rmula 1 y en las motos de competici\u00f3n. NGK define los est\u00e1ndares m\u00e1s exigentes de calidad. Su tecnolog\u00eda de punta garantiza un nivel de prestaciones que da respuesta incluso a las situaciones m\u00e1s extremas. La avanzada tecnolog\u00eda de las buj\u00edas de encendido de NGK ha sido ampliamente probada, maximizando el rendimiento y minimizando el impacto en el medio ambiente.<\/p>","protected":false},"excerpt":{"rendered":"<p>Las buj\u00edas NGK forman parte del equipamiento original de los m\u00e1s importantes fabricantes de coches y motos, as\u00ed como en los veh\u00edculos F\u00f3rmula 1 y en las motos de competici\u00f3n. NGK define los est\u00e1ndares m\u00e1s exigentes de calidad. Su tecnolog\u00eda de punta garantiza un nivel de prestaciones que da respuesta incluso a las situaciones m\u00e1s [&hellip;]<\/p>\n","protected":false},"featured_media":4686,"comment_status":"open","ping_status":"closed","template":"","meta":{"_acf_changed":false},"product_brand":[],"product_cat":[485,481,489],"product_tag":[],"class_list":{"0":"post-4801","1":"product","2":"type-product","3":"status-publish","4":"has-post-thumbnail","6":"product_cat-bujias","7":"product_cat-mantenimiento","8":"product_cat-ngk","10":"first","11":"outofstock","12":"taxable","13":"shipping-taxable","14":"purchasable","15":"product-type-simple"},"acf":[],"_links":{"self":[{"href":"https:\/\/brammotors.cl\/es\/wp-json\/wp\/v2\/product\/4801","targetHints":{"allow":["GET"]}}],"collection":[{"href":"https:\/\/brammotors.cl\/es\/wp-json\/wp\/v2\/product"}],"about":[{"href":"https:\/\/brammotors.cl\/es\/wp-json\/wp\/v2\/types\/product"}],"replies":[{"embeddable":true,"href":"https:\/\/brammotors.cl\/es\/wp-json\/wp\/v2\/comments?post=4801"}],"wp:featuredmedia":[{"embeddable":true,"href":"https:\/\/brammotors.cl\/es\/wp-json\/wp\/v2\/media\/4686"}],"wp:attachment":[{"href":"https:\/\/brammotors.cl\/es\/wp-json\/wp\/v2\/media?parent=4801"}],"wp:term":[{"taxonomy":"product_brand","embeddable":true,"href":"https:\/\/brammotors.cl\/es\/wp-json\/wp\/v2\/product_brand?post=4801"},{"taxonomy":"product_cat","embeddable":true,"href":"https:\/\/brammotors.cl\/es\/wp-json\/wp\/v2\/product_cat?post=4801"},{"taxonomy":"product_tag","embeddable":true,"href":"https:\/\/brammotors.cl\/es\/wp-json\/wp\/v2\/product_tag?post=4801"}],"curies":[{"name":"wp","href":"https:\/\/api.w.org\/{rel}","templated":true}]}}