{"id":4808,"date":"2025-03-27T22:07:24","date_gmt":"2025-03-28T01:07:24","guid":{"rendered":"https:\/\/brammotors.cl\/product\/aceite-de-motor-castor-927\/"},"modified":"2025-03-27T22:11:08","modified_gmt":"2025-03-28T01:11:08","slug":"aceite-de-motor-castor-927","status":"publish","type":"product","link":"https:\/\/brammotors.cl\/es\/product\/aceite-de-motor-castor-927\/","title":{"rendered":"Aceite de Motor Castor 927"},"content":{"rendered":"<p><strong>ACEITE PRO SERIES \/ 2T<\/strong><\/p>\n<p>Aceite de motor de 2 tiempos fortificado con \u00e9ster a base de ricino dise\u00f1ado para garantizar el m\u00e1ximo rendimiento al tiempo que proporciona la m\u00e1xima protecci\u00f3n en las condiciones m\u00e1s severas. La formulaci\u00f3n resistente a la carbonizaci\u00f3n y la vaporizaci\u00f3n combina \u00e9steres tensioactivos con un aceite de ricino altamente refinado para proporcionar un excelente espesor de pel\u00edcula y tenacidad superficial, protegiendo las paredes del cilindro y otras \u00e1reas cr\u00edticas. El sistema de aditivos patentado sin cenizas mantiene su motor funcionando limpio y libre de formaci\u00f3n de corrosi\u00f3n y desechos.<\/p>\n<p><span style=\"color: #ff0000;\">LOS ENV\u00cdOS SON REALIZADOS VIA STARKEN, POR PAGAR<\/span><\/p>","protected":false},"excerpt":{"rendered":"<h1>CASTOR 927<\/h1>\n<h2>MAXIMA<\/h2>","protected":false},"featured_media":4807,"comment_status":"open","ping_status":"closed","template":"","meta":{"_acf_changed":false},"product_brand":[472],"product_cat":[394,381,392,490],"product_tag":[],"class_list":{"0":"post-4808","1":"product","2":"type-product","3":"status-publish","4":"has-post-thumbnail","6":"product_brand-maximaracing","7":"product_cat-aceites-lubricantes","8":"product_cat-aceites-de-motor","9":"product_cat-lubricantes","10":"product_cat-repuestos","12":"first","13":"instock","14":"taxable","15":"shipping-taxable","16":"purchasable","17":"product-type-simple"},"acf":[],"_links":{"self":[{"href":"https:\/\/brammotors.cl\/es\/wp-json\/wp\/v2\/product\/4808","targetHints":{"allow":["GET"]}}],"collection":[{"href":"https:\/\/brammotors.cl\/es\/wp-json\/wp\/v2\/product"}],"about":[{"href":"https:\/\/brammotors.cl\/es\/wp-json\/wp\/v2\/types\/product"}],"replies":[{"embeddable":true,"href":"https:\/\/brammotors.cl\/es\/wp-json\/wp\/v2\/comments?post=4808"}],"wp:featuredmedia":[{"embeddable":true,"href":"https:\/\/brammotors.cl\/es\/wp-json\/wp\/v2\/media\/4807"}],"wp:attachment":[{"href":"https:\/\/brammotors.cl\/es\/wp-json\/wp\/v2\/media?parent=4808"}],"wp:term":[{"taxonomy":"product_brand","embeddable":true,"href":"https:\/\/brammotors.cl\/es\/wp-json\/wp\/v2\/product_brand?post=4808"},{"taxonomy":"product_cat","embeddable":true,"href":"https:\/\/brammotors.cl\/es\/wp-json\/wp\/v2\/product_cat?post=4808"},{"taxonomy":"product_tag","embeddable":true,"href":"https:\/\/brammotors.cl\/es\/wp-json\/wp\/v2\/product_tag?post=4808"}],"curies":[{"name":"wp","href":"https:\/\/api.w.org\/{rel}","templated":true}]}}