{"id":4812,"date":"2025-03-27T22:07:31","date_gmt":"2025-03-28T01:07:31","guid":{"rendered":"https:\/\/brammotors.cl\/product\/aceite-de-motor-formula-k2-tpi\/"},"modified":"2025-03-27T22:11:08","modified_gmt":"2025-03-28T01:11:08","slug":"aceite-de-motor-formula-k2-tpi","status":"publish","type":"product","link":"https:\/\/brammotors.cl\/es\/product\/aceite-de-motor-formula-k2-tpi\/","title":{"rendered":"Aceite de Motor Formula K2 TPI"},"content":{"rendered":"<p><strong>ACEITE 100% SINTETICO CON ESTERES \/ 2T<\/strong><\/p>\n<p>Aceite de motor de 2 tiempos de triple \u00e9ster totalmente sint\u00e9tico dise\u00f1ado para garantizar una protecci\u00f3n y un rendimiento \u00f3ptimos en condiciones extremas. La formulaci\u00f3n resistente a la quema de anillos y a la adherencia del mismo, utiliza \u00e9steres de superficie activa de alto peso molecular para garantizar un sellado \u00f3ptimo del anillo y entregar la m\u00e1xima potencia. El avanzado sistema de aditivos con bajo contenido de cenizas minimiza la acumulaci\u00f3n de carbono al tiempo que evita la oxidaci\u00f3n, la corrosi\u00f3n y el desgaste. Dise\u00f1ado para sistemas de inyecci\u00f3n directa, pero lo suficientemente robusto como para usarse como premezcla. OEM-recommended.<\/p>\n<p><span style=\"color: #ff0000;\">LOS ENV\u00cdOS SON REALIZADOS VIA STARKEN, POR PAGAR<\/span><\/p>","protected":false},"excerpt":{"rendered":"<h1>FORMULA K2 TPI<\/h1>\n<h2>MAXIMA<\/h2>","protected":false},"featured_media":4811,"comment_status":"open","ping_status":"closed","template":"","meta":{"_acf_changed":false},"product_brand":[472],"product_cat":[394,381,392,490],"product_tag":[],"class_list":{"0":"post-4812","1":"product","2":"type-product","3":"status-publish","4":"has-post-thumbnail","6":"product_brand-maximaracing","7":"product_cat-aceites-lubricantes","8":"product_cat-aceites-de-motor","9":"product_cat-lubricantes","10":"product_cat-repuestos","12":"first","13":"instock","14":"taxable","15":"shipping-taxable","16":"purchasable","17":"product-type-simple"},"acf":[],"_links":{"self":[{"href":"https:\/\/brammotors.cl\/es\/wp-json\/wp\/v2\/product\/4812","targetHints":{"allow":["GET"]}}],"collection":[{"href":"https:\/\/brammotors.cl\/es\/wp-json\/wp\/v2\/product"}],"about":[{"href":"https:\/\/brammotors.cl\/es\/wp-json\/wp\/v2\/types\/product"}],"replies":[{"embeddable":true,"href":"https:\/\/brammotors.cl\/es\/wp-json\/wp\/v2\/comments?post=4812"}],"wp:featuredmedia":[{"embeddable":true,"href":"https:\/\/brammotors.cl\/es\/wp-json\/wp\/v2\/media\/4811"}],"wp:attachment":[{"href":"https:\/\/brammotors.cl\/es\/wp-json\/wp\/v2\/media?parent=4812"}],"wp:term":[{"taxonomy":"product_brand","embeddable":true,"href":"https:\/\/brammotors.cl\/es\/wp-json\/wp\/v2\/product_brand?post=4812"},{"taxonomy":"product_cat","embeddable":true,"href":"https:\/\/brammotors.cl\/es\/wp-json\/wp\/v2\/product_cat?post=4812"},{"taxonomy":"product_tag","embeddable":true,"href":"https:\/\/brammotors.cl\/es\/wp-json\/wp\/v2\/product_tag?post=4812"}],"curies":[{"name":"wp","href":"https:\/\/api.w.org\/{rel}","templated":true}]}}