{"id":4814,"date":"2025-03-27T22:07:33","date_gmt":"2025-03-28T01:07:33","guid":{"rendered":"https:\/\/brammotors.cl\/product\/aceite-de-motor-full-syn\/"},"modified":"2025-03-27T22:11:08","modified_gmt":"2025-03-28T01:11:08","slug":"aceite-de-motor-full-syn","status":"publish","type":"product","link":"https:\/\/brammotors.cl\/es\/product\/aceite-de-motor-full-syn\/","title":{"rendered":"Aceite de Motor Full Syn"},"content":{"rendered":"<p><strong>ACEITE 100% SINTETICO 4T<\/strong><\/p>\n<p>Aceite de motor de 4 tiempos totalmente sint\u00e9tico dise\u00f1ado para garantizar una protecci\u00f3n \u00f3ptima, un rendimiento m\u00e1ximo y una sensaci\u00f3n de embrague positiva tanto para los viajeros como para los corredores. La formulaci\u00f3n de superficie activa proporciona un excelente espesor de pel\u00edcula mientras mantiene la viscosidad en todas las temperaturas de funcionamiento. El sistema de aditivos patentado y avanzado mantiene su motor funcionando limpio, sin problemas y prolonga la vida \u00fatil de la m\u00e1quina. Supera los requisitos de API SL\/JASO MA2.<\/p>\n<p><span style=\"color: #ff0000;\">LOS ENV\u00cdOS SON REALIZADOS VIA STARKEN, POR PAGAR<\/span><\/p>","protected":false},"excerpt":{"rendered":"<h1>FULL SYN<\/h1>\n<h2>MAXIMA<\/h2>","protected":false},"featured_media":4813,"comment_status":"open","ping_status":"closed","template":"","meta":{"_acf_changed":false},"product_brand":[472],"product_cat":[394,381,392,490],"product_tag":[],"class_list":{"0":"post-4814","1":"product","2":"type-product","3":"status-publish","4":"has-post-thumbnail","6":"product_brand-maximaracing","7":"product_cat-aceites-lubricantes","8":"product_cat-aceites-de-motor","9":"product_cat-lubricantes","10":"product_cat-repuestos","12":"first","13":"instock","14":"taxable","15":"shipping-taxable","16":"purchasable","17":"product-type-simple"},"acf":[],"_links":{"self":[{"href":"https:\/\/brammotors.cl\/es\/wp-json\/wp\/v2\/product\/4814","targetHints":{"allow":["GET"]}}],"collection":[{"href":"https:\/\/brammotors.cl\/es\/wp-json\/wp\/v2\/product"}],"about":[{"href":"https:\/\/brammotors.cl\/es\/wp-json\/wp\/v2\/types\/product"}],"replies":[{"embeddable":true,"href":"https:\/\/brammotors.cl\/es\/wp-json\/wp\/v2\/comments?post=4814"}],"wp:featuredmedia":[{"embeddable":true,"href":"https:\/\/brammotors.cl\/es\/wp-json\/wp\/v2\/media\/4813"}],"wp:attachment":[{"href":"https:\/\/brammotors.cl\/es\/wp-json\/wp\/v2\/media?parent=4814"}],"wp:term":[{"taxonomy":"product_brand","embeddable":true,"href":"https:\/\/brammotors.cl\/es\/wp-json\/wp\/v2\/product_brand?post=4814"},{"taxonomy":"product_cat","embeddable":true,"href":"https:\/\/brammotors.cl\/es\/wp-json\/wp\/v2\/product_cat?post=4814"},{"taxonomy":"product_tag","embeddable":true,"href":"https:\/\/brammotors.cl\/es\/wp-json\/wp\/v2\/product_tag?post=4814"}],"curies":[{"name":"wp","href":"https:\/\/api.w.org\/{rel}","templated":true}]}}