{"id":4827,"date":"2025-03-27T22:07:52","date_gmt":"2025-03-28T01:07:52","guid":{"rendered":"https:\/\/brammotors.cl\/product\/aceite-de-transmision-mtl-e-2-cycle-85wt-2\/"},"modified":"2025-03-27T22:11:08","modified_gmt":"2025-03-28T01:11:08","slug":"aceite-de-transmision-mtl-e-2-cycle-85wt-2","status":"publish","type":"product","link":"https:\/\/brammotors.cl\/es\/product\/aceite-de-transmision-mtl-e-2-cycle-85wt-2\/","title":{"rendered":"Aceite de Transmisi\u00f3n MTL-E 2-Cycle 85WT"},"content":{"rendered":"<p><strong>85WT &#8211; ENDURO Y CARRERAS DE LARGO ALIENTO<\/strong><\/p>\n<p>Lubricante para transmisiones de motocicletas a base de minerales formulado para su uso en motocicletas de 2 y 4 tiempos. Proporciona un excelente espesor de pel\u00edcula y estabilidad de viscosidad en todas las temperaturas de funcionamiento para una m\u00e1xima protecci\u00f3n del embrague y la caja de cambios. La f\u00f3rmula patentada ClutchSaver \u2122 asegura un acoplamiento \u00f3ptimo del embrague, evita el deslizamiento y minimiza el desgaste. Supera los requisitos de JASO MA2.<\/p>\n<p><span style=\"color: #ff0000;\">LOS ENV\u00cdOS SON REALIZADOS VIA STARKEN, POR PAGAR<\/span><\/p>","protected":false},"excerpt":{"rendered":"<h1>MTL-E 2-CYCLE 85WT<\/h1>\n<h2>MAXIMA<\/h2>","protected":false},"featured_media":4824,"comment_status":"open","ping_status":"closed","template":"","meta":{"_acf_changed":false},"product_brand":[472],"product_cat":[394,381,392,490],"product_tag":[],"class_list":{"0":"post-4827","1":"product","2":"type-product","3":"status-publish","4":"has-post-thumbnail","6":"product_brand-maximaracing","7":"product_cat-aceites-lubricantes","8":"product_cat-aceites-de-motor","9":"product_cat-lubricantes","10":"product_cat-repuestos","12":"first","13":"instock","14":"taxable","15":"shipping-taxable","16":"purchasable","17":"product-type-simple"},"acf":[],"_links":{"self":[{"href":"https:\/\/brammotors.cl\/es\/wp-json\/wp\/v2\/product\/4827","targetHints":{"allow":["GET"]}}],"collection":[{"href":"https:\/\/brammotors.cl\/es\/wp-json\/wp\/v2\/product"}],"about":[{"href":"https:\/\/brammotors.cl\/es\/wp-json\/wp\/v2\/types\/product"}],"replies":[{"embeddable":true,"href":"https:\/\/brammotors.cl\/es\/wp-json\/wp\/v2\/comments?post=4827"}],"wp:featuredmedia":[{"embeddable":true,"href":"https:\/\/brammotors.cl\/es\/wp-json\/wp\/v2\/media\/4824"}],"wp:attachment":[{"href":"https:\/\/brammotors.cl\/es\/wp-json\/wp\/v2\/media?parent=4827"}],"wp:term":[{"taxonomy":"product_brand","embeddable":true,"href":"https:\/\/brammotors.cl\/es\/wp-json\/wp\/v2\/product_brand?post=4827"},{"taxonomy":"product_cat","embeddable":true,"href":"https:\/\/brammotors.cl\/es\/wp-json\/wp\/v2\/product_cat?post=4827"},{"taxonomy":"product_tag","embeddable":true,"href":"https:\/\/brammotors.cl\/es\/wp-json\/wp\/v2\/product_tag?post=4827"}],"curies":[{"name":"wp","href":"https:\/\/api.w.org\/{rel}","templated":true}]}}