{"id":4829,"date":"2025-03-27T22:07:53","date_gmt":"2025-03-28T01:07:53","guid":{"rendered":"https:\/\/brammotors.cl\/product\/lubricante-de-cadena-chain-wax-535-ml\/"},"modified":"2025-03-27T22:11:08","modified_gmt":"2025-03-28T01:11:08","slug":"lubricante-de-cadena-chain-wax-535-ml","status":"publish","type":"product","link":"https:\/\/brammotors.cl\/es\/product\/lubricante-de-cadena-chain-wax-535-ml\/","title":{"rendered":"Lubricante de Cadena Chain Wax 535 ml"},"content":{"rendered":"<p><strong>CERA PROTECTORA PARA CADENA<\/strong><\/p>\n<p>Lubricante de cadena de alto rendimiento para cadenas X, Z y O &#8211; Ring. La exclusiva f\u00f3rmula Parafilm \u2122 se pulveriza en forma l\u00edquida, penetra y luego se configura como una pel\u00edcula cerosa suave, creando un excelente lubricante que protege la cadena de los elementos. Excelente protecci\u00f3n contra el \u00f3xido y la corrosi\u00f3n. No se desprender\u00e1 ni atraer\u00e1 suciedad. Perfecto para aplicaciones en carretera o fuera de carretera.<\/p>\n<p><span style=\"color: #ff0000;\">LOS ENV\u00cdOS SON REALIZADOS VIA STARKEN, POR PAGAR<\/span><\/p>","protected":false},"excerpt":{"rendered":"<h1>CHAIN WAX 535 ML<\/h1>\n<h2>MAXIMA<\/h2>","protected":false},"featured_media":4826,"comment_status":"open","ping_status":"closed","template":"","meta":{"_acf_changed":false},"product_brand":[472],"product_cat":[394,381,392,490],"product_tag":[],"class_list":{"0":"post-4829","1":"product","2":"type-product","3":"status-publish","4":"has-post-thumbnail","6":"product_brand-maximaracing","7":"product_cat-aceites-lubricantes","8":"product_cat-aceites-de-motor","9":"product_cat-lubricantes","10":"product_cat-repuestos","12":"first","13":"instock","14":"taxable","15":"shipping-taxable","16":"purchasable","17":"product-type-simple"},"acf":[],"_links":{"self":[{"href":"https:\/\/brammotors.cl\/es\/wp-json\/wp\/v2\/product\/4829","targetHints":{"allow":["GET"]}}],"collection":[{"href":"https:\/\/brammotors.cl\/es\/wp-json\/wp\/v2\/product"}],"about":[{"href":"https:\/\/brammotors.cl\/es\/wp-json\/wp\/v2\/types\/product"}],"replies":[{"embeddable":true,"href":"https:\/\/brammotors.cl\/es\/wp-json\/wp\/v2\/comments?post=4829"}],"wp:featuredmedia":[{"embeddable":true,"href":"https:\/\/brammotors.cl\/es\/wp-json\/wp\/v2\/media\/4826"}],"wp:attachment":[{"href":"https:\/\/brammotors.cl\/es\/wp-json\/wp\/v2\/media?parent=4829"}],"wp:term":[{"taxonomy":"product_brand","embeddable":true,"href":"https:\/\/brammotors.cl\/es\/wp-json\/wp\/v2\/product_brand?post=4829"},{"taxonomy":"product_cat","embeddable":true,"href":"https:\/\/brammotors.cl\/es\/wp-json\/wp\/v2\/product_cat?post=4829"},{"taxonomy":"product_tag","embeddable":true,"href":"https:\/\/brammotors.cl\/es\/wp-json\/wp\/v2\/product_tag?post=4829"}],"curies":[{"name":"wp","href":"https:\/\/api.w.org\/{rel}","templated":true}]}}