{"id":4835,"date":"2025-03-27T22:07:57","date_gmt":"2025-03-28T01:07:57","guid":{"rendered":"https:\/\/brammotors.cl\/product\/lubricante-de-cadena-chain-guard-513-ml-2\/"},"modified":"2025-03-27T22:11:07","modified_gmt":"2025-03-28T01:11:07","slug":"lubricante-de-cadena-chain-guard-513-ml-2","status":"publish","type":"product","link":"https:\/\/brammotors.cl\/es\/product\/lubricante-de-cadena-chain-guard-513-ml-2\/","title":{"rendered":"Lubricante de Cadena Chain Guard 513 ml"},"content":{"rendered":"<p><strong>PROTECTOR DE CADENA 100% SINTETICO BASE ESTERES<\/strong><\/p>\n<p>Lubricante de cadenas avanzado espec\u00edficamente formulado para motocicletas de alto rendimiento Off Road y en carretera de hoy. Est\u00e1 compuesto con las mejores bases lubricantes sint\u00e9ticas y reforzado con los aditivos antidesgaste y de presi\u00f3n extrema m\u00e1s avanzados disponibles. Tambi\u00e9n contiene aditivos especiales para evitar el &#8220;desprendimiento&#8221; y proteger contra el \u00f3xido y la corrosi\u00f3n. Chain Guard es seguro para las cadenas O &#8211; Ring lo que lo vuelve un excelente lubricante.<\/p>\n<p><span style=\"color: #ff0000;\">LOS ENV\u00cdOS SON REALIZADOS VIA STARKEN, POR PAGAR<\/span><\/p>","protected":false},"excerpt":{"rendered":"<h1>CHAIN GUARD 513 ML<\/h1>\n<h2>MAXIMA<\/h2>","protected":false},"featured_media":4832,"comment_status":"open","ping_status":"closed","template":"","meta":{"_acf_changed":false},"product_brand":[472],"product_cat":[394,381,392,490],"product_tag":[],"class_list":{"0":"post-4835","1":"product","2":"type-product","3":"status-publish","4":"has-post-thumbnail","6":"product_brand-maximaracing","7":"product_cat-aceites-lubricantes","8":"product_cat-aceites-de-motor","9":"product_cat-lubricantes","10":"product_cat-repuestos","12":"first","13":"instock","14":"taxable","15":"shipping-taxable","16":"purchasable","17":"product-type-simple"},"acf":[],"_links":{"self":[{"href":"https:\/\/brammotors.cl\/es\/wp-json\/wp\/v2\/product\/4835","targetHints":{"allow":["GET"]}}],"collection":[{"href":"https:\/\/brammotors.cl\/es\/wp-json\/wp\/v2\/product"}],"about":[{"href":"https:\/\/brammotors.cl\/es\/wp-json\/wp\/v2\/types\/product"}],"replies":[{"embeddable":true,"href":"https:\/\/brammotors.cl\/es\/wp-json\/wp\/v2\/comments?post=4835"}],"wp:featuredmedia":[{"embeddable":true,"href":"https:\/\/brammotors.cl\/es\/wp-json\/wp\/v2\/media\/4832"}],"wp:attachment":[{"href":"https:\/\/brammotors.cl\/es\/wp-json\/wp\/v2\/media?parent=4835"}],"wp:term":[{"taxonomy":"product_brand","embeddable":true,"href":"https:\/\/brammotors.cl\/es\/wp-json\/wp\/v2\/product_brand?post=4835"},{"taxonomy":"product_cat","embeddable":true,"href":"https:\/\/brammotors.cl\/es\/wp-json\/wp\/v2\/product_cat?post=4835"},{"taxonomy":"product_tag","embeddable":true,"href":"https:\/\/brammotors.cl\/es\/wp-json\/wp\/v2\/product_tag?post=4835"}],"curies":[{"name":"wp","href":"https:\/\/api.w.org\/{rel}","templated":true}]}}