{"id":4839,"date":"2025-03-27T22:08:00","date_gmt":"2025-03-28T01:08:00","guid":{"rendered":"https:\/\/brammotors.cl\/product\/aceite-para-filtros-de-aire-fab-1-557-ml-2\/"},"modified":"2025-03-27T22:11:07","modified_gmt":"2025-03-28T01:11:07","slug":"aceite-para-filtros-de-aire-fab-1-557-ml-2","status":"publish","type":"product","link":"https:\/\/brammotors.cl\/es\/product\/aceite-para-filtros-de-aire-fab-1-557-ml-2\/","title":{"rendered":"Aceite para Filtros de Aire FAB-1 557 ml"},"content":{"rendered":"<p><strong>ACEITE PARA FILTROS DE AIRE EN SPRAY<\/strong><\/p>\n<p>FAB-1 es una f\u00f3rmula sint\u00e9tica altamente avanzada para todo tipo de filtro de aire de espuma. Un aceite superior para detener el paso de suciedad, polvo fino, agua y otros elementos nocivos al sistema de admisi\u00f3n de aplicaciones. Los aditivos de pol\u00edmero y copol\u00edmero s\u00faper pegajosos atraen y retienen pr\u00e1cticamente todas las part\u00edculas de polvo fino. La base a prueba de agua resiste que la humedad pase a trav\u00e9s del filtro. FAB-1 ofrece la mejor protecci\u00f3n para su motor, buj\u00edas, carburador y filtro de aire.<\/p>\n<p><span style=\"color: #ff0000;\">LOS ENV\u00cdOS SON REALIZADOS VIA STARKEN, POR PAGAR<\/span><\/p>","protected":false},"excerpt":{"rendered":"<h1>FAB-1 557 ML<\/h1>\n<h2>MAXIMA<\/h2>","protected":false},"featured_media":4836,"comment_status":"open","ping_status":"closed","template":"","meta":{"_acf_changed":false},"product_brand":[472],"product_cat":[394,381,392,490],"product_tag":[],"class_list":{"0":"post-4839","1":"product","2":"type-product","3":"status-publish","4":"has-post-thumbnail","6":"product_brand-maximaracing","7":"product_cat-aceites-lubricantes","8":"product_cat-aceites-de-motor","9":"product_cat-lubricantes","10":"product_cat-repuestos","12":"first","13":"instock","14":"taxable","15":"shipping-taxable","16":"purchasable","17":"product-type-simple"},"acf":[],"_links":{"self":[{"href":"https:\/\/brammotors.cl\/es\/wp-json\/wp\/v2\/product\/4839","targetHints":{"allow":["GET"]}}],"collection":[{"href":"https:\/\/brammotors.cl\/es\/wp-json\/wp\/v2\/product"}],"about":[{"href":"https:\/\/brammotors.cl\/es\/wp-json\/wp\/v2\/types\/product"}],"replies":[{"embeddable":true,"href":"https:\/\/brammotors.cl\/es\/wp-json\/wp\/v2\/comments?post=4839"}],"wp:featuredmedia":[{"embeddable":true,"href":"https:\/\/brammotors.cl\/es\/wp-json\/wp\/v2\/media\/4836"}],"wp:attachment":[{"href":"https:\/\/brammotors.cl\/es\/wp-json\/wp\/v2\/media?parent=4839"}],"wp:term":[{"taxonomy":"product_brand","embeddable":true,"href":"https:\/\/brammotors.cl\/es\/wp-json\/wp\/v2\/product_brand?post=4839"},{"taxonomy":"product_cat","embeddable":true,"href":"https:\/\/brammotors.cl\/es\/wp-json\/wp\/v2\/product_cat?post=4839"},{"taxonomy":"product_tag","embeddable":true,"href":"https:\/\/brammotors.cl\/es\/wp-json\/wp\/v2\/product_tag?post=4839"}],"curies":[{"name":"wp","href":"https:\/\/api.w.org\/{rel}","templated":true}]}}