{"id":4843,"date":"2025-03-27T22:08:04","date_gmt":"2025-03-28T01:08:04","guid":{"rendered":"https:\/\/brammotors.cl\/product\/limpiador-de-filtros-de-aire-air-filter-cleaner-507-ml-2\/"},"modified":"2025-03-27T22:11:07","modified_gmt":"2025-03-28T01:11:07","slug":"limpiador-de-filtros-de-aire-air-filter-cleaner-507-ml-2","status":"publish","type":"product","link":"https:\/\/brammotors.cl\/es\/product\/limpiador-de-filtros-de-aire-air-filter-cleaner-507-ml-2\/","title":{"rendered":"Limpiador de Filtros de Aire-Air Filter Cleaner 507 ml"},"content":{"rendered":"<p><strong>LIMPIADOR DESENGRASANTE PARA FILTROS DE AIRE<\/strong><\/p>\n<p>Limpiador de tipo emulsi\u00f3n profesional dise\u00f1ado espec\u00edficamente para eliminar grasa, aceites de filtro pesados \u200b\u200by otros contaminantes de los filtros de aire de espuma y tela. La formulaci\u00f3n exclusiva y patentada no contiene productos qu\u00edmicos c\u00e1usticos, no da\u00f1ar\u00e1 las celdas de espuma, el papel o el pegamento y se lava f\u00e1cilmente con agua. Maxima Air Filter Cleaner est\u00e1 constantemente clasificado como el mejor en su clase y no contiene CFC da\u00f1inos.<\/p>\n<p><span style=\"color: #ff0000;\">LOS ENV\u00cdOS SON REALIZADOS VIA STARKEN, POR PAGAR<\/span><\/p>","protected":false},"excerpt":{"rendered":"<h1>AIR FILTER CLEANER 507 ML<\/h1>\n<h2>MAXIMA<\/h2>","protected":false},"featured_media":4840,"comment_status":"open","ping_status":"closed","template":"","meta":{"_acf_changed":false},"product_brand":[472],"product_cat":[394,381,392,490],"product_tag":[],"class_list":{"0":"post-4843","1":"product","2":"type-product","3":"status-publish","4":"has-post-thumbnail","6":"product_brand-maximaracing","7":"product_cat-aceites-lubricantes","8":"product_cat-aceites-de-motor","9":"product_cat-lubricantes","10":"product_cat-repuestos","12":"first","13":"instock","14":"taxable","15":"shipping-taxable","16":"purchasable","17":"product-type-simple"},"acf":[],"_links":{"self":[{"href":"https:\/\/brammotors.cl\/es\/wp-json\/wp\/v2\/product\/4843","targetHints":{"allow":["GET"]}}],"collection":[{"href":"https:\/\/brammotors.cl\/es\/wp-json\/wp\/v2\/product"}],"about":[{"href":"https:\/\/brammotors.cl\/es\/wp-json\/wp\/v2\/types\/product"}],"replies":[{"embeddable":true,"href":"https:\/\/brammotors.cl\/es\/wp-json\/wp\/v2\/comments?post=4843"}],"wp:featuredmedia":[{"embeddable":true,"href":"https:\/\/brammotors.cl\/es\/wp-json\/wp\/v2\/media\/4840"}],"wp:attachment":[{"href":"https:\/\/brammotors.cl\/es\/wp-json\/wp\/v2\/media?parent=4843"}],"wp:term":[{"taxonomy":"product_brand","embeddable":true,"href":"https:\/\/brammotors.cl\/es\/wp-json\/wp\/v2\/product_brand?post=4843"},{"taxonomy":"product_cat","embeddable":true,"href":"https:\/\/brammotors.cl\/es\/wp-json\/wp\/v2\/product_cat?post=4843"},{"taxonomy":"product_tag","embeddable":true,"href":"https:\/\/brammotors.cl\/es\/wp-json\/wp\/v2\/product_tag?post=4843"}],"curies":[{"name":"wp","href":"https:\/\/api.w.org\/{rel}","templated":true}]}}