{"id":4845,"date":"2025-03-27T22:08:06","date_gmt":"2025-03-28T01:08:06","guid":{"rendered":"https:\/\/brammotors.cl\/product\/abrillantador-sc1-clear-coat-508-ml\/"},"modified":"2025-03-27T22:11:07","modified_gmt":"2025-03-28T01:11:07","slug":"abrillantador-sc1-clear-coat-508-ml","status":"publish","type":"product","link":"https:\/\/brammotors.cl\/es\/product\/abrillantador-sc1-clear-coat-508-ml\/","title":{"rendered":"Abrillantador SC1 Clear Coat 508 ml"},"content":{"rendered":"<p><strong>PROTECTOR EN CAPAS DE ALTO BRILLO<\/strong><\/p>\n<p>El original e inigualable \u201cNew Bike in a Can\u201d, SC1 realmente restaura el brillo de f\u00e1brica y est\u00e1 a la altura de lo que tu necesitas. SC1 est\u00e1 espec\u00edficamente formulado para proteger y embellecer m\u00faltiples superficies, incluyendo pl\u00e1stico, vinilo, caucho y fibra de carbono. La formulaci\u00f3n resistente al agua es segura para usar en acabados brillantes o mate y facilita el proceso de limpieza al formar un revestimiento duradero que repele el barro, la suciedad y los escombros. Se puede aplicar y dejar intacto o dejar que se instale y pulir hasta obtener un brillo seco, dejando un brillo duradero.<\/p>\n<p><span style=\"color: #ff0000;\">LOS ENV\u00cdOS SON REALIZADOS VIA STARKEN, POR PAGAR<\/span><\/p>","protected":false},"excerpt":{"rendered":"<h1>SC1 508 ML<\/h1>\n<h2>MAXIMA<\/h2>","protected":false},"featured_media":4842,"comment_status":"open","ping_status":"closed","template":"","meta":{"_acf_changed":false},"product_brand":[472],"product_cat":[394,381,392,490],"product_tag":[],"class_list":{"0":"post-4845","1":"product","2":"type-product","3":"status-publish","4":"has-post-thumbnail","6":"product_brand-maximaracing","7":"product_cat-aceites-lubricantes","8":"product_cat-aceites-de-motor","9":"product_cat-lubricantes","10":"product_cat-repuestos","12":"first","13":"instock","14":"taxable","15":"shipping-taxable","16":"purchasable","17":"product-type-simple"},"acf":[],"_links":{"self":[{"href":"https:\/\/brammotors.cl\/es\/wp-json\/wp\/v2\/product\/4845","targetHints":{"allow":["GET"]}}],"collection":[{"href":"https:\/\/brammotors.cl\/es\/wp-json\/wp\/v2\/product"}],"about":[{"href":"https:\/\/brammotors.cl\/es\/wp-json\/wp\/v2\/types\/product"}],"replies":[{"embeddable":true,"href":"https:\/\/brammotors.cl\/es\/wp-json\/wp\/v2\/comments?post=4845"}],"wp:featuredmedia":[{"embeddable":true,"href":"https:\/\/brammotors.cl\/es\/wp-json\/wp\/v2\/media\/4842"}],"wp:attachment":[{"href":"https:\/\/brammotors.cl\/es\/wp-json\/wp\/v2\/media?parent=4845"}],"wp:term":[{"taxonomy":"product_brand","embeddable":true,"href":"https:\/\/brammotors.cl\/es\/wp-json\/wp\/v2\/product_brand?post=4845"},{"taxonomy":"product_cat","embeddable":true,"href":"https:\/\/brammotors.cl\/es\/wp-json\/wp\/v2\/product_cat?post=4845"},{"taxonomy":"product_tag","embeddable":true,"href":"https:\/\/brammotors.cl\/es\/wp-json\/wp\/v2\/product_tag?post=4845"}],"curies":[{"name":"wp","href":"https:\/\/api.w.org\/{rel}","templated":true}]}}