{"id":4848,"date":"2025-03-27T22:08:15","date_gmt":"2025-03-28T01:08:15","guid":{"rendered":"https:\/\/brammotors.cl\/product\/limpiador-de-contacto-contact-cleaner-518-ml\/"},"modified":"2026-01-07T14:54:23","modified_gmt":"2026-01-07T17:54:23","slug":"limpiador-de-contacto-contact-cleaner-518-ml","status":"publish","type":"product","link":"https:\/\/brammotors.cl\/es\/product\/limpiador-de-contacto-contact-cleaner-518-ml\/","title":{"rendered":"Limpiador de Contacto-Contact Cleaner 518 ml"},"content":{"rendered":"<p><strong>LIMPIADOR DE CONTACTOS ELECTRICOS<\/strong><\/p>\n<p>Limpiador profesional dise\u00f1ado espec\u00edficamente para eliminar grasa, aceite y otros contaminantes de los componentes el\u00e9ctricos. La formulaci\u00f3n exclusiva y patentada desplaza la humedad y es completamente no corrosiva y no mancha. El limpiador sin CFC y compatible con VOC limpia de manera segura los componentes el\u00e9ctricos, se seca r\u00e1pidamente y no deja humedad, residuos ni pel\u00edculas.<\/p>\n<p><span style=\"color: #ff0000;\">LOS ENV\u00cdOS SON REALIZADOS VIA STARKEN, POR PAGAR<\/span><\/p>","protected":false},"excerpt":{"rendered":"<h1>CONTACT CLEANER 518 ML<\/h1>\n<h2>MAXIMA<\/h2>","protected":false},"featured_media":4847,"comment_status":"open","ping_status":"closed","template":"","meta":{"_acf_changed":false},"product_brand":[472],"product_cat":[394,381,392,490],"product_tag":[],"class_list":{"0":"post-4848","1":"product","2":"type-product","3":"status-publish","4":"has-post-thumbnail","6":"product_brand-maximaracing","7":"product_cat-aceites-lubricantes","8":"product_cat-aceites-de-motor","9":"product_cat-lubricantes","10":"product_cat-repuestos","12":"first","13":"instock","14":"taxable","15":"shipping-taxable","16":"purchasable","17":"product-type-simple"},"acf":[],"_links":{"self":[{"href":"https:\/\/brammotors.cl\/es\/wp-json\/wp\/v2\/product\/4848","targetHints":{"allow":["GET"]}}],"collection":[{"href":"https:\/\/brammotors.cl\/es\/wp-json\/wp\/v2\/product"}],"about":[{"href":"https:\/\/brammotors.cl\/es\/wp-json\/wp\/v2\/types\/product"}],"replies":[{"embeddable":true,"href":"https:\/\/brammotors.cl\/es\/wp-json\/wp\/v2\/comments?post=4848"}],"wp:featuredmedia":[{"embeddable":true,"href":"https:\/\/brammotors.cl\/es\/wp-json\/wp\/v2\/media\/4847"}],"wp:attachment":[{"href":"https:\/\/brammotors.cl\/es\/wp-json\/wp\/v2\/media?parent=4848"}],"wp:term":[{"taxonomy":"product_brand","embeddable":true,"href":"https:\/\/brammotors.cl\/es\/wp-json\/wp\/v2\/product_brand?post=4848"},{"taxonomy":"product_cat","embeddable":true,"href":"https:\/\/brammotors.cl\/es\/wp-json\/wp\/v2\/product_cat?post=4848"},{"taxonomy":"product_tag","embeddable":true,"href":"https:\/\/brammotors.cl\/es\/wp-json\/wp\/v2\/product_tag?post=4848"}],"curies":[{"name":"wp","href":"https:\/\/api.w.org\/{rel}","templated":true}]}}