{"id":4850,"date":"2025-03-27T22:08:17","date_gmt":"2025-03-28T01:08:17","guid":{"rendered":"https:\/\/brammotors.cl\/product\/desengrasante-y-limpiador-de-cadenas-clean-up-507-ml\/"},"modified":"2025-03-27T22:11:07","modified_gmt":"2025-03-28T01:11:07","slug":"desengrasante-y-limpiador-de-cadenas-clean-up-507-ml","status":"publish","type":"product","link":"https:\/\/brammotors.cl\/es\/product\/desengrasante-y-limpiador-de-cadenas-clean-up-507-ml\/","title":{"rendered":"Desengrasante y Limpiador de Cadenas Clean Up 507 ml"},"content":{"rendered":"<p><strong>DESENGRASANTE DE FUERTE ACCI\u00d3N\u00a0<\/strong><\/p>\n<p>CLEAN UP es un limpiador de tipo emulsi\u00f3n dise\u00f1ado para limpiar a fondo las cadenas sin da\u00f1ar las juntas de goma o las superficies met\u00e1licas. Se disuelve y elimina r\u00e1pidamente el lubricante de la cadena, la suciedad, la arena, el barro y la mugre que queda. No da\u00f1a el acabado en cadenas de oro, cadenas est\u00e1ndar, aluminio o acero. Seguro para cadenas O, X y Z-ring. F\u00e1cil aplicaci\u00f3n del spray.<\/p>\n<p><span style=\"color: #ff0000;\">LOS ENV\u00cdOS SON REALIZADOS VIA STARKEN, POR PAGAR<\/span><\/p>","protected":false},"excerpt":{"rendered":"<h1>CLEAN UP 507 ml<\/h1>\n<h2>MAXIMA<\/h2>","protected":false},"featured_media":4849,"comment_status":"open","ping_status":"closed","template":"","meta":{"_acf_changed":false},"product_brand":[472],"product_cat":[394,381,392,490],"product_tag":[],"class_list":{"0":"post-4850","1":"product","2":"type-product","3":"status-publish","4":"has-post-thumbnail","6":"product_brand-maximaracing","7":"product_cat-aceites-lubricantes","8":"product_cat-aceites-de-motor","9":"product_cat-lubricantes","10":"product_cat-repuestos","12":"first","13":"instock","14":"taxable","15":"shipping-taxable","16":"purchasable","17":"product-type-simple"},"acf":[],"_links":{"self":[{"href":"https:\/\/brammotors.cl\/es\/wp-json\/wp\/v2\/product\/4850","targetHints":{"allow":["GET"]}}],"collection":[{"href":"https:\/\/brammotors.cl\/es\/wp-json\/wp\/v2\/product"}],"about":[{"href":"https:\/\/brammotors.cl\/es\/wp-json\/wp\/v2\/types\/product"}],"replies":[{"embeddable":true,"href":"https:\/\/brammotors.cl\/es\/wp-json\/wp\/v2\/comments?post=4850"}],"wp:featuredmedia":[{"embeddable":true,"href":"https:\/\/brammotors.cl\/es\/wp-json\/wp\/v2\/media\/4849"}],"wp:attachment":[{"href":"https:\/\/brammotors.cl\/es\/wp-json\/wp\/v2\/media?parent=4850"}],"wp:term":[{"taxonomy":"product_brand","embeddable":true,"href":"https:\/\/brammotors.cl\/es\/wp-json\/wp\/v2\/product_brand?post=4850"},{"taxonomy":"product_cat","embeddable":true,"href":"https:\/\/brammotors.cl\/es\/wp-json\/wp\/v2\/product_cat?post=4850"},{"taxonomy":"product_tag","embeddable":true,"href":"https:\/\/brammotors.cl\/es\/wp-json\/wp\/v2\/product_tag?post=4850"}],"curies":[{"name":"wp","href":"https:\/\/api.w.org\/{rel}","templated":true}]}}