{"id":4852,"date":"2025-03-27T22:08:18","date_gmt":"2025-03-28T01:08:18","guid":{"rendered":"https:\/\/brammotors.cl\/product\/aceite-para-filtro-de-aire-fft-473-ml\/"},"modified":"2025-03-27T22:11:06","modified_gmt":"2025-03-28T01:11:06","slug":"aceite-para-filtro-de-aire-fft-473-ml","status":"publish","type":"product","link":"https:\/\/brammotors.cl\/es\/product\/aceite-para-filtro-de-aire-fft-473-ml\/","title":{"rendered":"Aceite para Filtro de Aire FFT 473 ml"},"content":{"rendered":"<p><strong>ACEITE PARA FILTROS DE AIRE\u00a0<\/strong><\/p>\n<p>Aceite sintetico para la preparacion de filtros de espuma de carrera que proporciona una protecci\u00f3n inigualable contra los elementos. A diferencia de otros aceites de filtro de espuma, la f\u00f3rmula probada por el tiempo de FFT no taponar\u00e1 las celdas de espuma ni migrar\u00e1 de los filtros. El recubrimiento protector atrapa la suciedad y el polvo fino sin restringir el flujo de aire. Te\u00f1ira tu filtro de aire de un azul oscuro para garantizar una cobertura uniforme en todas las superficies por dentro y por fuera. Resistente al agua. Lo ultimo en tecnologia en aceites de filtro de aire.<\/p>\n<p><span style=\"color: #ff0000;\">LOS ENV\u00cdOS SON REALIZADOS VIA STARKEN, POR PAGAR<\/span><\/p>","protected":false},"excerpt":{"rendered":"<h1>FFT 473 ml<\/h1>\n<h2>MAXIMA<\/h2>","protected":false},"featured_media":4851,"comment_status":"open","ping_status":"closed","template":"","meta":{"_acf_changed":false},"product_brand":[472],"product_cat":[394,381,392,490],"product_tag":[],"class_list":{"0":"post-4852","1":"product","2":"type-product","3":"status-publish","4":"has-post-thumbnail","6":"product_brand-maximaracing","7":"product_cat-aceites-lubricantes","8":"product_cat-aceites-de-motor","9":"product_cat-lubricantes","10":"product_cat-repuestos","12":"first","13":"instock","14":"taxable","15":"shipping-taxable","16":"purchasable","17":"product-type-simple"},"acf":[],"_links":{"self":[{"href":"https:\/\/brammotors.cl\/es\/wp-json\/wp\/v2\/product\/4852","targetHints":{"allow":["GET"]}}],"collection":[{"href":"https:\/\/brammotors.cl\/es\/wp-json\/wp\/v2\/product"}],"about":[{"href":"https:\/\/brammotors.cl\/es\/wp-json\/wp\/v2\/types\/product"}],"replies":[{"embeddable":true,"href":"https:\/\/brammotors.cl\/es\/wp-json\/wp\/v2\/comments?post=4852"}],"wp:featuredmedia":[{"embeddable":true,"href":"https:\/\/brammotors.cl\/es\/wp-json\/wp\/v2\/media\/4851"}],"wp:attachment":[{"href":"https:\/\/brammotors.cl\/es\/wp-json\/wp\/v2\/media?parent=4852"}],"wp:term":[{"taxonomy":"product_brand","embeddable":true,"href":"https:\/\/brammotors.cl\/es\/wp-json\/wp\/v2\/product_brand?post=4852"},{"taxonomy":"product_cat","embeddable":true,"href":"https:\/\/brammotors.cl\/es\/wp-json\/wp\/v2\/product_cat?post=4852"},{"taxonomy":"product_tag","embeddable":true,"href":"https:\/\/brammotors.cl\/es\/wp-json\/wp\/v2\/product_tag?post=4852"}],"curies":[{"name":"wp","href":"https:\/\/api.w.org\/{rel}","templated":true}]}}