{"id":4856,"date":"2025-03-27T22:08:21","date_gmt":"2025-03-28T01:08:21","guid":{"rendered":"https:\/\/brammotors.cl\/product\/grasa-de-alta-temperatura-waterproof-grease-454-gr\/"},"modified":"2025-03-27T22:11:06","modified_gmt":"2025-03-28T01:11:06","slug":"grasa-de-alta-temperatura-waterproof-grease-454-gr","status":"publish","type":"product","link":"https:\/\/brammotors.cl\/es\/product\/grasa-de-alta-temperatura-waterproof-grease-454-gr\/","title":{"rendered":"Grasa de Alta Temperatura Waterproof Grease 454 gr"},"content":{"rendered":"<p><strong>GRASA DE ALTA TEMPERATURA<\/strong><\/p>\n<p>Grasa avanzada de litio de alto rendimiento que sobresale en una multitud de condiciones, desde aplicaciones de chasis de servicio liviano hasta condiciones extremas, como en bujes de ruedas. Formulada con un alto punto de goteo y un sistema antioxidante robusto, la grasa NLGI Grado 2 permanece estable y efectiva a temperaturas extremas. El espesante complejo de litio y los aceites base de alta calidad se combinan con un paquete de aditivos avanzado para garantizar una excelente protecci\u00f3n contra el desgaste, el lavado con agua, la corrosi\u00f3n y la oxidaci\u00f3n.<\/p>\n<p><span style=\"color: #ff0000;\">LOS ENV\u00cdOS SON REALIZADOS VIA STARKEN, POR PAGAR<\/span><\/p>","protected":false},"excerpt":{"rendered":"<h1>WATERPROOF GREASE 454 gr<\/h1>\n<h2>MAXIMA<\/h2>","protected":false},"featured_media":4855,"comment_status":"open","ping_status":"closed","template":"","meta":{"_acf_changed":false},"product_brand":[472],"product_cat":[394,381,392,490],"product_tag":[],"class_list":{"0":"post-4856","1":"product","2":"type-product","3":"status-publish","4":"has-post-thumbnail","6":"product_brand-maximaracing","7":"product_cat-aceites-lubricantes","8":"product_cat-aceites-de-motor","9":"product_cat-lubricantes","10":"product_cat-repuestos","12":"first","13":"instock","14":"taxable","15":"shipping-taxable","16":"purchasable","17":"product-type-simple"},"acf":[],"_links":{"self":[{"href":"https:\/\/brammotors.cl\/es\/wp-json\/wp\/v2\/product\/4856","targetHints":{"allow":["GET"]}}],"collection":[{"href":"https:\/\/brammotors.cl\/es\/wp-json\/wp\/v2\/product"}],"about":[{"href":"https:\/\/brammotors.cl\/es\/wp-json\/wp\/v2\/types\/product"}],"replies":[{"embeddable":true,"href":"https:\/\/brammotors.cl\/es\/wp-json\/wp\/v2\/comments?post=4856"}],"wp:featuredmedia":[{"embeddable":true,"href":"https:\/\/brammotors.cl\/es\/wp-json\/wp\/v2\/media\/4855"}],"wp:attachment":[{"href":"https:\/\/brammotors.cl\/es\/wp-json\/wp\/v2\/media?parent=4856"}],"wp:term":[{"taxonomy":"product_brand","embeddable":true,"href":"https:\/\/brammotors.cl\/es\/wp-json\/wp\/v2\/product_brand?post=4856"},{"taxonomy":"product_cat","embeddable":true,"href":"https:\/\/brammotors.cl\/es\/wp-json\/wp\/v2\/product_cat?post=4856"},{"taxonomy":"product_tag","embeddable":true,"href":"https:\/\/brammotors.cl\/es\/wp-json\/wp\/v2\/product_tag?post=4856"}],"curies":[{"name":"wp","href":"https:\/\/api.w.org\/{rel}","templated":true}]}}