{"id":5009,"date":"2025-04-01T21:44:39","date_gmt":"2025-04-02T00:44:39","guid":{"rendered":"https:\/\/brammotors.cl\/product\/neumatico-technic-sport-90-90x18-tubular\/"},"modified":"2025-04-01T21:44:39","modified_gmt":"2025-04-02T00:44:39","slug":"neumatico-technic-sport-90-90x18-tubular","status":"publish","type":"product","link":"https:\/\/brammotors.cl\/es\/product\/neumatico-technic-sport-90-90x18-tubular\/","title":{"rendered":"Neum\u00e1tico Technic Sport 90\/90X18 (Tubular)"},"content":{"rendered":"<p><span style=\"font-size: 16px;\">TECHNIC se esfuerza por la mejora continua de su Sistema de Gesti\u00f3n de Calidad, Productos y Servicios a trav\u00e9s del Respeto al Medio Ambiente, la Valorizaci\u00f3n de las Actividades, el Compromiso de nuestros Empleados y Proveedores, con el fin de satisfacer las necesidades y expectativas de nuestros clientes.<\/span><\/p>\n<ul>\n<li>Neum\u00e1tico con dise\u00f1o deportivo e innovador.<\/li>\n<li>Excelente durabilidad, estabilidad y seguridad con alto confort y rendimiento.<\/li>\n<\/ul>","protected":false},"excerpt":{"rendered":"<h1>NEUM\u00c1TICO TECHNIC SPORT \u00a090\/90X18<\/h1>\n<h1>(TUBULAR)<\/h1>","protected":false},"featured_media":5003,"comment_status":"open","ping_status":"closed","template":"","meta":{"_acf_changed":false},"product_brand":[],"product_cat":[508,509,490],"product_tag":[],"class_list":{"0":"post-5009","1":"product","2":"type-product","3":"status-publish","4":"has-post-thumbnail","6":"product_cat-neumaticos-repuestos","7":"product_cat-neumaticos-technic","8":"product_cat-repuestos","10":"first","11":"instock","12":"taxable","13":"shipping-taxable","14":"purchasable","15":"product-type-simple"},"acf":[],"_links":{"self":[{"href":"https:\/\/brammotors.cl\/es\/wp-json\/wp\/v2\/product\/5009","targetHints":{"allow":["GET"]}}],"collection":[{"href":"https:\/\/brammotors.cl\/es\/wp-json\/wp\/v2\/product"}],"about":[{"href":"https:\/\/brammotors.cl\/es\/wp-json\/wp\/v2\/types\/product"}],"replies":[{"embeddable":true,"href":"https:\/\/brammotors.cl\/es\/wp-json\/wp\/v2\/comments?post=5009"}],"wp:featuredmedia":[{"embeddable":true,"href":"https:\/\/brammotors.cl\/es\/wp-json\/wp\/v2\/media\/5003"}],"wp:attachment":[{"href":"https:\/\/brammotors.cl\/es\/wp-json\/wp\/v2\/media?parent=5009"}],"wp:term":[{"taxonomy":"product_brand","embeddable":true,"href":"https:\/\/brammotors.cl\/es\/wp-json\/wp\/v2\/product_brand?post=5009"},{"taxonomy":"product_cat","embeddable":true,"href":"https:\/\/brammotors.cl\/es\/wp-json\/wp\/v2\/product_cat?post=5009"},{"taxonomy":"product_tag","embeddable":true,"href":"https:\/\/brammotors.cl\/es\/wp-json\/wp\/v2\/product_tag?post=5009"}],"curies":[{"name":"wp","href":"https:\/\/api.w.org\/{rel}","templated":true}]}}