{"id":5014,"date":"2025-04-01T21:44:44","date_gmt":"2025-04-02T00:44:44","guid":{"rendered":"https:\/\/brammotors.cl\/product\/neumatico-technic-tc-dual-110-90x17\/"},"modified":"2025-04-01T21:44:44","modified_gmt":"2025-04-02T00:44:44","slug":"neumatico-technic-tc-dual-110-90x17","status":"publish","type":"product","link":"https:\/\/brammotors.cl\/es\/product\/neumatico-technic-tc-dual-110-90x17\/","title":{"rendered":"Neum\u00e1tico Technic T&#038;C Dual 110\/90X17"},"content":{"rendered":"<p>TECHNIC se esfuerza por la mejora continua de su Sistema de Gesti\u00f3n de Calidad, Productos y Servicios a trav\u00e9s del Respeto al Medio Ambiente, la Valorizaci\u00f3n de las Actividades, el Compromiso de nuestros Empleados y Proveedores, con el fin de satisfacer las necesidades y expectativas de nuestros clientes.<\/p>\n<ul>\n<li>Neum\u00e1tico desarrollado con el concepto On\/Off.<\/li>\n<li>Excelente estabilidad y seguridad con alto confort y mejor manejo.<\/li>\n<\/ul>","protected":false},"excerpt":{"rendered":"<h1>NEUM\u00c1TICO TECHNIC T&amp;C DUAL 110\/90X17<\/h1>","protected":false},"featured_media":5013,"comment_status":"open","ping_status":"closed","template":"","meta":{"_acf_changed":false},"product_brand":[],"product_cat":[508,509,490],"product_tag":[],"class_list":{"0":"post-5014","1":"product","2":"type-product","3":"status-publish","4":"has-post-thumbnail","6":"product_cat-neumaticos-repuestos","7":"product_cat-neumaticos-technic","8":"product_cat-repuestos","10":"first","11":"instock","12":"taxable","13":"shipping-taxable","14":"purchasable","15":"product-type-simple"},"acf":[],"_links":{"self":[{"href":"https:\/\/brammotors.cl\/es\/wp-json\/wp\/v2\/product\/5014","targetHints":{"allow":["GET"]}}],"collection":[{"href":"https:\/\/brammotors.cl\/es\/wp-json\/wp\/v2\/product"}],"about":[{"href":"https:\/\/brammotors.cl\/es\/wp-json\/wp\/v2\/types\/product"}],"replies":[{"embeddable":true,"href":"https:\/\/brammotors.cl\/es\/wp-json\/wp\/v2\/comments?post=5014"}],"wp:featuredmedia":[{"embeddable":true,"href":"https:\/\/brammotors.cl\/es\/wp-json\/wp\/v2\/media\/5013"}],"wp:attachment":[{"href":"https:\/\/brammotors.cl\/es\/wp-json\/wp\/v2\/media?parent=5014"}],"wp:term":[{"taxonomy":"product_brand","embeddable":true,"href":"https:\/\/brammotors.cl\/es\/wp-json\/wp\/v2\/product_brand?post=5014"},{"taxonomy":"product_cat","embeddable":true,"href":"https:\/\/brammotors.cl\/es\/wp-json\/wp\/v2\/product_cat?post=5014"},{"taxonomy":"product_tag","embeddable":true,"href":"https:\/\/brammotors.cl\/es\/wp-json\/wp\/v2\/product_tag?post=5014"}],"curies":[{"name":"wp","href":"https:\/\/api.w.org\/{rel}","templated":true}]}}