{"id":5076,"date":"2025-04-01T21:45:31","date_gmt":"2025-04-02T00:45:31","guid":{"rendered":"https:\/\/brammotors.cl\/product\/neumatico-technic-iron-130-90x15-tubular\/"},"modified":"2025-04-01T21:45:31","modified_gmt":"2025-04-02T00:45:31","slug":"neumatico-technic-iron-130-90x15-tubular","status":"publish","type":"product","link":"https:\/\/brammotors.cl\/es\/product\/neumatico-technic-iron-130-90x15-tubular\/","title":{"rendered":"Neum\u00e1tico Technic Iron 130\/90X15 (Tubular)"},"content":{"rendered":"<p>TECHNIC se esfuerza por la mejora continua de su Sistema de Gesti\u00f3n de Calidad, Productos y Servicios a trav\u00e9s del Respeto al Medio Ambiente, la Valorizaci\u00f3n de las Actividades, el Compromiso de nuestros Empleados y Proveedores, con el fin de satisfacer las necesidades y expectativas de nuestros clientes.<\/p>\n<ul>\n<li>\u00a1La calidad que conoces en un nuevo dise\u00f1o!<\/li>\n<li>Neum\u00e1tico desarrollado para motocicletas Custom.<\/li>\n<li>Excelente estabilidad a cualquier velocidad, alta durabilidad, rendimiento y manejabilidad.<\/li>\n<\/ul>\n<p>&nbsp;<\/p>","protected":false},"excerpt":{"rendered":"<h1>NEUM\u00c1TICO TECHNIC IRON \u00a0130\/90X15<\/h1>\n<h1>(TUBULAR)<\/h1>","protected":false},"featured_media":5075,"comment_status":"open","ping_status":"closed","template":"","meta":{"_acf_changed":false},"product_brand":[],"product_cat":[508,509,490],"product_tag":[],"class_list":{"0":"post-5076","1":"product","2":"type-product","3":"status-publish","4":"has-post-thumbnail","6":"product_cat-neumaticos-repuestos","7":"product_cat-neumaticos-technic","8":"product_cat-repuestos","10":"first","11":"instock","12":"taxable","13":"shipping-taxable","14":"purchasable","15":"product-type-simple"},"acf":[],"_links":{"self":[{"href":"https:\/\/brammotors.cl\/es\/wp-json\/wp\/v2\/product\/5076","targetHints":{"allow":["GET"]}}],"collection":[{"href":"https:\/\/brammotors.cl\/es\/wp-json\/wp\/v2\/product"}],"about":[{"href":"https:\/\/brammotors.cl\/es\/wp-json\/wp\/v2\/types\/product"}],"replies":[{"embeddable":true,"href":"https:\/\/brammotors.cl\/es\/wp-json\/wp\/v2\/comments?post=5076"}],"wp:featuredmedia":[{"embeddable":true,"href":"https:\/\/brammotors.cl\/es\/wp-json\/wp\/v2\/media\/5075"}],"wp:attachment":[{"href":"https:\/\/brammotors.cl\/es\/wp-json\/wp\/v2\/media?parent=5076"}],"wp:term":[{"taxonomy":"product_brand","embeddable":true,"href":"https:\/\/brammotors.cl\/es\/wp-json\/wp\/v2\/product_brand?post=5076"},{"taxonomy":"product_cat","embeddable":true,"href":"https:\/\/brammotors.cl\/es\/wp-json\/wp\/v2\/product_cat?post=5076"},{"taxonomy":"product_tag","embeddable":true,"href":"https:\/\/brammotors.cl\/es\/wp-json\/wp\/v2\/product_tag?post=5076"}],"curies":[{"name":"wp","href":"https:\/\/api.w.org\/{rel}","templated":true}]}}