{"id":5083,"date":"2025-04-01T21:45:34","date_gmt":"2025-04-02T00:45:34","guid":{"rendered":"https:\/\/brammotors.cl\/product\/top-benelli-180s\/"},"modified":"2025-04-01T21:45:34","modified_gmt":"2025-04-02T00:45:34","slug":"top-benelli-180s","status":"publish","type":"product","link":"https:\/\/brammotors.cl\/es\/product\/top-benelli-180s\/","title":{"rendered":"TOP BENELLI 180S"},"content":{"rendered":"<p><strong>VENTAJAS<\/strong><\/p>\n<ul>\n<li>Rendimiento hasta 40% mayor comparado a un kit en acero 1045 con cadena sin retenedores.<\/li>\n<li>M\u00e1s econom\u00eda, seguridad y valorizaci\u00f3n de su tiempo.<\/li>\n<li>Contiene cadena con retenedores (O\u2019RING).<\/li>\n<li>Aplicaci\u00f3n para motocicletas de baja y media cilindraje.<\/li>\n<\/ul>\n<p><span style=\"color: #ff0000;\"><strong>LOS ENV\u00cdOS SON REALIZADOS VIA STARKEN, POR PAGAR<\/strong><\/span><\/p>","protected":false},"excerpt":{"rendered":"<h1>TOP RIFFEL BENELLI 180S<\/h1>\n<h2>46T \/ 13Z<\/h2>","protected":false},"featured_media":4979,"comment_status":"open","ping_status":"closed","template":"","meta":{"_acf_changed":false},"product_brand":[],"product_cat":[505,490],"product_tag":[],"class_list":{"0":"post-5083","1":"product","2":"type-product","3":"status-publish","4":"has-post-thumbnail","6":"product_cat-kit-de-transmision","7":"product_cat-repuestos","9":"first","10":"instock","11":"taxable","12":"shipping-taxable","13":"purchasable","14":"product-type-simple"},"acf":[],"_links":{"self":[{"href":"https:\/\/brammotors.cl\/es\/wp-json\/wp\/v2\/product\/5083","targetHints":{"allow":["GET"]}}],"collection":[{"href":"https:\/\/brammotors.cl\/es\/wp-json\/wp\/v2\/product"}],"about":[{"href":"https:\/\/brammotors.cl\/es\/wp-json\/wp\/v2\/types\/product"}],"replies":[{"embeddable":true,"href":"https:\/\/brammotors.cl\/es\/wp-json\/wp\/v2\/comments?post=5083"}],"wp:featuredmedia":[{"embeddable":true,"href":"https:\/\/brammotors.cl\/es\/wp-json\/wp\/v2\/media\/4979"}],"wp:attachment":[{"href":"https:\/\/brammotors.cl\/es\/wp-json\/wp\/v2\/media?parent=5083"}],"wp:term":[{"taxonomy":"product_brand","embeddable":true,"href":"https:\/\/brammotors.cl\/es\/wp-json\/wp\/v2\/product_brand?post=5083"},{"taxonomy":"product_cat","embeddable":true,"href":"https:\/\/brammotors.cl\/es\/wp-json\/wp\/v2\/product_cat?post=5083"},{"taxonomy":"product_tag","embeddable":true,"href":"https:\/\/brammotors.cl\/es\/wp-json\/wp\/v2\/product_tag?post=5083"}],"curies":[{"name":"wp","href":"https:\/\/api.w.org\/{rel}","templated":true}]}}