{"id":5125,"date":"2025-04-01T21:46:03","date_gmt":"2025-04-02T00:46:03","guid":{"rendered":"https:\/\/brammotors.cl\/product\/carbon-bmw-f850gs-f750\/"},"modified":"2025-04-01T21:46:04","modified_gmt":"2025-04-02T00:46:04","slug":"carbon-bmw-f850gs-f750","status":"publish","type":"product","link":"https:\/\/brammotors.cl\/es\/product\/carbon-bmw-f850gs-f750\/","title":{"rendered":"CARBON BMW F850GS\/F750"},"content":{"rendered":"<h5><b>\u00bfPOR QU\u00c9 ELEGIR EL KIT CARBON?<\/b><\/h5>\n<p>El tan esperado Kit Riffel Carbon ha sido desarrollado para asegurar que las motocicletas de alta cilindrada rueden con mayor seguridad, menos ruido y mayor eficiencia.<\/p>\n<p>Las piezas son producidas con tecnolog\u00eda de las originales y el ajuste es perfecto, con la calidad que solo Riffel puede ofrecer para tu moto.<\/p>\n<p>La corona est\u00e1 fabricada en acero carbono 1045 y pasa por zincado trivalente, lo que garantiza mayor resistencia a la oxidaci\u00f3n, la misma tecnolog\u00eda utilizada por los fabricantes.<\/p>\n<p>El pi\u00f1\u00f3n, por su parte, est\u00e1 fabricado en acero 20CrMnTi: material con alto contenido de cromo y manganeso que proporciona alta dureza y resistencia al desgaste despu\u00e9s de cementaci\u00f3n, templado y revenido. El acabado es ennegrecido y con aceite protector secante, garantizando mayor resistencia a la oxidaci\u00f3n y una apariencia diferenciada.<\/p>\n<p>&nbsp;<\/p>\n<h5><b>VENTAJAS:<\/b><\/h5>\n<ul>\n<li>Materia prima certificada, proporcionando larga durabilidad y alta resistencia.<\/li>\n<li>Con la misma tecnolog\u00eda utilizada por los fabricantes.<\/li>\n<li>Dimensiones precisas para el ajuste perfecto del conjunto, menor ruido y m\u00e1ximo rendimiento.<\/li>\n<\/ul>","protected":false},"excerpt":{"rendered":"<h1>KIT CARBON RIFFEL BMW F850GS\/F750<\/h1>\n<h2>44T\/17Z (SIN CADENA) 525<\/h2>","protected":false},"featured_media":5117,"comment_status":"open","ping_status":"closed","template":"","meta":{"_acf_changed":false},"product_brand":[],"product_cat":[505,490],"product_tag":[],"class_list":{"0":"post-5125","1":"product","2":"type-product","3":"status-publish","4":"has-post-thumbnail","6":"product_cat-kit-de-transmision","7":"product_cat-repuestos","9":"first","10":"instock","11":"taxable","12":"shipping-taxable","13":"purchasable","14":"product-type-simple"},"acf":[],"_links":{"self":[{"href":"https:\/\/brammotors.cl\/es\/wp-json\/wp\/v2\/product\/5125","targetHints":{"allow":["GET"]}}],"collection":[{"href":"https:\/\/brammotors.cl\/es\/wp-json\/wp\/v2\/product"}],"about":[{"href":"https:\/\/brammotors.cl\/es\/wp-json\/wp\/v2\/types\/product"}],"replies":[{"embeddable":true,"href":"https:\/\/brammotors.cl\/es\/wp-json\/wp\/v2\/comments?post=5125"}],"wp:featuredmedia":[{"embeddable":true,"href":"https:\/\/brammotors.cl\/es\/wp-json\/wp\/v2\/media\/5117"}],"wp:attachment":[{"href":"https:\/\/brammotors.cl\/es\/wp-json\/wp\/v2\/media?parent=5125"}],"wp:term":[{"taxonomy":"product_brand","embeddable":true,"href":"https:\/\/brammotors.cl\/es\/wp-json\/wp\/v2\/product_brand?post=5125"},{"taxonomy":"product_cat","embeddable":true,"href":"https:\/\/brammotors.cl\/es\/wp-json\/wp\/v2\/product_cat?post=5125"},{"taxonomy":"product_tag","embeddable":true,"href":"https:\/\/brammotors.cl\/es\/wp-json\/wp\/v2\/product_tag?post=5125"}],"curies":[{"name":"wp","href":"https:\/\/api.w.org\/{rel}","templated":true}]}}