{"id":5173,"date":"2025-04-20T22:44:48","date_gmt":"2025-04-21T01:44:48","guid":{"rendered":"https:\/\/brammotors.cl\/?post_type=product&#038;p=5173"},"modified":"2025-04-20T22:44:53","modified_gmt":"2025-04-21T01:44:53","slug":"aceite-de-moto-10w50-4t-liqui-moly-street-race-1lt","status":"publish","type":"product","link":"https:\/\/brammotors.cl\/es\/product\/aceite-de-moto-10w50-4t-liqui-moly-street-race-1lt\/","title":{"rendered":"ACEITE DE MOTO 10W50 4T LIQUI MOLY STREET RACE 1LT."},"content":{"rendered":"<p>Aceite de motor sint\u00e9tico de alto rendimiento.<\/p>\n<p>M\u00e1xima potencia y \u00f3ptima protecci\u00f3n del motor en todas las condiciones de servicio.<\/p>\n<p>Convence con una lubricaci\u00f3n \u00f3ptima, una excelente limpieza del motor, un coeficiente de fricci\u00f3n sobresaliente y un desgaste m\u00ednimo.<\/p>\n<p>Garantiza procesos suaves de embrague, desembrague y cambios de marchas, lo que aumenta claramente el placer de conducci\u00f3n.<\/p>\n<p>Sometido a prueba en catalizadores y en circuitos.<\/p>\n<p>&nbsp;<\/p>\n<p style=\"text-align: center;\">Contenido Neto: 1 L<\/p>\n<p style=\"text-align: center;\">Tipo Aceite: SINTETICO<\/p>\n<p style=\"text-align: center;\">Procedencia: ALEMANIA<\/p>\n<p style=\"text-align: center;\">Certificaciones: API SN Plus JASO MA2<\/p>\n<p style=\"text-align: center;\">Grado: 10W-50<\/p>","protected":false},"excerpt":{"rendered":"<p>Aceite de motor sint\u00e9tico de alto rendimiento. M\u00e1xima potencia y \u00f3ptima protecci\u00f3n del motor en todas las condiciones de servicio. Convence con una lubricaci\u00f3n \u00f3ptima, una excelente limpieza del motor, un coeficiente de fricci\u00f3n sobresaliente y un desgaste m\u00ednimo. Garantiza procesos suaves de embrague, desembrague y cambios de marchas, lo que aumenta claramente el placer [&hellip;]<\/p>\n","protected":false},"featured_media":5193,"comment_status":"open","ping_status":"closed","template":"","meta":{"_acf_changed":false},"product_brand":[],"product_cat":[394,381],"product_tag":[],"class_list":{"0":"post-5173","1":"product","2":"type-product","3":"status-publish","4":"has-post-thumbnail","6":"product_cat-aceites-lubricantes","7":"product_cat-aceites-de-motor","9":"first","10":"instock","11":"taxable","12":"shipping-taxable","13":"purchasable","14":"product-type-simple"},"acf":[],"_links":{"self":[{"href":"https:\/\/brammotors.cl\/es\/wp-json\/wp\/v2\/product\/5173","targetHints":{"allow":["GET"]}}],"collection":[{"href":"https:\/\/brammotors.cl\/es\/wp-json\/wp\/v2\/product"}],"about":[{"href":"https:\/\/brammotors.cl\/es\/wp-json\/wp\/v2\/types\/product"}],"replies":[{"embeddable":true,"href":"https:\/\/brammotors.cl\/es\/wp-json\/wp\/v2\/comments?post=5173"}],"wp:featuredmedia":[{"embeddable":true,"href":"https:\/\/brammotors.cl\/es\/wp-json\/wp\/v2\/media\/5193"}],"wp:attachment":[{"href":"https:\/\/brammotors.cl\/es\/wp-json\/wp\/v2\/media?parent=5173"}],"wp:term":[{"taxonomy":"product_brand","embeddable":true,"href":"https:\/\/brammotors.cl\/es\/wp-json\/wp\/v2\/product_brand?post=5173"},{"taxonomy":"product_cat","embeddable":true,"href":"https:\/\/brammotors.cl\/es\/wp-json\/wp\/v2\/product_cat?post=5173"},{"taxonomy":"product_tag","embeddable":true,"href":"https:\/\/brammotors.cl\/es\/wp-json\/wp\/v2\/product_tag?post=5173"}],"curies":[{"name":"wp","href":"https:\/\/api.w.org\/{rel}","templated":true}]}}