{"id":5174,"date":"2025-04-20T22:44:49","date_gmt":"2025-04-21T01:44:49","guid":{"rendered":"https:\/\/brammotors.cl\/?post_type=product&#038;p=5174"},"modified":"2025-04-20T22:44:56","modified_gmt":"2025-04-21T01:44:56","slug":"aceite-de-moto-20w50-4t-liqui-moly-hd-synth-1lt","status":"publish","type":"product","link":"https:\/\/brammotors.cl\/es\/product\/aceite-de-moto-20w50-4t-liqui-moly-hd-synth-1lt\/","title":{"rendered":"ACEITE DE MOTO 20W50 4T LIQUI MOLY HD SYNTH 1LT."},"content":{"rendered":"<div class=\"productDescription\">Aceite de motor sint\u00e9tico dise\u00f1ado para el uso en motores de motocicletas de cuatro tiempos con refrigeraci\u00f3n de aire y agua, especialmente en Harley Davidson.<\/div>\n<div class=\"productDescription\">Los aceites b\u00e1sicos seleccionados y los aditivos de alta calidad proporcionan una lubricaci\u00f3n \u00f3ptima, una excelente limpieza del motor y unos valores de fricci\u00f3n sobresalientes en todas las condiciones de servicio.<\/div>\n<div id=\"caracteristicas\"><\/div>\n<div style=\"text-align: center;\">Contenido Neto: 1 L<\/div>\n<div style=\"text-align: center;\">Tipo Aceite: SINTETICO<\/div>\n<div style=\"text-align: center;\">Procedencia: ALEMANIA<\/div>\n<div style=\"text-align: center;\">Certificaciones: API SN Plus &#8211; JASO MA2<\/div>\n<div style=\"text-align: center;\">Grado: 20W-50<\/div>","protected":false},"excerpt":{"rendered":"<p>Aceite de motor sint\u00e9tico dise\u00f1ado para el uso en motores de motocicletas de cuatro tiempos con refrigeraci\u00f3n de aire y agua, especialmente en Harley Davidson. Los aceites b\u00e1sicos seleccionados y los aditivos de alta calidad proporcionan una lubricaci\u00f3n \u00f3ptima, una excelente limpieza del motor y unos valores de fricci\u00f3n sobresalientes en todas las condiciones de [&hellip;]<\/p>\n","protected":false},"featured_media":5194,"comment_status":"open","ping_status":"closed","template":"","meta":{"_acf_changed":false},"product_brand":[],"product_cat":[394,381],"product_tag":[],"class_list":{"0":"post-5174","1":"product","2":"type-product","3":"status-publish","4":"has-post-thumbnail","6":"product_cat-aceites-lubricantes","7":"product_cat-aceites-de-motor","9":"first","10":"instock","11":"taxable","12":"shipping-taxable","13":"purchasable","14":"product-type-simple"},"acf":[],"_links":{"self":[{"href":"https:\/\/brammotors.cl\/es\/wp-json\/wp\/v2\/product\/5174","targetHints":{"allow":["GET"]}}],"collection":[{"href":"https:\/\/brammotors.cl\/es\/wp-json\/wp\/v2\/product"}],"about":[{"href":"https:\/\/brammotors.cl\/es\/wp-json\/wp\/v2\/types\/product"}],"replies":[{"embeddable":true,"href":"https:\/\/brammotors.cl\/es\/wp-json\/wp\/v2\/comments?post=5174"}],"wp:featuredmedia":[{"embeddable":true,"href":"https:\/\/brammotors.cl\/es\/wp-json\/wp\/v2\/media\/5194"}],"wp:attachment":[{"href":"https:\/\/brammotors.cl\/es\/wp-json\/wp\/v2\/media?parent=5174"}],"wp:term":[{"taxonomy":"product_brand","embeddable":true,"href":"https:\/\/brammotors.cl\/es\/wp-json\/wp\/v2\/product_brand?post=5174"},{"taxonomy":"product_cat","embeddable":true,"href":"https:\/\/brammotors.cl\/es\/wp-json\/wp\/v2\/product_cat?post=5174"},{"taxonomy":"product_tag","embeddable":true,"href":"https:\/\/brammotors.cl\/es\/wp-json\/wp\/v2\/product_tag?post=5174"}],"curies":[{"name":"wp","href":"https:\/\/api.w.org\/{rel}","templated":true}]}}